{"id":4199,"date":"2019-04-25T13:19:39","date_gmt":"2019-04-25T10:19:39","guid":{"rendered":"https:\/\/www.ircica.org\/%d8%a7%d8%aa%d8%b5%d9%84"},"modified":"2022-02-03T14:44:55","modified_gmt":"2022-02-03T11:44:55","slug":"%d8%aa%d9%88%d8%a7%d8%b5%d9%84-%d9%85%d8%b9%d9%86%d8%a7","status":"publish","type":"page","link":"https:\/\/www.ircica.org\/ar\/%D8%AA%D9%88%D8%A7%D8%B5%D9%84-%D9%85%D8%B9%D9%86%D8%A7","title":{"rendered":"\u0627\u062a\u0635\u0644"},"content":{"rendered":"\t\t<div data-elementor-type=\"wp-page\" data-elementor-id=\"4199\" class=\"elementor elementor-4199 elementor-3344\" data-elementor-post-type=\"page\">\n\t\t\t\t\t\t<div class=\"elementor-inner\">\n\t\t\t\t<div class=\"elementor-section-wrap\">\n\t\t\t\t\t\t\t\t\t<section class=\"penci-section penci-disSticky penci-structure-10 elementor-section elementor-top-section elementor-element elementor-element-4e7d97d6 elementor-section-full_width elementor-section-height-default elementor-section-height-default\" data-id=\"4e7d97d6\" data-element_type=\"section\">\n\t\t\t\t\t\t<div class=\"elementor-container elementor-column-gap-no\">\n\t\t\t\t\t\t\t<div class=\"elementor-row\">\n\t\t\t\t\t<div class=\"penci-ercol-100 penci-ercol-order-1 penci-sticky-ct    elementor-column elementor-col-100 elementor-top-column elementor-element elementor-element-456e748\" data-id=\"456e748\" data-element_type=\"column\">\n\t\t\t<div class=\"theiaStickySidebar elementor-column-wrap elementor-element-populated\">\n\t\t\t\t\t\t\t<div class=\"elementor-widget-wrap\">\n\t\t\t\t\t\t<div class=\"elementor-element elementor-element-6a7779e elementor-widget elementor-widget-penci-map\" data-id=\"6a7779e\" data-element_type=\"widget\" data-widget_type=\"penci-map.default\">\n\t\t\t\t<div class=\"elementor-widget-container\">\n\t\t\t<iframe style=\"width:100%;height:500px\" id=\"penci_map_95906\" class=\"penci-block-vc penci-lazy no-api\" data-src=\"https:\/\/maps.google.com\/maps?q=IRCICA&#038;t=m&#038;z=15&#038;output=embed&#038;iwloc=near&#038;maptype=road\"><\/iframe>\t\t<\/div>\n\t\t\t\t<\/div>\n\t\t\t\t<div class=\"elementor-element elementor-element-24fa2829 elementor-widget elementor-widget-text-editor\" data-id=\"24fa2829\" data-element_type=\"widget\" data-widget_type=\"text-editor.default\">\n\t\t\t\t<div class=\"elementor-widget-container\">\n\t\t\t<style>\/*! elementor - v3.18.0 - 20-12-2023 *\/\n.elementor-widget-text-editor.elementor-drop-cap-view-stacked .elementor-drop-cap{background-color:#69727d;color:#fff}.elementor-widget-text-editor.elementor-drop-cap-view-framed .elementor-drop-cap{color:#69727d;border:3px solid;background-color:transparent}.elementor-widget-text-editor:not(.elementor-drop-cap-view-default) .elementor-drop-cap{margin-top:8px}.elementor-widget-text-editor:not(.elementor-drop-cap-view-default) .elementor-drop-cap-letter{width:1em;height:1em}.elementor-widget-text-editor .elementor-drop-cap{float:left;text-align:center;line-height:1;font-size:50px}.elementor-widget-text-editor .elementor-drop-cap-letter{display:inline-block}<\/style>\t\t\t\t\t<div class=\"elementor-text-editor elementor-clearfix\">\n\t\t\t\t<p><strong>\u0645\u0631\u0643\u0632 \u0627\u0644\u0623\u0628\u062d\u0627\u062b \u0644\u0644\u062a\u0627\u0631\u064a\u062e \u0648\u0627\u0644\u0641\u0646\u0648\u0646 \u0648\u0627\u0644\u062b\u0642\u0627\u0641\u0629 \u0627\u0644\u0625\u0633\u0644\u0627\u0645\u064a\u0629 (\u0625\u0631\u0633\u064a\u0643\u0627)<\/strong><\/p>\n<p><strong>\u0627\u0644\u0639\u0646\u0648\u0627\u0646<\/strong> :Hoca Pa\u015fa Mahallesi, Alemdar Caddesi, No. 15, B\u00e2b\u0131\u00e2l\u00ee Giri\u015fi Ca\u011falo\u011flu, 34110 Fatih \u0130stanbul \/ T\u00fcrkiye<br><b>\u0627\u0644\u0647\u0627\u062a\u0641:<\/b>&nbsp; 00902124020000<br><span style=\"text-align: inherit;\"><b>\u0627\u0644\u0641\u0627\u0643\u0633<\/b><b style=\"color: inherit; font-family: inherit; font-size: inherit; font-style: inherit; font-variant-ligatures: inherit; font-variant-caps: inherit;\">:<\/b><\/span><span style=\"color: inherit; font-family: inherit; font-size: inherit; text-align: inherit; font-style: inherit; font-variant-ligatures: inherit; font-variant-caps: inherit;\"><span style=\"font-weight: inherit;\">&nbsp;&nbsp;&nbsp; 00902122584365<\/span><br><\/span><strong style=\"color: inherit; font-family: inherit; font-size: inherit; text-align: inherit; font-style: inherit; font-variant-ligatures: inherit; font-variant-caps: inherit;\">\u0627\u0644\u0628\u0631\u064a\u062f \u0627\u0644\u0625\u0644\u0643\u062a\u0631\u0648\u0646\u064a<\/strong><strong style=\"color: inherit; font-family: inherit; font-size: inherit; text-align: inherit; font-style: inherit; font-variant-ligatures: inherit; font-variant-caps: inherit;\">:&nbsp;&nbsp; <\/strong><span style=\"color: inherit; font-family: inherit; font-size: inherit; font-weight: inherit; text-align: inherit; font-style: inherit; font-variant-ligatures: inherit; font-variant-caps: inherit;\"><span style=\"display:inline;unicode-bidi:bidi-override;direction:rtl;\" class=\"\">gro.acicri<span style=\"display:none;\">obfsctd-7893d2<\/span>&#64;acicri<\/span><\/span><\/p>\n\n<div class=\"wpcf7 no-js\" id=\"wpcf7-f4265-o1\" lang=\"en-US\" dir=\"ltr\" data-wpcf7-id=\"4265\">\n<div class=\"screen-reader-response\"><p role=\"status\" aria-live=\"polite\" aria-atomic=\"true\"><\/p> <ul><\/ul><\/div>\n<form action=\"\/ar\/wp-json\/wp\/v2\/pages\/4199#wpcf7-f4265-o1\" method=\"post\" class=\"wpcf7-form init\" aria-label=\"Contact form\" novalidate=\"novalidate\" data-status=\"init\">\n<fieldset class=\"hidden-fields-container\"><input type=\"hidden\" name=\"_wpcf7\" value=\"4265\" \/><input type=\"hidden\" name=\"_wpcf7_version\" value=\"6.1\" \/><input type=\"hidden\" name=\"_wpcf7_locale\" value=\"en_US\" \/><input type=\"hidden\" name=\"_wpcf7_unit_tag\" value=\"wpcf7-f4265-o1\" \/><input type=\"hidden\" name=\"_wpcf7_container_post\" value=\"0\" \/><input type=\"hidden\" name=\"_wpcf7_posted_data_hash\" value=\"\" \/><input type=\"hidden\" name=\"_wpcf7_recaptcha_response\" value=\"\" \/>\n<\/fieldset>\n<p class=\"name\"><span class=\"wpcf7-form-control-wrap\" data-name=\"your-name\"><input size=\"40\" maxlength=\"400\" class=\"wpcf7-form-control wpcf7-text wpcf7-validates-as-required\" aria-required=\"true\" aria-invalid=\"false\" placeholder=\"\u0627\u0644\u0625\u0633\u0645 \u0648\u0627\u0644\u0644\u0642\u0628*\" value=\"\" type=\"text\" name=\"your-name\" \/><\/span>\n<\/p>\n<p class=\"email\"><span class=\"wpcf7-form-control-wrap\" data-name=\"your-email\"><input size=\"40\" maxlength=\"400\" class=\"wpcf7-form-control wpcf7-email wpcf7-validates-as-required wpcf7-text wpcf7-validates-as-email\" aria-required=\"true\" aria-invalid=\"false\" placeholder=\"\u0627\u0644\u0628\u0631\u064a\u062f \u0627\u0644\u0625\u0644\u0643\u062a\u0631\u0648\u0646\u064a*\" value=\"\" type=\"email\" name=\"your-email\" \/><\/span>\n<\/p>\n<p class=\"subject\"><span class=\"wpcf7-form-control-wrap\" data-name=\"your-subject\"><input size=\"40\" maxlength=\"400\" class=\"wpcf7-form-control wpcf7-text\" aria-invalid=\"false\" placeholder=\"\u0627\u0644\u0645\u0648\u0636\u0648\u0639\" value=\"\" type=\"text\" name=\"your-subject\" \/><\/span>\n<\/p>\n<p class=\"message\"><span class=\"wpcf7-form-control-wrap\" data-name=\"your-message\"><textarea cols=\"40\" rows=\"10\" maxlength=\"2000\" class=\"wpcf7-form-control wpcf7-textarea wpcf7-validates-as-required\" aria-required=\"true\" aria-invalid=\"false\" placeholder=\"\u0646\u0635\u0651 \u0627\u0644\u0631\u0633\u0627\u0644\u0629*\" name=\"your-message\"><\/textarea><\/span>\n<\/p>\n<p class=\"submit\"><input class=\"wpcf7-form-control wpcf7-submit has-spinner\" type=\"submit\" value=\"\u0625\u0631\u0633\u0627\u0644\" \/>\n<\/p><p style=\"display: none !important;\" class=\"akismet-fields-container\" data-prefix=\"_wpcf7_ak_\"><label>&#916;<textarea name=\"_wpcf7_ak_hp_textarea\" cols=\"45\" rows=\"8\" maxlength=\"100\"><\/textarea><\/label><input type=\"hidden\" id=\"ak_js_1\" name=\"_wpcf7_ak_js\" value=\"245\"\/><script>document.getElementById( \"ak_js_1\" ).setAttribute( \"value\", ( new Date() ).getTime() );<\/script><\/p><div class=\"wpcf7-response-output\" aria-hidden=\"true\"><\/div>\n<\/form>\n<\/div>\n\t\t\t\t\t<\/div>\n\t\t\t\t\t\t<\/div>\n\t\t\t\t<\/div>\n\t\t\t\t\t\t<\/div>\n\t\t\t\t\t<\/div>\n\t\t<\/div>\n\t\t\t\t\t\t\t\t<\/div>\n\t\t\t\t\t<\/div>\n\t\t<\/section>\n\t\t\t\t\t\t\t\t\t<\/div>\n\t\t\t<\/div>\n\t\t\t\t\t<\/div>\n\t\t","protected":false},"excerpt":{"rendered":"<p>\u0645\u0631\u0643\u0632 \u0627\u0644\u0623\u0628\u062d\u0627\u062b \u0644\u0644\u062a\u0627\u0631\u064a\u062e \u0648\u0627\u0644\u0641\u0646\u0648\u0646 \u0648\u0627\u0644\u062b\u0642\u0627\u0641\u0629 \u0627\u0644\u0625\u0633\u0644\u0627\u0645\u064a\u0629 (\u0625\u0631\u0633\u064a\u0643\u0627) \u0627\u0644\u0639\u0646\u0648\u0627\u0646 :Hoca Pa\u015fa Mahallesi, Alemdar Caddesi, No. 15, B\u00e2b\u0131\u00e2l\u00ee Giri\u015fi Ca\u011falo\u011flu, 34110 Fatih \u0130stanbul \/ T\u00fcrkiye\u0627\u0644\u0647\u0627\u062a\u0641:&nbsp; 00902124020000\u0627\u0644\u0641\u0627\u0643\u0633:&nbsp;&nbsp;&nbsp; 00902122584365\u0627\u0644\u0628\u0631\u064a\u062f \u0627\u0644\u0625\u0644\u0643\u062a\u0631\u0648\u0646\u064a:&nbsp;&nbsp; gro.acicriobfsctd-160e7d&#64;acicri<\/p>\n","protected":false},"author":1,"featured_media":0,"parent":0,"menu_order":0,"comment_status":"closed","ping_status":"closed","template":"","meta":{"_acf_changed":false,"_mi_skip_tracking":false,"footnotes":""},"class_list":["post-4199","page","type-page","status-publish","hentry"],"acf":[],"aioseo_notices":[],"_links":{"self":[{"href":"https:\/\/www.ircica.org\/ar\/wp-json\/wp\/v2\/pages\/4199","targetHints":{"allow":["GET"]}}],"collection":[{"href":"https:\/\/www.ircica.org\/ar\/wp-json\/wp\/v2\/pages"}],"about":[{"href":"https:\/\/www.ircica.org\/ar\/wp-json\/wp\/v2\/types\/page"}],"author":[{"embeddable":true,"href":"https:\/\/www.ircica.org\/ar\/wp-json\/wp\/v2\/users\/1"}],"replies":[{"embeddable":true,"href":"https:\/\/www.ircica.org\/ar\/wp-json\/wp\/v2\/comments?post=4199"}],"version-history":[{"count":0,"href":"https:\/\/www.ircica.org\/ar\/wp-json\/wp\/v2\/pages\/4199\/revisions"}],"wp:attachment":[{"href":"https:\/\/www.ircica.org\/ar\/wp-json\/wp\/v2\/media?parent=4199"}],"curies":[{"name":"wp","href":"https:\/\/api.w.org\/{rel}","templated":true}]}}