{"id":15501,"date":"2020-07-10T14:31:07","date_gmt":"2020-07-10T11:31:07","guid":{"rendered":"https:\/\/www.ircica.com\/publications\/non%20class\u00e9\/al-mushaf-al-sharif-topkapi-palace-museum-library-madina-nr-1"},"modified":"2024-01-10T14:05:31","modified_gmt":"2024-01-10T11:05:31","slug":"mushaf-al-sharif-copie-de-la-bibliotheque-du-musee-du-palais-de-topkapi-medine-nr-1","status":"publish","type":"product","link":"https:\/\/www.ircica.org\/fr\/publications\/etudes-sur-le-saint-coran\/mushaf-al-sharif-copie-de-la-bibliotheque-du-musee-du-palais-de-topkapi-medine-nr-1","title":{"rendered":"Mushaf al-Sharif  (copie de la Biblioth\u00e8que du Mus\u00e9e du Palais de Topkap\u0131, M\u00e9dine nr. 1)"},"content":{"rendered":"<p>L\u2019un des chapitres principaux du programme de recherches de l\u2019IRCICA intitul\u00e9 \u201c\u00c9tudes sur le Saint Coran\u201d consiste en l\u2019\u00e9tude analytique et comparative des aspects historiques et physiques des premi\u00e8res copies du Saint Coran, datant des premiers si\u00e8cles de l\u2019Islam. Celles-ci sont conserv\u00e9es \u00e0 diff\u00e9rents endroits de par le monde. Ces \u00e9tudes, publi\u00e9es par l\u2019IRCICA, enrichissent le fonds d\u2019ouvrages de r\u00e9f\u00e9rence dans ce domaine. En m\u00eame temps, elles mettent en exergue les claires \u00e9vidences de l\u2019authenticit\u00e9 du Saint Coran, r\u00e9futant ainsi les affirmations contraires avanc\u00e9es par certains auteurs occidentaux.<\/p>\n<p>Les volumes suivants ont \u00e9t\u00e9 publi\u00e9s par l\u2019IRCICA dans cette s\u00e9rie, par ordre chronologique de leur parution : les copies attribu\u00e9es \u00e0 l\u2019\u00e9poque du troisi\u00e8me Calife, Othman bin Affan RA et pr\u00e9serv\u00e9es, respectivement, au Mus\u00e9e du Palais de Topkap\u0131 \u00e0 Istanbul et \u00e0 la Biblioth\u00e8que centrale des manuscrits islamiques (\u00e0 l\u2019origine, le Machhad el-Husayn) au Caire; la copie attribu\u00e9e \u00e0 l\u2019\u00e9poque du Quatri\u00e8me Calife, Ali bin Abi Talib KAW, et situ\u00e9e dans la Biblioth\u00e8que des manuscrits pr\u00e8s de la Grande Mosqu\u00e9e de Sana\u2019a ; celle qui est attribu\u00e9e \u00e0 la p\u00e9riode du Troisi\u00e8me Calife, Othman bin Affan RA, et gard\u00e9e au Mus\u00e9e des Arts islamiques du Caire ; la copie partielle conserv\u00e9e \u00e0 la Biblioth\u00e8que nationale de France, \u00e0 Paris ; la copie partielle se trouvant \u00e0 la Biblioth\u00e8que de l\u2019Universit\u00e9 de Tubingen, en Allemagne ; la copie partielle gard\u00e9e \u00e0 la British Library, \u00e0 Londres; la copie situ\u00e9e \u00e0 la Biblioth\u00e8que d\u2019\u00e9tat de Berlin; et derni\u00e8rement, une \u00e9tude, publi\u00e9e en deux volumes, sur la copie qui se trouve dans la collection de Fahreddin Pacha (\u201cD\u00e9fenseur de M\u00e9dine\u201d pendant la 1e Guerre Mondiale) \u00e0 la Biblioth\u00e8que du Mus\u00e9e du Palais de Topkap\u0131, \u00e0 Istanbul.<\/p>\n<p>Ce nouvel ouvrage contient l\u2019\u00e9tude acad\u00e9mique effectu\u00e9e sur cette copie par le Dr. Tayyar Alt\u0131kula\u00e7, sp\u00e9cialiste en \u00e9tudes coraniques et ex-Pr\u00e9sident des Affaires Religieuses en Turquie. La copie avait \u00e9t\u00e9 amen\u00e9e de M\u00e9dine \u00e0 Istanbul par Fahreddin Pacha. L\u2019\u00e9tude publi\u00e9e par l\u2019IRCICA comporte de nombreux chapitres d\u00e9taill\u00e9s portant sur les diff\u00e9rents aspects de la copie, comme : son histoire, sa situation dans la lign\u00e9e des copies du Saint Coran, sa condition physique, sa relation avec les prononciations connues, ses particularit\u00e9s orthographiques, la p\u00e9riode de sa production, et la m\u00e9thode appliqu\u00e9e dans son \u00e9tude.<\/p>\n","protected":false},"excerpt":{"rendered":"<p>OCI Centre de Recherches sur l&rsquo;Histoire, l&rsquo;Art et la Culture Islamiques \u2013 IRCICA<br \/>\nPr\u00e9par\u00e9 par\u00a0Dr. Tayyar Alt\u0131kula\u00e7<br \/>\n2 vols.<br \/>\nIstanbul, 2020<br \/>\n77+1563+72 p.<br \/>\nTexte en Arabe et en Turc<\/p>\n","protected":false},"featured_media":6559,"template":"","meta":{"_acf_changed":false,"_mi_skip_tracking":false},"product_cat":[117],"product_tag":[],"class_list":{"0":"post-15501","1":"product","2":"type-product","3":"status-publish","4":"has-post-thumbnail","6":"product_cat-etudes-sur-le-saint-coran","8":"first","9":"instock","10":"shipping-taxable","11":"product-type-simple"},"acf":[],"aioseo_notices":[],"_links":{"self":[{"href":"https:\/\/www.ircica.org\/fr\/wp-json\/wp\/v2\/product\/15501","targetHints":{"allow":["GET"]}}],"collection":[{"href":"https:\/\/www.ircica.org\/fr\/wp-json\/wp\/v2\/product"}],"about":[{"href":"https:\/\/www.ircica.org\/fr\/wp-json\/wp\/v2\/types\/product"}],"wp:featuredmedia":[{"embeddable":true,"href":"https:\/\/www.ircica.org\/fr\/wp-json\/wp\/v2\/media\/6559"}],"wp:attachment":[{"href":"https:\/\/www.ircica.org\/fr\/wp-json\/wp\/v2\/media?parent=15501"}],"wp:term":[{"taxonomy":"product_cat","embeddable":true,"href":"https:\/\/www.ircica.org\/fr\/wp-json\/wp\/v2\/product_cat?post=15501"},{"taxonomy":"product_tag","embeddable":true,"href":"https:\/\/www.ircica.org\/fr\/wp-json\/wp\/v2\/product_tag?post=15501"}],"curies":[{"name":"wp","href":"https:\/\/api.w.org\/{rel}","templated":true}]}}