{"id":15502,"date":"2020-11-22T11:39:41","date_gmt":"2020-11-22T08:39:41","guid":{"rendered":"https:\/\/www.ircica.com\/publications\/non%20class\u00e9\/research-on-history-arts-and-culture-in-tajikistan"},"modified":"2024-01-10T13:50:07","modified_gmt":"2024-01-10T10:50:07","slug":"research-on-history-arts-and-culture-in-tajikistan","status":"publish","type":"product","link":"https:\/\/www.ircica.org\/fr\/publications\/histoire-de-la-civilisation-islamique\/asie\/asie-centrale-et-caucase\/recherche-sur-lhistoire-les-arts-et-la-culture-au-tadjikistan","title":{"rendered":"Recherche sur l\u2019histoire, les arts et la culture au Tadjikistan"},"content":{"rendered":"<p>Le pr\u00e9sent livre renferme une vari\u00e9t\u00e9 d\u2019expos\u00e9s relatifs \u00e0 la recherche sur l\u2019histoire, l\u2019art et la culture au Tadjikistan pr\u00e9sent\u00e9s par des sp\u00e9cialistes lors de la table ronde internationale organis\u00e9e par l\u2019IRCICA et l\u2019Acad\u00e9mie nationale des sciences du Tadjikistan \u00e0 travers son Institut d\u2019histoire, d\u2019arch\u00e9ologie et d\u2019ethnographie, \u00e0 Douchanb\u00e9, en septembre 2019. La table ronde a trait\u00e9 des aspects pratiques, m\u00e9thodologiques et op\u00e9rationnels de la recherche en ce qui concerne des sujets multiples relatifs \u00e0 l\u2019histoire, l\u2019art et la culture ; ce qui a donn\u00e9 lieu \u00e0 un large d\u00e9bat. Les \u00e9tudes sp\u00e9cialis\u00e9es pr\u00e9sent\u00e9es lors de cette table ronde sont regroup\u00e9es dans le livre sous les rubriques suivantes: l\u2019arch\u00e9ologie, l\u2019architecture, l\u2019histoire de l\u2019art, la numismatique, les \u00e9tudes sur les manuscrits et les documents arabes et l\u2019\u00e9pigraphie. L\u2019importance de la conf\u00e9rence dans l\u2019optique de d\u00e9velopper la recherche fut double tant sur le plan th\u00e9orique que pratique, c\u2019est pourquoi elle pourrait servir d\u2019exemple \u00e0 appliquer dans d\u2019autres contextes th\u00e9matiques et g\u00e9ographiques.<\/p>\n<p>La table ronde internationale qui a \u00e9t\u00e9 men\u00e9e conjointement avec l\u2019Acad\u00e9mie nationale des sciences du Tadjikistan \u00e0 travers son Institut d\u2019histoire, d\u2019arch\u00e9ologie et d\u2019ethnographie, a constitu\u00e9 une \u00e9tape importante dans cette s\u00e9rie de r\u00e9unions acad\u00e9miques. Elle a produit des articles de haute qualit\u00e9 qui ont \u00e9t\u00e9 fournis par des participants d\u2019acad\u00e9mies, d\u2019universit\u00e9s, de mus\u00e9es et d\u2019instituts culturels. Les dix-neuf articles r\u00e9unis dans ce livre et accompagn\u00e9s de riches illustrations de monuments, de documents et d\u2019artefacts, devraient r\u00e9pondre aux attentes des chercheurs sur l\u2019histoire, les arts et la culture du Tadjikistan et de sa r\u00e9gion, et accroitre et approfondir leurs connaissances \u00e0 ce sujet.<\/p>\n","protected":false},"excerpt":{"rendered":"<p>Actes de la Table ronde internationale \u00ab<em><strong>L\u2019\u00e9tat de la recherche contemporaine sur l\u2019histoire, les arts et la culture au Tadjikistan<\/strong><\/em>\u00bb<br \/>\nPr\u00e9par\u00e9 pour publication par Dr. Lola Dodkhudoeva, Prof. Ashirbek Muminov<br \/>\nEd. par Prof. Halit Eren, Prof. Abdurahmon Navruz Muhammad<br \/>\nIRCICA, Istanbul, 2020<br \/>\nS\u00e9rie des Sources et \u00e9tudes sur l&rsquo;Histoire de la civilisation islamique; No. 49. xxiv+480 p.<br \/>\nArticles en Anglais, Tadjik et Russe<\/p>\n","protected":false},"featured_media":6649,"template":"","meta":{"_acf_changed":false,"_mi_skip_tracking":false},"product_cat":[200],"product_tag":[],"class_list":{"0":"post-15502","1":"product","2":"type-product","3":"status-publish","4":"has-post-thumbnail","6":"product_cat-asie-centrale-et-caucase","8":"first","9":"instock","10":"shipping-taxable","11":"product-type-simple"},"acf":[],"aioseo_notices":[],"_links":{"self":[{"href":"https:\/\/www.ircica.org\/fr\/wp-json\/wp\/v2\/product\/15502","targetHints":{"allow":["GET"]}}],"collection":[{"href":"https:\/\/www.ircica.org\/fr\/wp-json\/wp\/v2\/product"}],"about":[{"href":"https:\/\/www.ircica.org\/fr\/wp-json\/wp\/v2\/types\/product"}],"wp:featuredmedia":[{"embeddable":true,"href":"https:\/\/www.ircica.org\/fr\/wp-json\/wp\/v2\/media\/6649"}],"wp:attachment":[{"href":"https:\/\/www.ircica.org\/fr\/wp-json\/wp\/v2\/media?parent=15502"}],"wp:term":[{"taxonomy":"product_cat","embeddable":true,"href":"https:\/\/www.ircica.org\/fr\/wp-json\/wp\/v2\/product_cat?post=15502"},{"taxonomy":"product_tag","embeddable":true,"href":"https:\/\/www.ircica.org\/fr\/wp-json\/wp\/v2\/product_tag?post=15502"}],"curies":[{"name":"wp","href":"https:\/\/api.w.org\/{rel}","templated":true}]}}