{"id":16961,"date":"2021-04-01T11:38:27","date_gmt":"2021-04-01T08:38:27","guid":{"rendered":"https:\/\/www.ircica.org\/publications\/non%20class\u00e9\/proceedings-of-the-ii-international-symposium-on-islamic-civilization-in-the-caucasus"},"modified":"2024-01-10T13:16:51","modified_gmt":"2024-01-10T10:16:51","slug":"actes-du-2e-symposium-international-sur-la-civilisation-islamique-dans-le-caucase","status":"publish","type":"product","link":"https:\/\/www.ircica.org\/fr\/publications\/histoire-de-la-civilisation-islamique\/asie\/asie-centrale-et-caucase\/actes-du-2e-symposium-international-sur-la-civilisation-islamique-dans-le-caucase","title":{"rendered":"Actes du 2e Symposium international sur \u00ab La civilisation islamique dans le Caucase \u00bb"},"content":{"rendered":"<p>Ces deux volumes, dont chacun contient 39 articles, r\u00e9sultent du Symposium international sur \u00ab La civilisation islamique dans le Caucase \u00bb qui s\u2019est tenu \u00e0 Bakou, les 11 et 12 juin 2019. Le symposium a \u00e9t\u00e9 organis\u00e9 par l\u2019Institut de th\u00e9ologie d\u2019Azerba\u00efdjan, l\u2019IRCICA, et l\u2019Institut d\u2019\u00e9tudes orientales baptis\u00e9 du nom de l\u2019acad\u00e9micien Ziya Bunyadov de l\u2019Acad\u00e9mie nationale des sciences d\u2019Azerba\u00efdjan (ANAS). Ce symposium est le deuxi\u00e8me du genre sur ce th\u00e8me organis\u00e9 par l\u2019IRCICA en coop\u00e9ration avec les institutions gouvernementales et acad\u00e9miques d\u2019Azerba\u00efdjan. Le premier Symposium international sur \u00ab La civilisation islamique dans le Caucase \u00bb s\u2019est d\u00e9roul\u00e9 du 9 au 11 d\u00e9cembre 1998 sous le patronage et en pr\u00e9sence du Pr\u00e9sident Heydar Aliyev. 40 articles de recherche ont \u00e9t\u00e9 pr\u00e9sent\u00e9s par des participants de 10 pays. Les actes du symposium ont \u00e9t\u00e9 publi\u00e9s par l\u2019IRCICA en 2000.<\/p>\n<p>Le deuxi\u00e8me symposium a re\u00e7u 106 articles de recherche de 11 pays : l\u2019Azerba\u00efdjan, l\u2019Australie, la G\u00e9orgie, l\u2019Iran, le Kazakhstan, la Moldavie, la Russie, la Turquie, l\u2019Ukraine, les \u00c9tats-Unis, l\u2019Ouzb\u00e9kistan.<\/p>\n<p>La majorit\u00e9 des articles contenus dans ces deux volumes sont en turc az\u00e9ri, avec des r\u00e9sum\u00e9s en anglais. Ils ont \u00e9t\u00e9 pr\u00e9par\u00e9s pour publication par un groupe de chercheurs de l\u2019Institut et de l\u2019IRCICA sous la direction du Prof. Dr. Agil Shirinov, recteur de l\u2019Institut de th\u00e9ologie d\u2019Azerba\u00efdjan. Ils sont regroup\u00e9s sous les th\u00e8mes suivants : \u00ab\u00a0La propagation de l\u2019islam dans le Caucase\u00a0\u00bb, \u00ab\u00a0l\u2019impact de la culture islamique sur la vie religieuse et socioculturelle dans le Caucase\u00a0\u00bb, \u00ab\u00a0Le d\u00e9veloppement des sciences islamiques dans le Caucase\u00a0\u00bb, \u00ab\u00a0L\u2019art islamique, l\u2019architecture et la litt\u00e9rature dans le Caucase\u00a0\u00bb, \u00ab\u00a0Le multiculturalisme dans le Caucase\u00a0\u00bb, \u00ab\u00a0Le r\u00f4le du pr\u00e9sident Ilham Aliyev dans le renforcement de la tol\u00e9rance et des traditions multiculturelles en Azerba\u00efdjan\u00a0\u00bb, \u00ab\u00a0Le r\u00f4le des mosqu\u00e9es, des madrasas et des khanqah dans l\u2019\u00e9ducation religieuse dans le Caucase\u00a0\u00bb, \u00ab\u00a0La politique islamique de la Russie tsariste dans le Caucase\u00a0\u00bb, \u00ab\u00a0Le r\u00f4le des savants caucasiens dans le d\u00e9veloppement du savoir et des sciences naturelles \u00ab\u00a0.<\/p>\n","protected":false},"excerpt":{"rendered":"<p>Vol. 1: 495 pp.,<br \/>\nVol. 2: 463 pp.,<br \/>\nBakou, 2021.<\/p>\n","protected":false},"featured_media":16925,"template":"","meta":{"_acf_changed":false,"_mi_skip_tracking":false},"product_cat":[200],"product_tag":[],"class_list":{"0":"post-16961","1":"product","2":"type-product","3":"status-publish","4":"has-post-thumbnail","6":"product_cat-asie-centrale-et-caucase","8":"first","9":"instock","10":"shipping-taxable","11":"product-type-simple"},"acf":[],"aioseo_notices":[],"_links":{"self":[{"href":"https:\/\/www.ircica.org\/fr\/wp-json\/wp\/v2\/product\/16961","targetHints":{"allow":["GET"]}}],"collection":[{"href":"https:\/\/www.ircica.org\/fr\/wp-json\/wp\/v2\/product"}],"about":[{"href":"https:\/\/www.ircica.org\/fr\/wp-json\/wp\/v2\/types\/product"}],"wp:featuredmedia":[{"embeddable":true,"href":"https:\/\/www.ircica.org\/fr\/wp-json\/wp\/v2\/media\/16925"}],"wp:attachment":[{"href":"https:\/\/www.ircica.org\/fr\/wp-json\/wp\/v2\/media?parent=16961"}],"wp:term":[{"taxonomy":"product_cat","embeddable":true,"href":"https:\/\/www.ircica.org\/fr\/wp-json\/wp\/v2\/product_cat?post=16961"},{"taxonomy":"product_tag","embeddable":true,"href":"https:\/\/www.ircica.org\/fr\/wp-json\/wp\/v2\/product_tag?post=16961"}],"curies":[{"name":"wp","href":"https:\/\/api.w.org\/{rel}","templated":true}]}}