{"id":17245,"date":"2020-06-01T09:55:33","date_gmt":"2020-06-01T06:55:33","guid":{"rendered":"https:\/\/www.ircica.org\/publications\/non%20class\u00e9\/ircica-calligraphy-competition-award-winning-works-1986-2016"},"modified":"2024-01-10T14:26:03","modified_gmt":"2024-01-10T11:26:03","slug":"concours-de-calligraphie-de-lircica-oeuvres-primees-1986-2016","status":"publish","type":"product","link":"https:\/\/www.ircica.org\/fr\/publications\/arts-artisanats\/concours-de-calligraphie-de-lircica-oeuvres-primees-1986-2016","title":{"rendered":"Concours de Calligraphie de l\u2019IRCICA &#8211; \u0152uvres prim\u00e9es 1986 \u2013 2016"},"content":{"rendered":"<p>L\u2019IRCICA a publi\u00e9 la collection compl\u00e8te des \u0153uvres prim\u00e9es des dix premiers tours de son concours international de calligraphie tenus pendant la p\u00e9riode de 1986 \u00e0 2016. Cette collection unique d\u2019\u0153uvres calligraphiques publi\u00e9es ici pour la premi\u00e8re fois comporte celles qui ont \u00e9t\u00e9 choisies comme meilleures parmi des milliers pr\u00e9sent\u00e9s \u00e0 chaque tour dans les diff\u00e9rentes cat\u00e9gories de styles d\u2019\u00e9criture.<br \/>\nL\u2019album contient 235 \u0153uvres de 140 artistes ayant re\u00e7u l\u2019un des trois premiers prix dans chaque cat\u00e9gorie. Chaque concours a \u00e9t\u00e9 conduit dans dix cat\u00e9gories correspondant aux styles d\u2019\u00e9criture les plus largement employ\u00e9s dans le monde islamique. Des centaines d\u2019autres \u0153uvres ayant re\u00e7u des mentions et des prix d\u2019encouragement sont \u00e9galement incluses, composant ainsi une collection compl\u00e8te qui repr\u00e9sente l\u2019activit\u00e9 artistique reconneu et r\u00e9compens\u00e9e par ce concours.<\/p>\n<p>L\u2019ouvrage a paru dans une \u00e9dition luxe grand format reli\u00e9e cuir et imprim\u00e9e sur papier qualit\u00e9 d\u2019archive. Une \u00e9dition de dimensions standard aussi disponible.<\/p>\n<p>Le concours international de calligraphie de l\u2019IRCICA, tenu chaque trois ans, vise \u00e0 encourager la pratique et l\u2019enseignement de cet art, \u00e0 \u00e9lever l\u2019int\u00e9r\u00eat qui lui est port\u00e9 dans le monde entier, et \u00e0 pr\u00e9server et enrichir davantage ce patrimoine illustre du monde islamique. Le nombre et la diversit\u00e9 des participants au concours se sont accrus et la qualit\u00e9 artistique moyenne des travaux pr\u00e9sent\u00e9s s\u2019est am\u00e9lior\u00e9e au cours des trente derni\u00e8res ann\u00e9es, ce qui montre que ce concours a contribu\u00e9 \u00e0 stimuler l\u2019int\u00e9r\u00eat pour cet art et \u00e0 encourager la cr\u00e9ativit\u00e9 et en m\u00eame temps, la perfection.<\/p>\n<p>Pendant ces trente derni\u00e8res ann\u00e9es, le concours a donn\u00e9 naissance \u00e0 une \u201cg\u00e9n\u00e9ration de l\u2019IRCICA\u201d parmi les calligraphes du monde, qui ont contribu\u00e9 au d\u00e9veloppement de cet art dans diff\u00e9rents coins du monde en produisant des \u0153uvres et en l\u2018enseignant. L\u2019IRCICA est fier de voir son programme de concours contribuer positivement \u00e0 la carri\u00e8re professionnelle et artistique de milliers de calligraphes.<\/p>\n<p>L\u2019IRCICA diffuse des informations sur les r\u00e9sultats de chaque tour du concours par divers moyens. Il publie un catalogue de chaque concours et organise des expositions des \u0153uvres gagnantes dans diff\u00e9rents pays. La moiti\u00e9 de plus de 200 expositions artistiques tenues par l\u2018IRCICA jusqu\u2019\u00e0 pr\u00e9sent comportaient des \u0153uvres calligraphiques choisies parmi les \u0153uvres prim\u00e9es aux concours de calligraphie. Ces expositions se sont tenues dans diverses occasions: en marge des conf\u00e9rences des \u00c9tats membres de l\u2019OCI, pendant le Rassemblement international sur la Calligraphie islamique organis\u00e9e par l\u2019IRCICA (Istanbul, 2014), le symposium international des \u201cFemmes calligraphes\u201d (Istanbul, 2010), le \u201cConcours r\u00e9gional de calligraphie de l\u2019IRCICA en Asie du sud 2018\u201d (Singapour, 2018), dans une exposition itin\u00e9rante au Canada (2018) et dans la Journ\u00e9e de l\u2019OCI \u00e0 l\u2019UNESCO 2015, \u00e0 Paris, France. \u00c0 travers ces activit\u00e9s, les \u0153uvres et les artistes ont rejoint les int\u00e9ress\u00e9s dans le monde entier.<\/p>\n<p>L\u2019onzi\u00e8me tour de ce concours a \u00e9t\u00e9 finalis\u00e9 en 2019 ; le douzi\u00e8me sera annonc\u00e9 en 2021, pour se conclure en 2022. Le concours de calligraphie de l\u2019IRCICA est reconnu dans les milieux artistiques internationaux comme un \u00e9v\u00e9nement focal de cet art. Les publications r\u00e9sultant des travaux de l\u2019IRCICA dans ce domaine sont utilis\u00e9es comme manuels et r\u00e9f\u00e9rences. Parmi ses publications autres que le pr\u00e9sent album et les catalogues des concours, on peut citer : l\u2019ouvrage acad\u00e9mique et artistique intitul\u00e9 L\u2019Art de la Calligraphie dans le patrimoine islamique avait \u00e9t\u00e9 publi\u00e9 en anglais, arabe, japonais, malais et turc dans les ann\u00e9es 1990 ; les r\u00e9\u00e9ditions de cahiers d\u2019exercices (machks) ayant \u00e9t\u00e9 pr\u00e9par\u00e9s et utilis\u00e9s par des ma\u00eetres de cet art dans les styles thuluth, naskh et rik\u2019a ; et, les catalogues des diverses expositions.<\/p>\n<p>Cet album repr\u00e9sente le couronnement d\u2019un effort continuel et d\u00e9vou\u00e9 \u00e0 la recherche de l\u2019excellence dans l\u2019art de la calligraphie . C\u2019est un ouvrage artistique d\u2019une haute valeur documentaire qui promet de devenir une r\u00e9f\u00e9rence essentielle dans ce domaine et un ajout superbe aux biblioth\u00e8ques.<\/p>\n","protected":false},"excerpt":{"rendered":"<p>OCI \u2013 Centre de Recherches sur l\u2019Histoire, l\u2019Art et la Culture Isamiques \u2013 IRCICA<br \/>\nDirecteur du projet Prof. Dr. Halit Eren<br \/>\nPr\u00e9par\u00e9 pour publication par Said Kas\u0131mo\u011flu, Nurcan Toprak<br \/>\nS\u00e9rie du patrimoine culturel islamique, no. 3<br \/>\n\u00c9dition Luxe dans coffret cuir: 56 cm, 654 pages<br \/>\nIstanbul, 2019<br \/>\nTexte en Arabe, Anglais, Fran\u00e7ais et Turc<\/p>\n","protected":false},"featured_media":6512,"template":"","meta":{"_acf_changed":false,"_mi_skip_tracking":false},"product_cat":[189],"product_tag":[],"class_list":{"0":"post-17245","1":"product","2":"type-product","3":"status-publish","4":"has-post-thumbnail","6":"product_cat-arts-artisanats","8":"first","9":"instock","10":"shipping-taxable","11":"product-type-simple"},"acf":[],"aioseo_notices":[],"_links":{"self":[{"href":"https:\/\/www.ircica.org\/fr\/wp-json\/wp\/v2\/product\/17245","targetHints":{"allow":["GET"]}}],"collection":[{"href":"https:\/\/www.ircica.org\/fr\/wp-json\/wp\/v2\/product"}],"about":[{"href":"https:\/\/www.ircica.org\/fr\/wp-json\/wp\/v2\/types\/product"}],"wp:featuredmedia":[{"embeddable":true,"href":"https:\/\/www.ircica.org\/fr\/wp-json\/wp\/v2\/media\/6512"}],"wp:attachment":[{"href":"https:\/\/www.ircica.org\/fr\/wp-json\/wp\/v2\/media?parent=17245"}],"wp:term":[{"taxonomy":"product_cat","embeddable":true,"href":"https:\/\/www.ircica.org\/fr\/wp-json\/wp\/v2\/product_cat?post=17245"},{"taxonomy":"product_tag","embeddable":true,"href":"https:\/\/www.ircica.org\/fr\/wp-json\/wp\/v2\/product_tag?post=17245"}],"curies":[{"name":"wp","href":"https:\/\/api.w.org\/{rel}","templated":true}]}}