{"id":17247,"date":"2021-05-01T10:11:22","date_gmt":"2021-05-01T07:11:22","guid":{"rendered":"https:\/\/www.ircica.org\/publications\/non%20class\u00e9\/proceedings-of-the-international-conference-dedicated-to-the-memory-of-academician-ubaydulla-karimov-new-perspectives-for-the-study-of-islamic-culture-history-and-art-in-uzbekistan"},"modified":"2024-01-10T13:08:28","modified_gmt":"2024-01-10T10:08:28","slug":"actes-de-la-conference-internationale-dediee-a-la-memoire-de-lacademicien-ubaydulla-karimov-nouvelles-perspectives-pour-letude-de-la-culture-de-lhistoire-et-de-lart-islamiques-en-ouzbekistan","status":"publish","type":"product","link":"https:\/\/www.ircica.org\/fr\/publications\/histoire-de-la-civilisation-islamique\/asie\/asie-centrale-et-caucase\/nouvelles-perspectives-pour-letude-de-la-culture-de-lhistoire-et-de-lart-islamiques-en-ouzbekistan","title":{"rendered":"Nouvelles perspectives pour l\u2019\u00e9tude de la culture, de l\u2019histoire et de l\u2019art islamiques en Ouzb\u00e9kistan"},"content":{"rendered":"<p>Ce livre contient les actes de la conf\u00e9rence internationale intitul\u00e9e \u00ab Nouvelles perspectives pour l\u2019\u00e9tude de la culture, de l\u2019histoire et de l\u2019art islamiques en Ouzb\u00e9kistan \u00bb d\u00e9di\u00e9e \u00e0 la m\u00e9moire de l\u2019acad\u00e9micien Ubaydulla Karimov qui a \u00e9t\u00e9 organis\u00e9e par l\u2019Institut d\u2019\u00e9tudes orientales Al- Biruni de l\u2019Acad\u00e9mie des sciences de la R\u00e9publique d\u2019Ouzb\u00e9kistan (Tachkent) l\u2019IRCICA, le 28 mai 2021. Le livre comprend 84 articles en ouzbek, russe et turc accompagn\u00e9s de leur r\u00e9sum\u00e9 en anglais.<\/p>\n<p>L\u2019acad\u00e9micien Ubaydulla Karimov (1920-1997), \u00e0 qui la conf\u00e9rence \u00e9tait d\u00e9di\u00e9e, est pr\u00e9sent\u00e9 au d\u00e9but du livre par Surayyo Ubaydullaevna Karimova avec un article complet. \u00c0 la fois chimiste et orientaliste, \u00e0 travers ses travaux de recherche, Karimov a apport\u00e9 des preuves scientifiques sur une multitude d\u2019aspects importants relatifs \u00e0 l\u2019apport de de l\u2019Asie centrale \u00e0 la science et \u00e0 la civilisation mondiales.<\/p>\n<p>Le premier chapitre, sur \u00ab L\u2019histoire et les \u00e9tudes sur les sources\u00bb, contient quarante articles abordant une vari\u00e9t\u00e9 de th\u00e8mes, de la science et de la m\u00e9decine \u00e0 l\u2019\u00e9conomie et aux waqfs, des personnes et institutions influentes aux relations internationales, de la d\u00e9couverte d\u2019oeuvres auparavant inconnues \u00e0 des sujets \u00e9mergents et des m\u00e9thodes nouvelles dans les \u00e9tudes islamiques. Les vingt-neuf articles pr\u00e9sent\u00e9s dans le deuxi\u00e8me chapitre sont consacr\u00e9s aux \u00ab \u00c9tudes islamiques \u00bb. Ils r\u00e9sultent de recherches r\u00e9centes sur des sujets sp\u00e9cialis\u00e9s dans l\u2019histoire des sciences coraniques, la philosophie, les sciences naturelles, l\u2019architecture et l\u2019arch\u00e9ologie, et la pr\u00e9servation du patrimoine \u00e9crit des savants et \u00e9rudits de l\u2019\u00e9poque m\u00e9di\u00e9vale. Le troisi\u00e8me chapitre contient quinze articles en \u00ab philologie \u00bb r\u00e9dig\u00e9s par des sp\u00e9cialistes et des chercheurs travaillant sur les processus linguistiques et litt\u00e9raires en Asie centrale.<\/p>\n<p>Compte tenu de la diversit\u00e9 th\u00e9matique, la collection constitue un \u00e9chantillon repr\u00e9sentatif de la recherche acad\u00e9mique actuelle en Ouzb\u00e9kistan en sciences humaines et sociales relatives \u00e0 l\u2019histoire et \u00e0 la culture de l\u2019Asie centrale.<\/p>\n","protected":false},"excerpt":{"rendered":"<p>Actes de la conf\u00e9rence internationale d\u00e9di\u00e9e \u00e0 la m\u00e9moire de l\u2019acad\u00e9micien Ubaydulla Karimov<br \/>\n\u00c9dit\u00e9 par: Prof. Mahmud Erol K\u0131l\u0131\u00e7, Prof. Bakhrom Abdukhalimov<br \/>\nPr\u00e9par\u00e9 pour publication par: Prof. Surayyo Karimova, Khilola Nazirova, Prof. Ashirbek Muminov, Fatma Yekta \u0130nci Z\u00fclfikar, IRCICA, 2021, 774 p.: col. ill.; 24 cm<\/p>\n","protected":false},"featured_media":15256,"template":"","meta":{"_acf_changed":false,"_mi_skip_tracking":false},"product_cat":[200],"product_tag":[],"class_list":{"0":"post-17247","1":"product","2":"type-product","3":"status-publish","4":"has-post-thumbnail","6":"product_cat-asie-centrale-et-caucase","8":"first","9":"instock","10":"shipping-taxable","11":"product-type-simple"},"acf":[],"aioseo_notices":[],"_links":{"self":[{"href":"https:\/\/www.ircica.org\/fr\/wp-json\/wp\/v2\/product\/17247","targetHints":{"allow":["GET"]}}],"collection":[{"href":"https:\/\/www.ircica.org\/fr\/wp-json\/wp\/v2\/product"}],"about":[{"href":"https:\/\/www.ircica.org\/fr\/wp-json\/wp\/v2\/types\/product"}],"wp:featuredmedia":[{"embeddable":true,"href":"https:\/\/www.ircica.org\/fr\/wp-json\/wp\/v2\/media\/15256"}],"wp:attachment":[{"href":"https:\/\/www.ircica.org\/fr\/wp-json\/wp\/v2\/media?parent=17247"}],"wp:term":[{"taxonomy":"product_cat","embeddable":true,"href":"https:\/\/www.ircica.org\/fr\/wp-json\/wp\/v2\/product_cat?post=17247"},{"taxonomy":"product_tag","embeddable":true,"href":"https:\/\/www.ircica.org\/fr\/wp-json\/wp\/v2\/product_tag?post=17247"}],"curies":[{"name":"wp","href":"https:\/\/api.w.org\/{rel}","templated":true}]}}