{"id":17424,"date":"2019-06-13T16:28:49","date_gmt":"2019-06-13T13:28:49","guid":{"rendered":"https:\/\/www.ircica.org\/publications\/non%20class\u00e9\/islamic-studies-in-uzbekistan-achievements-and-perspectives"},"modified":"2024-01-02T14:39:33","modified_gmt":"2024-01-02T11:39:33","slug":"islamic-studies-in-uzbekistan-achievements-and-perspectives-etudes-islamiques-en-ouzbekistan-realisations-et-perspectives-actes-de-latelier-international-sur-les-etudes-islamiques-en-ouzbekistan-realisations-et-perspectives","status":"publish","type":"product","link":"https:\/\/www.ircica.org\/fr\/publications\/histoire-de-la-civilisation-islamique\/asie\/asie-centrale-et-caucase\/etudes-islamiques-en-ouzbekistan-realisations-et-perspectives","title":{"rendered":"\u00c9tudes islamiques en Ouzb\u00e9kistan. R\u00e9alisations et perspectives"},"content":{"rendered":"<p>L\u2019atelier international sur les \u00ab \u00c9tudes islamiques en Ouzb\u00e9kistan: R\u00e9alisations et perspectives \u00bb avait \u00e9t\u00e9 organis\u00e9 conjointement par l\u2019IRCICA et l\u2019Acad\u00e9mie internationale islamique d\u2019Ouzb\u00e9kistan, \u00e0 Tachkent, le 24 juin 2019. Il avait \u00e9t\u00e9 inaugur\u00e9 par le Prof. Dr. Halit Eren, Directeur G\u00e9n\u00e9ral de l\u2019IRCICA et le Prof. Dr. Shuhrat A. Yovqochev, Recteur de l\u2019Acad\u00e9mie internationale islamique d\u2019Ouzb\u00e9kistan. Des \u00e9tudes sp\u00e9cialis\u00e9es avaient \u00e9t\u00e9 pr\u00e9sent\u00e9es lors de cet atelier par des acad\u00e9miciens et des sp\u00e9cialistes du pays. Cet ouvrage recueille 21 articles bas\u00e9s sur ces expos\u00e9s.<br \/>\nLes articles traitent de l\u2019\u00e9tat et des perspectives d\u2019avenir des \u00e9tudes islamiques en Ouzb\u00e9kistan, eu \u00e9gard aux maints aspects de la conduite de ces \u00e9tudes et des points de vue des diff\u00e9rentes disciplines des sciences humaines et sociales qui y sont impliqu\u00e9es. Des aspects techniques, th\u00e9oriques et op\u00e9rationnels ont \u00e9t\u00e9 port\u00e9s \u00e0 l\u2019attention, se rapportant \u00e0 la recherche, l\u2019enseignement, la formation, les \u00e9tudes sur les sources, les \u00e9changes acad\u00e9miques et la coop\u00e9ration internationale, entre autres. Gr\u00e2ce \u00e0 la diversit\u00e9 des domaines de sp\u00e9cialisation des participants, une large gamme de domaines d\u2019\u00e9tudes ont \u00e9t\u00e9 pris en consid\u00e9ration, dont : les sciences religieuses, y compris l\u2019enseignement coranique, les sciences des Hadiths, les ex\u00e9g\u00e8ses, la jurisprudence, le Soufisme et \u00e9coles de th\u00e9ologie ; l\u2019histoire ; les arts ; l\u2019arch\u00e9ologie ; l\u2019architecture; les \u00e9tudes sur les sources ; les questions de m\u00e9thodologie ; et, la formation des enseignants et des chercheurs. Il convient de noter que les travaux de cet atelier ont b\u00e9n\u00e9fici\u00e9 de l\u2019environnement actif des recherches et de l\u2019\u00e9ducation en \u00e9tudes islamiques en Ouzb\u00e9kistan que favorisent la richesse et la diversit\u00e9 des th\u00e8mes, des mat\u00e9riaux et des sources de son histoire et patrimoine culturels.<\/p>\n<p>L\u2019IRCICA, dans le cadre de ses recherches et conf\u00e9rences sur l\u2019histoire et le patrimoine de la civilisation islamique, t\u00e2che de mettre en lumi\u00e8re et de faire conna\u00eetre les contributions que cette civilisation a re\u00e7ues des diff\u00e9rentes r\u00e9gions culturelles et linguistiques du monde islamique. Parmi ces r\u00e9gions, l\u2019Ouzb\u00e9kistan, et l\u2019Asie centrale dans son ensemble, ont \u00e9t\u00e9 l\u2019origine de contributions scientifiques et intellectuelles, qui ont fait l\u2019objet de certains des projets de recherche et plusieurs des publications que l\u2019IRCICA a r\u00e9alis\u00e9s au cours des derni\u00e8res ann\u00e9es en coop\u00e9ration avec les gouvernements des pays de la r\u00e9gion. Ainsi, du c\u00f4t\u00e9 de l\u2019IRCICA, cet ouvrage repr\u00e9sente un nouveau maillon important dans sa s\u00e9rie d\u2019ouvrages consacr\u00e9e \u00e0 l\u2019histoire de la civilisation islamique en Asie centrale. L\u2019atelier qui en a fourni le contenu avait pleinement satisfait les expectations de ses organisateurs. L\u2019ouvrage en r\u00e9sultant sera un ajout important aux publications acad\u00e9miques sur les \u00e9tudes islamiques et attirera l\u2019int\u00e9r\u00eat des chercheurs concern\u00e9s dans le monde entier.<\/p>\n","protected":false},"excerpt":{"rendered":"<p>Actes de l\u2019atelier international sur les \u00ab \u00c9tudes islamiques en Ouzb\u00e9kistan : R\u00e9alisations et perspectives \u00bb<br \/>\nPr\u00e9par\u00e9 pour la publication par Prof. Shukhrat Yovkochev, Zokhidjon Islamov, Ashirbek Muminov<br \/>\nS\u00e9rie d\u2019\u00e9tudes sur la civilisation islamique en Asie Centrale nr. 44,<br \/>\nIRCICA, Istanbul, 2020, 364 p.<br \/>\n(en ouzbek, textes introductoires en anglais)<\/p>\n","protected":false},"featured_media":6690,"template":"","meta":{"_acf_changed":false,"_mi_skip_tracking":false},"product_cat":[200],"product_tag":[],"class_list":{"0":"post-17424","1":"product","2":"type-product","3":"status-publish","4":"has-post-thumbnail","6":"product_cat-asie-centrale-et-caucase","8":"first","9":"instock","10":"shipping-taxable","11":"product-type-simple"},"acf":[],"aioseo_notices":[],"_links":{"self":[{"href":"https:\/\/www.ircica.org\/fr\/wp-json\/wp\/v2\/product\/17424","targetHints":{"allow":["GET"]}}],"collection":[{"href":"https:\/\/www.ircica.org\/fr\/wp-json\/wp\/v2\/product"}],"about":[{"href":"https:\/\/www.ircica.org\/fr\/wp-json\/wp\/v2\/types\/product"}],"wp:featuredmedia":[{"embeddable":true,"href":"https:\/\/www.ircica.org\/fr\/wp-json\/wp\/v2\/media\/6690"}],"wp:attachment":[{"href":"https:\/\/www.ircica.org\/fr\/wp-json\/wp\/v2\/media?parent=17424"}],"wp:term":[{"taxonomy":"product_cat","embeddable":true,"href":"https:\/\/www.ircica.org\/fr\/wp-json\/wp\/v2\/product_cat?post=17424"},{"taxonomy":"product_tag","embeddable":true,"href":"https:\/\/www.ircica.org\/fr\/wp-json\/wp\/v2\/product_tag?post=17424"}],"curies":[{"name":"wp","href":"https:\/\/api.w.org\/{rel}","templated":true}]}}