{"id":17430,"date":"2019-03-29T00:00:00","date_gmt":"2019-03-28T21:00:00","guid":{"rendered":"https:\/\/www.ircica.org\/publications\/non%20class\u00e9\/epitaphs-of-muslim-scholars-in-samarkand-10th-14th-centuries"},"modified":"2024-01-09T14:47:06","modified_gmt":"2024-01-09T11:47:06","slug":"epitaphs-of-muslim-scholars-in-samarkand-10th-14th-centuries","status":"publish","type":"product","link":"https:\/\/www.ircica.org\/fr\/publications\/histoire-de-la-civilisation-islamique\/asie\/epitaphes-de-savants-musulmans-a-samarkand-10e-14e-siecles","title":{"rendered":"\u00c9pitaphes de savants musulmans \u00e0 Samarkand (10e-14e si\u00e8cles)"},"content":{"rendered":"<p>Ce livre est une \u00e9tude arch\u00e9ologique, \u00e9pigraphique et analytique des pierres tombales d\u2019\u00e9rudits musulmans, conserv\u00e9es dans le complexe fun\u00e9raire du mausol\u00e9e du th\u00e9ologien l\u2019Imam al-Maturidi (Abou Mansour Muhammad ben Muhammad Al- Maturidi, 870-944), \u00e0 Samarkand. Il contient des textes en caract\u00e8res arabes de 239 \u00e9pitaphes de savants musulmans d\u2019Asie centrale ayant v\u00e9cu du 10e au 14e si\u00e8cle, avec leurs reproductions, leurs traductions en russe et leurs commentaires. Il comprend un article d\u2019introduction, des index d\u00e9taill\u00e9s, un glossaire, une bibliographie et des illustrations.<\/p>\n<p>Les documents publi\u00e9s sont des sources originales pour l\u2019\u00e9tude des politiques religieuses sous les Karakhanides (992-1211), concernant le m\u00e9canisme de coop\u00e9ration entre le pouvoir et la religion et le r\u00f4le des savants musulmans dans la m\u00e9diation entre les autorit\u00e9s et le public.<\/p>\n<p>La publication profitera aux chercheurs en \u00e9tudes religieuses, en \u00e9tudes islamiques, en anthropologie, en histoire et \u00e0 tous ceux qui s\u2019int\u00e9ressent \u00e0 l\u2019\u00e9volution de l\u2019islam traditionnel en Asie centrale.<\/p>\n","protected":false},"excerpt":{"rendered":"<p>\u00c9dit\u00e9 par Bakhtiyar Babadjanov, Lola Dodkhudoeva, Ashirbek Muminov, Ulrich Rudolph<br \/>\nDirecteur du projet : Prof. Halit Eren ; Index, Glossaire, Illustrations par Urkiya Utepbergenova, Aitzhan Nurmanova Appendice par Amriddin Berdimuradov ; Photos par Akhror Mukhtarov, Lola Dodkhudoeva, Bakhtiyar Babadjanov<br \/>\nIRCICA, 2019 (S\u00e9rie des sources et des \u00e9tudes sur l&rsquo;histoire de la civilisation islamique ; No 39), 652 p.<br \/>\nTexte en Russe, Avec des parties en Anglais et en Arabe<\/p>\n","protected":false},"featured_media":3159,"template":"","meta":{"_acf_changed":false,"_mi_skip_tracking":false},"product_cat":[181],"product_tag":[],"class_list":{"0":"post-17430","1":"product","2":"type-product","3":"status-publish","4":"has-post-thumbnail","6":"product_cat-asie","8":"first","9":"outofstock","10":"shipping-taxable","11":"purchasable","12":"product-type-simple"},"acf":[],"aioseo_notices":[],"_links":{"self":[{"href":"https:\/\/www.ircica.org\/fr\/wp-json\/wp\/v2\/product\/17430","targetHints":{"allow":["GET"]}}],"collection":[{"href":"https:\/\/www.ircica.org\/fr\/wp-json\/wp\/v2\/product"}],"about":[{"href":"https:\/\/www.ircica.org\/fr\/wp-json\/wp\/v2\/types\/product"}],"wp:featuredmedia":[{"embeddable":true,"href":"https:\/\/www.ircica.org\/fr\/wp-json\/wp\/v2\/media\/3159"}],"wp:attachment":[{"href":"https:\/\/www.ircica.org\/fr\/wp-json\/wp\/v2\/media?parent=17430"}],"wp:term":[{"taxonomy":"product_cat","embeddable":true,"href":"https:\/\/www.ircica.org\/fr\/wp-json\/wp\/v2\/product_cat?post=17430"},{"taxonomy":"product_tag","embeddable":true,"href":"https:\/\/www.ircica.org\/fr\/wp-json\/wp\/v2\/product_tag?post=17430"}],"curies":[{"name":"wp","href":"https:\/\/api.w.org\/{rel}","templated":true}]}}