{"id":17495,"date":"2019-05-01T00:00:00","date_gmt":"2019-04-30T21:00:00","guid":{"rendered":"https:\/\/www.ircica.org\/publications\/non%20class\u00e9\/catalogue-winners-plates-in-the-ircica-eleventh-international-calligraphy-competition"},"modified":"2024-01-08T16:17:17","modified_gmt":"2024-01-08T13:17:17","slug":"catalogue-des-oeuvres-primees-de-lonzieme-concours-international-de-calligraphie-au-nom-de-mehmed-chevki-efendi-1245-1304-h-1829-1887-ad","status":"publish","type":"product","link":"https:\/\/www.ircica.org\/fr\/publications\/arts-artisanats\/catalogue-des-oeuvres-primees-de-lonzieme-concours-international-de-calligraphie","title":{"rendered":"Catalogue des \u0153uvres prim\u00e9es de l\u2019Onzi\u00e8me concours international de calligraphie"},"content":{"rendered":"<p>L\u2019Onzi\u00e8me Concours international de calligraphie de l\u2019ircica avait \u00e9t\u00e9 lanc\u00e9 en 2018 et finalis\u00e9 en 2019. Ses r\u00e9sultats avaient \u00e9t\u00e9 annonc\u00e9s par une conf\u00e9rence de presse tenue au si\u00e8ge de l\u2019ircica le 20 avril 2019. Les \u0153uvres prim\u00e9es avaient \u00e9t\u00e9 expos\u00e9es d\u2019abord \u00e0 l\u2019ircica, puis dans diff\u00e9rents pays. 613 calligraphes de 38 pays avaient particip\u00e9 au concours. 52 calligraphes de 11 pays avaient gagn\u00e9 des prix, \u00e0 savoir l\u2019Alg\u00e9rie, l\u2019\u00c9gypte, l\u2019Indon\u00e9sie, l\u2019Iran, l\u2019Irak, la Malaisie, le Maroc, la Palestine, la Syrie, la Turquie et le Y\u00e9men.<\/p>\n<p>Suivant la tradition de l\u2019ircica de d\u00e9dier chaque concours \u00e0 un \u00e9minent artiste du domaine, l\u2019onzi\u00e8me concours avait \u00e9t\u00e9 d\u00e9di\u00e9 au nom du ma\u00eetre calligraphe Mehmed Chevki Efendi (1829-1887), qui est connu pour son style distinct dans l\u2019\u00e9criture du thuluth, du naskh et du riq\u2019a. Il a travaill\u00e9 au Secr\u00e9tariat du Minist\u00e8re de la D\u00e9fense de l\u2019\u00c9tat ottoman et \u00e9galement enseign\u00e9 la calligraphie dans les \u00e9coles militaires d\u2019Istanbul. Les cahiers d\u2019exercice qu\u2019il avait con\u00e7us et utilis\u00e9s lui-m\u00eame pour les \u00e9critures thuluth et naskh avaient \u00e9t\u00e9 publi\u00e9s par l\u2019ircica en 1999.<\/p>\n<p>Ce catalogue contient les reproductions des \u0153uvres prim\u00e9es dans chacune des cat\u00e9gories de styles compris dans ce concours, \u00e0 savoir le j\u00e9li thuluth, le tuluth, le naskh, le muhakkak, le thuluth naskh, le j\u00e9li talik, le talik, le j\u00e9li divani, le divani, et le kufique.<\/p>\n","protected":false},"excerpt":{"rendered":"<p>Directeur du projet: Prof.Dr. Halit Eren<br \/>\nPr\u00e9par\u00e9 par: Said Kas\u0131mo\u011flu<br \/>\nIRCICA, Istanbul, 2019, 120 p.<br \/>\nISBN-9789290633693<br \/>\nTextes en Anglais, Arabe et Turc.<\/p>\n","protected":false},"featured_media":4777,"template":"","meta":{"_acf_changed":false,"_mi_skip_tracking":false},"product_cat":[189],"product_tag":[374,375],"class_list":{"0":"post-17495","1":"product","2":"type-product","3":"status-publish","4":"has-post-thumbnail","6":"product_cat-arts-artisanats","7":"product_tag-calligraphy-4-fr","8":"product_tag-ircica-4-fr","10":"first","11":"instock","12":"shipping-taxable","13":"product-type-simple"},"acf":[],"aioseo_notices":[],"_links":{"self":[{"href":"https:\/\/www.ircica.org\/fr\/wp-json\/wp\/v2\/product\/17495","targetHints":{"allow":["GET"]}}],"collection":[{"href":"https:\/\/www.ircica.org\/fr\/wp-json\/wp\/v2\/product"}],"about":[{"href":"https:\/\/www.ircica.org\/fr\/wp-json\/wp\/v2\/types\/product"}],"wp:featuredmedia":[{"embeddable":true,"href":"https:\/\/www.ircica.org\/fr\/wp-json\/wp\/v2\/media\/4777"}],"wp:attachment":[{"href":"https:\/\/www.ircica.org\/fr\/wp-json\/wp\/v2\/media?parent=17495"}],"wp:term":[{"taxonomy":"product_cat","embeddable":true,"href":"https:\/\/www.ircica.org\/fr\/wp-json\/wp\/v2\/product_cat?post=17495"},{"taxonomy":"product_tag","embeddable":true,"href":"https:\/\/www.ircica.org\/fr\/wp-json\/wp\/v2\/product_tag?post=17495"}],"curies":[{"name":"wp","href":"https:\/\/api.w.org\/{rel}","templated":true}]}}