{"id":17512,"date":"2020-01-01T12:04:43","date_gmt":"2020-01-01T09:04:43","guid":{"rendered":"https:\/\/www.ircica.org\/publications\/non%20class\u00e9\/islamic-history-and-civilization-south-asia"},"modified":"2024-01-10T15:45:45","modified_gmt":"2024-01-10T12:45:45","slug":"islamic-history-and-civilization-south-asia-histoire-et-civilisation-islamiques-asie-du-sud","status":"publish","type":"product","link":"https:\/\/www.ircica.org\/fr\/publications\/histoire-de-la-civilisation-islamique\/asie\/asie-du-sud-asie-du-sud-est\/islamic-history-and-civilization-south-asia-histoire-et-civilisation-islamiques-asie-du-sud","title":{"rendered":"Islamic History and Civilization. South Asia (Histoire et civilisation islamiques. Asie du sud)"},"content":{"rendered":"<p>L\u2019IRCICA s\u2019est engag\u00e9 dans un projet de recherche de grande envergure comportant plusieurs volumes de recherches dans le domaine de \u201cL\u2019Histoire et la Civilisation Islamiques\u201d et visant \u00e0 pr\u00e9senter une vue d\u2019ensemble de l\u2019histoire et du patrimoine civilisationnel islamiques \u00e0 partir du temps du Proph\u00e8te Muhammad (SAW) par ordre chronologique et dans une perspective g\u00e9ographique. Le directeur du projet est le Prof. Dr. Halit Eren. Le projet est planifi\u00e9 de mani\u00e8re \u00e0 produire plusieurs volumes couvrant le riche patrimoine historique des nations musulmanes dans ses diff\u00e9rentes p\u00e9riodes et r\u00e9gions g\u00e9ographiques, r\u00e9dig\u00e9s dans leur plus grande partie par des sp\u00e9cialistes en provenance de chaque r\u00e9gion.<\/p>\n<p>Le premier volume pr\u00e9par\u00e9 dans le contexte de ce projet \u00e0 long terme se rapporte \u00e0 la r\u00e9gion de l\u2019Asie du sud. Il a \u00e9t\u00e9 publi\u00e9 fin 2020. Ce volume, produit en langue anglaise, a \u00e9t\u00e9 \u00e9dit\u00e9 par les professeurs Khurram Qadir et Faraz Anjum, tous les deux d\u2019\u00e9minents sp\u00e9cialistes de la r\u00e9gion. Les fonctions acad\u00e9miques remplies par le Prof. Khurram Qadir comprennent les suivantes : pr\u00e9sident de la Chaire d\u2019histoire \u00e0 l\u2019Universit\u00e9 Bahauddin Zakariyya, \u00e0 Multan ; Chef du d\u00e9partement d\u2019histoire \u00e0 l\u2019Universit\u00e9 Internationale Islamique, Islamabad, Pakistan ; ex-Directeur de l\u2019Institut National de Recherches Historiques et Culturelles, Universit\u00e9 de Quaid-e Azam. Quant au Prof. Faraz Anjum, il est Ma\u00eetre conf\u00e9rencier en histoire \u00e0 l\u2019Universit\u00e9 de Pendjab \u00e0 Lahore, Pakistan.<\/p>\n<p>Le volume comprend les contributions de seize experts \u00e9minents travaillant dans le domaine de l\u2019histoire et la civilisation islamiques dans le sud asiatique. La premi\u00e8re partie de l\u2019ouvrage s\u2019intitule \u00ab Les arriv\u00e9es musulmanes en Asie du sud \u00bb. Cette partie comprend plusieurs articles au sujet des premiers sultanats musulmans en Asie du sud et des analyses d\u00e9taill\u00e9es sur des sujets vari\u00e9s comme l\u2019administration de l\u2019\u00e9tat, la vie \u00e9conomique et sociale, la science, l\u2019\u00e9ducation et la culture : le commerce ; l\u2019art et l\u2019architecture. La partie suivante du volume traite de la fragmentation de la gouvernance musulmane et la pr\u00e9pond\u00e9rance des sultanats localis\u00e9s. La politique musulmane dans les r\u00e9gions de Baharat et de Deccan est \u00e9valu\u00e9e par r\u00e9f\u00e9rence aux divers \u00e9tats, comme par exemple l\u2019Empire Baburi \/ Mughal, ainsi que les plus petits \u00e9tats qui se sont form\u00e9s apr\u00e8s le d\u00e9clin des Mughals. Dans ce contexte, des \u00e9v\u00e9nements historiques cl\u00e9s, comme le d\u00e9veloppement de la civilisation islamique sous la direction centralis\u00e9e de l\u2019Empire mughal, et les \u00e9tats des zones frontali\u00e8res comme Baloutchistan, Sindh, Bhopal, Hyderabad, Awadh et Khyber sont analys\u00e9s par des experts de marque.<\/p>\n<p>Ce volume contient \u00e9galement des aper\u00e7us g\u00e9n\u00e9raux de th\u00e8mes vastes comme : la p\u00e9riode coloniale dans le contexte des nations musulmanes de l\u2019Asie du sud, les relations des musulmans de la r\u00e9gion avec le Califat ottoman ; et, les contributions de la r\u00e9gion \u00e0 la culture et la civilisation islamiques.<\/p>\n<p>\u00c0 c\u00f4t\u00e9 du Prof. Khurram Qadir et du Prof. Faraz Anjum qui ont contribu\u00e9 \u00e0 ce volume \u00e0 la fois comme \u00e9diteurs et comme auteurs, le Dr. Salma Farooqui, Directeur du Centre de H.K. Cherwani d\u2019\u00c9tudes du Deccan \u00e0 Hyderabad a contribu\u00e9 en \u00e9crivant cinq chapitres. Le Prof. Azmi \u00d6zcan de l\u2019IRCICA et feu Prof. Khaliq Ahmad Nizami de l\u2019Universit\u00e9 d\u2019Aligarh en Inde ont contribu\u00e9 un chapitre.<\/p>\n<p>Enrichi par des cartes historiques et topographiques, des sch\u00e9mas, des tableaux g\u00e9n\u00e9alogiques et des illustrations de sites historiques, ce volume repr\u00e9sente une contribution encyclop\u00e9dique aux \u00e9tudes sur l\u2019histoire de la civilisation islamique en Asie du sud. Le fait que les auteurs eux-m\u00eames proviennent de la r\u00e9gion rend le volume v\u00e9ritablement authentique et en fait un ouvrage endog\u00e8ne soutenu et sponsoris\u00e9 par l\u2019IRCICA en sa capacit\u00e9 d\u2019organe subsidiaire de l\u2019OCI. Ce livre est attendu de prendre sa place dans les biblioth\u00e8ques en tant que r\u00e9f\u00e9rence majeure sp\u00e9cialis\u00e9e sur les diff\u00e9rentes p\u00e9riodes historiques et diff\u00e9rents aspects de l\u2019h\u00e9ritage des nations musulmanes de la r\u00e9gion.<\/p>\n","protected":false},"excerpt":{"rendered":"<p>Directeur du projet: Prof. Halit Eren ;<br \/>\n\u00c9diteur : Prof. Khurram Qadir;<br \/>\nPr\u00e9par\u00e9 pour la publication par: Prof. Azmi \u00d6zcan, Prof. Sad\u0131k \u00dcnay, Samet Yal\u00e7\u0131n;<br \/>\nS\u00e9rie d\u2019\u00e9tudes et de sources sur l\u2019Histoire de la Civilisation islamique, nr. 48, IRCICA, 2020, 472 p.<\/p>\n","protected":false},"featured_media":17509,"template":"","meta":{"_acf_changed":false,"_mi_skip_tracking":false},"product_cat":[196],"product_tag":[],"class_list":{"0":"post-17512","1":"product","2":"type-product","3":"status-publish","4":"has-post-thumbnail","6":"product_cat-asie-du-sud-asie-du-sud-est","8":"first","9":"instock","10":"shipping-taxable","11":"product-type-simple"},"acf":[],"aioseo_notices":[],"_links":{"self":[{"href":"https:\/\/www.ircica.org\/fr\/wp-json\/wp\/v2\/product\/17512","targetHints":{"allow":["GET"]}}],"collection":[{"href":"https:\/\/www.ircica.org\/fr\/wp-json\/wp\/v2\/product"}],"about":[{"href":"https:\/\/www.ircica.org\/fr\/wp-json\/wp\/v2\/types\/product"}],"wp:featuredmedia":[{"embeddable":true,"href":"https:\/\/www.ircica.org\/fr\/wp-json\/wp\/v2\/media\/17509"}],"wp:attachment":[{"href":"https:\/\/www.ircica.org\/fr\/wp-json\/wp\/v2\/media?parent=17512"}],"wp:term":[{"taxonomy":"product_cat","embeddable":true,"href":"https:\/\/www.ircica.org\/fr\/wp-json\/wp\/v2\/product_cat?post=17512"},{"taxonomy":"product_tag","embeddable":true,"href":"https:\/\/www.ircica.org\/fr\/wp-json\/wp\/v2\/product_tag?post=17512"}],"curies":[{"name":"wp","href":"https:\/\/api.w.org\/{rel}","templated":true}]}}