{"id":17554,"date":"2020-01-01T10:00:33","date_gmt":"2020-01-01T07:00:33","guid":{"rendered":"https:\/\/www.ircica.org\/publications\/non%20class\u00e9\/proceedings-of-the-international-congress-on-korea-and-the-muslim-world"},"modified":"2024-01-10T15:55:27","modified_gmt":"2024-01-10T12:55:27","slug":"actes-du-congres-international-sur-la-coree-et-le-monde-musulman-rencontres-historiques-et-culturelles","status":"publish","type":"product","link":"https:\/\/www.ircica.org\/fr\/publications\/histoire-de-la-civilisation-islamique\/asie\/asie-du-sud-asie-du-sud-est\/la-coree-et-le-monde-musulman-rencontres-historiques-et-culturelles","title":{"rendered":"La Cor\u00e9e et le monde musulman : rencontres historiques et culturelles"},"content":{"rendered":"<p>Le congr\u00e8s international sur \u00ab La Cor\u00e9e et le Monde musulman: rencontres historiques et culturelles \u00bb avait \u00e9t\u00e9 organis\u00e9 conjointement par l\u2019IRCICA et le Laboratoire de recherche sur les \u00c9tudes cor\u00e9ennes au Moyen-Orient de l\u2019Universit\u00e9 de Hanyang (Cor\u00e9e). It s\u2019\u00e9tait tenu au si\u00e8ge de l\u2019IRCICA les 24 et 25 avril 2018. Il avait \u00e9t\u00e9 observ\u00e9 pendant ce congr\u00e8s que malgr\u00e9 leurs diff\u00e9rences culturelles, la Cor\u00e9e et le monde musulman partagent des similarit\u00e9s quant \u00e0 leurs exp\u00e9riences historiques, leurs normes et traditions sociales. Des m\u00e9moires partag\u00e9es de leur pass\u00e9 et les interactions s\u2019\u00e9tant d\u00e9roul\u00e9es entre leurs peuples \u00e0 travers le commerce, les voyages et les \u00e9changes scientifiques, ont contribu\u00e9 \u00e0 renforcer leurs affinit\u00e9s et rapprochement.<\/p>\n<p>Le congr\u00e8s et l\u2019ouvrage qui en a r\u00e9sult\u00e9 se situent \u00e0 l\u2019intersection des \u00e9tudes islamiques et des \u00e9tudes cor\u00e9ennes. Les articles traitent des divers aspects et phases des relations entre les deux mondes. En m\u00eame temps, ils refl\u00e8tent les points attirant l\u2019attention et l\u2019int\u00e9r\u00eat des sp\u00e9cialistes se situant \u00e0 ce croisement. Le livre contient douze articles.<\/p>\n<p>Ce congr\u00e8s \u00e9tait le premier de son genre. Il a r\u00e9sult\u00e9 de la coop\u00e9ration entre l\u2019IRCICA et le Prof. Hee Soo Lee, qui est le Directeur du Laboratoire de recherche sur les \u00c9tudes cor\u00e9ennes au Moyen-Orient de l\u2019Universit\u00e9 de Hanyang. Dans son allocution d\u2019ouverture au congr\u00e8s, Prof. Hee Soo Lee a indiqu\u00e9 que l\u2019histoire des relations entre la Cor\u00e9e et le monde musulman date de plus de 1300 ans, ce dont t\u00e9moignent, parmi bien d\u2019autres \u00e9vidences, les objets arch\u00e9ologiques r\u00e9sultant de leurs \u00e9changes commerciaux et leurs contacts diplomatiques. L\u2019aspect interculturel contenu dans cette histoire m\u00e9rite d\u2019\u00eatre explor\u00e9 \u00e0 fond ; il pourra r\u00e9v\u00e9ler des \u00e9claircissements pour une meilleure compr\u00e9hension de cette relation et d\u2019autres caract\u00e9ristiques de l\u2019histoire et de la culture de la Cor\u00e9e et du monde musulman. Les sessions du congr\u00e8s s\u2019intitulaient : aspects historiques des relations entre la Cor\u00e9e et le monde musulman; aspects litt\u00e9raires et culturels ; rencontres intellectuelles ; et, aspects \u00e9conomiques, industriels et commerciaux des relations.<\/p>\n","protected":false},"excerpt":{"rendered":"<p>Actes du Congr\u00e8s international sur La Cor\u00e9e et le monde musulman<br \/>\nS\u00e9rie de Sources et d\u2019\u00e9tudes sur l\u2019Histoire de la Civilisation islamique nr. 41,<br \/>\nIstanbul, 2020. 236 p.<br \/>\n(en anglais)<\/p>\n","protected":false},"featured_media":17518,"template":"","meta":{"_acf_changed":false,"_mi_skip_tracking":false},"product_cat":[196],"product_tag":[],"class_list":{"0":"post-17554","1":"product","2":"type-product","3":"status-publish","4":"has-post-thumbnail","6":"product_cat-asie-du-sud-asie-du-sud-est","8":"first","9":"instock","10":"shipping-taxable","11":"product-type-simple"},"acf":[],"aioseo_notices":[],"_links":{"self":[{"href":"https:\/\/www.ircica.org\/fr\/wp-json\/wp\/v2\/product\/17554","targetHints":{"allow":["GET"]}}],"collection":[{"href":"https:\/\/www.ircica.org\/fr\/wp-json\/wp\/v2\/product"}],"about":[{"href":"https:\/\/www.ircica.org\/fr\/wp-json\/wp\/v2\/types\/product"}],"wp:featuredmedia":[{"embeddable":true,"href":"https:\/\/www.ircica.org\/fr\/wp-json\/wp\/v2\/media\/17518"}],"wp:attachment":[{"href":"https:\/\/www.ircica.org\/fr\/wp-json\/wp\/v2\/media?parent=17554"}],"wp:term":[{"taxonomy":"product_cat","embeddable":true,"href":"https:\/\/www.ircica.org\/fr\/wp-json\/wp\/v2\/product_cat?post=17554"},{"taxonomy":"product_tag","embeddable":true,"href":"https:\/\/www.ircica.org\/fr\/wp-json\/wp\/v2\/product_tag?post=17554"}],"curies":[{"name":"wp","href":"https:\/\/api.w.org\/{rel}","templated":true}]}}