{"id":17646,"date":"2019-06-16T14:01:11","date_gmt":"2019-06-16T11:01:11","guid":{"rendered":"https:\/\/www.ircica.org\/publications\/non%20class\u00e9\/proceedings-of-the-second-international-congress-on-islamic-civilisation-in-southern-africa"},"modified":"2024-01-10T16:10:29","modified_gmt":"2024-01-10T13:10:29","slug":"proceedings-of-the-second-international-congress-on-islamic-civilisation-in-southern-africa","status":"publish","type":"product","link":"https:\/\/www.ircica.org\/fr\/publications\/histoire-de-la-civilisation-islamique\/asie\/asie-du-sud-asie-du-sud-est\/les-actes-du-deuxieme-congres-international-sur-la-civilisation-islamique-en-afrique-australe","title":{"rendered":"Les actes du deuxi\u00e8me congr\u00e8s international sur la civilisation islamique en Afrique australe"},"content":{"rendered":"<p>Le congr\u00e8s international sur \u00abla civilisation islamique en Afrique australe\u00bb a \u00e9t\u00e9 organis\u00e9 par l\u2019IRCICA , la Fondation nationale Awqaf d&rsquo;Afrique du Sud (Awqaf SA), l&rsquo;Universit\u00e9 de Kwazulu-Natal (UKZN) et l&rsquo;International Peace College South Africa (IPSA), \u00e0 Durban, en Afrique du Sud, du 4 au 6 mars 2016. Des institutions m\u00e9diatiques d&rsquo;Afrique du Sud ont contribu\u00e9 \u00e0 l&rsquo;organisation du congr\u00e8s, \u00e0 savoir ITV, Radio Al Ansaar et la Chambre de Commerce Minara. Le congr\u00e8s en question est le deuxi\u00e8me \u00e0 traiter du sujet apr\u00e8s le premier organis\u00e9 en 2006 \u00e0 Johannesburg par l\u2019IRCICA , l\u2019Awqaf SA et l\u2019Universit\u00e9 de Johannesburg. D\u2019utiles contributions ont \u00e9t\u00e9 fournies au congr\u00e8s de Durban par des universitaires, des sp\u00e9cialistes des m\u00e9dias et des \u00e9diteurs, des repr\u00e9sentants d&rsquo;\u00e9tablissements communautaires. Les participants \u00e9taient originaires du Botswana, d&rsquo;Ouganda, des \u00c9tats-Unis, d&rsquo;Afrique du Sud et du Zimbabwe. Les sujets d&rsquo;histoire et de culture abord\u00e9s lors du congr\u00e8s ont port\u00e9 sur toute la r\u00e9gion de l&rsquo;Afrique australe. Voici quelques-uns des sujets abord\u00e9s dans les articles de recherche contenus dans le livre: la vie sociale et l\u2019administration des communaut\u00e9s musulmanes en Afrique du Sud; les institutions sociales, en particulier les fondations caritatives; les programmes et les politiques de d\u00e9veloppement de l&rsquo;\u00e9ducation ; les pratiques et les traditions sociales impliquant des interactions entre des traditions locales et islamiques; l\u2019apport des musulmans aux processus d&rsquo;ind\u00e9pendance nationale en Afrique du Sud ; les \u00e9tudes savantes et la litt\u00e9rature sur les minorit\u00e9s musulmanes ; les institutions m\u00e9diatiques, les \u00e9missions et les publications.<\/p>\n","protected":false},"excerpt":{"rendered":"<p>Mars 2016, Durban<br \/>\n\u00c9dit\u00e9 par Halit Eren<br \/>\nPr\u00e9par\u00e9 pour publication par Sad\u0131k \u00dcnay, Samet Yal\u00e7\u0131n, Enes Harb<br \/>\nIstanbul, 2019. 223 P.<br \/>\nEn Anglais<\/p>\n","protected":false},"featured_media":17616,"template":"","meta":{"_acf_changed":false,"_mi_skip_tracking":false},"product_cat":[196],"product_tag":[],"class_list":{"0":"post-17646","1":"product","2":"type-product","3":"status-publish","4":"has-post-thumbnail","6":"product_cat-asie-du-sud-asie-du-sud-est","8":"first","9":"instock","10":"shipping-taxable","11":"product-type-simple"},"acf":[],"aioseo_notices":[],"_links":{"self":[{"href":"https:\/\/www.ircica.org\/fr\/wp-json\/wp\/v2\/product\/17646","targetHints":{"allow":["GET"]}}],"collection":[{"href":"https:\/\/www.ircica.org\/fr\/wp-json\/wp\/v2\/product"}],"about":[{"href":"https:\/\/www.ircica.org\/fr\/wp-json\/wp\/v2\/types\/product"}],"wp:featuredmedia":[{"embeddable":true,"href":"https:\/\/www.ircica.org\/fr\/wp-json\/wp\/v2\/media\/17616"}],"wp:attachment":[{"href":"https:\/\/www.ircica.org\/fr\/wp-json\/wp\/v2\/media?parent=17646"}],"wp:term":[{"taxonomy":"product_cat","embeddable":true,"href":"https:\/\/www.ircica.org\/fr\/wp-json\/wp\/v2\/product_cat?post=17646"},{"taxonomy":"product_tag","embeddable":true,"href":"https:\/\/www.ircica.org\/fr\/wp-json\/wp\/v2\/product_tag?post=17646"}],"curies":[{"name":"wp","href":"https:\/\/api.w.org\/{rel}","templated":true}]}}