{"id":17948,"date":"2020-05-29T10:11:58","date_gmt":"2020-05-29T07:11:58","guid":{"rendered":"https:\/\/www.ircica.org\/publications\/non%20class\u00e9\/islamic-civilization-and-art-in-central-asia-past-and-present"},"modified":"2024-01-10T14:44:43","modified_gmt":"2024-01-10T11:44:43","slug":"la-civilisation-et-lart-islamiques-en-asie-centrale-passe-et-present","status":"publish","type":"product","link":"https:\/\/www.ircica.org\/fr\/publications\/histoire-de-la-civilisation-islamique\/asie\/asie-centrale-et-caucase\/la-civilisation-et-lart-islamiques-en-asie-centrale-passe-et-present","title":{"rendered":"La civilisation et l\u2019art islamiques en Asie centrale : pass\u00e9 et pr\u00e9sent"},"content":{"rendered":"<p>La ville de Boukhara, Ouzb\u00e9kistan, a \u00e9t\u00e9 d\u00e9sign\u00e9e Capitale culturelle islamique au titre de 2020 pour la r\u00e9gion asiatique, par d\u00e9cision de la Neuvi\u00e8me Conf\u00e9rence des ministres de la Culture de l\u2019OCI tenue \u00e0 Mascate, Oman, en 2015 ; Bamako, Mali et Le Caire, \u00c9gypte, ont \u00e9t\u00e9 d\u00e9sign\u00e9es capitales culturelles islamiques respectives pour les r\u00e9gions africaine et arabe. Dans le cadre de la comm\u00e9moration de \u00ab Boukhara, capitale culturelle islamique au titre de 2020 \u00bb, une conf\u00e9rence internationale en ligne a \u00e9t\u00e9 organis\u00e9e par le Centre de la civilisation islamique en Ouzb\u00e9kistan de l\u2019Acad\u00e9mie islamique internationale d\u2019Ouzb\u00e9kistan, conjointement avec le minist\u00e8re de la Culture d\u2019Ouzb\u00e9kistan, l\u2019IRCICA et l\u2019ICESCO. Tenue le 28 mai 2020, la conf\u00e9rence a port\u00e9 sur le th\u00e8me suivant : \u00ab Le r\u00f4le et la contribution de Boukhara \u00e0 la civilisation islamique \u00bb. Le th\u00e8me a \u00e9t\u00e9 abord\u00e9 de mani\u00e8re exhaustive par des universitaires et des experts depuis des universit\u00e9s et des centres de recherche de divers pays. Environ 100 participants de 20 pays ont suivi la conf\u00e9rence en ligne.<\/p>\n<p>Les deux volumes du livre comprennent des articles pr\u00e9sent\u00e9s sous les th\u00e8mes suivants : \u00ab La civilisation et l\u2019art islamiques dans le monde musulman : pass\u00e9 et pr\u00e9sent \u00bb (54 articles), \u00ab Etude du patrimoine intellectuel des philosophes d\u2019Asie centrale \u00bb (55 articles) ; \u00ab \u00c9pigraphie et architecture des civilisations historiques en Asie centrale \u00bb (19 articles) ; \u00ab Similitudes et particularit\u00e9s des coutumes et traditions des peuples d\u2019Asie centrale \u00bb (11 articles). Les cinq articles en anglais sont : Gulchehra Tulemetova, Orifa Gulomova, \u00ab Probl\u00e8mes de v\u00e9rification des textes scientifiques dans les \u0153uvres des th\u00e9ologiens et philosophes islamiques de Boukhara aux VIII-XII si\u00e8cles \u00bb ; Avazbek Ganiyev, \u00ab Le Kharaj et le syst\u00e8me de collecte de la Zakat dans l\u2019\u00e9mirat de Boukhara \u00e0 la veille de la conqu\u00eate de l\u2019Empire russe \u00bb ; Farzona Rakhimova, \u00ab Importance des sources litt\u00e9raires dans l\u2019apprentissage de la culture arabe \u00bb ; Gulchehra Navruzova, \u00ab La voie de la perfection d\u2019une personne dans \u00ab\u00a0Risola-i Hazrat Azizon\u00a0\u00bb \u00bb ; et Asalkhon Rakhmatullaeva, \u00ab Un bref aper\u00e7u des miniatures dans les \u0153uvres d\u2019Amir Khusraw Dehlevi \u00bb. Les volumes commencent par les pr\u00e9faces du recteur de l\u2019Acad\u00e9mie internationale islamique d\u2019Ouzb\u00e9kistan, le professeur Dr Rustam Kasimov et du directeur du Centre pour la civilisation islamique d\u2019Ouzb\u00e9kistan l\u2019Amb. Dr. Shoazim Minovarov, qui soulignent le r\u00f4le jou\u00e9 par Boukhara en tant que centre scientifique et philosophique pendant de nombreux si\u00e8cles depuis l\u2019av\u00e8nement de l\u2019Islam dans la r\u00e9gion.<\/p>\n","protected":false},"excerpt":{"rendered":"<p><strong>Documents de la conf\u00e9rence internationale en ligne organis\u00e9e dans le cadre du forum \u00ab\u00a0Boukhara &#8211; Capitale culturelle islamique au titre de 2020\u00a0\u00bb, 28-29 mai, ann\u00e9e 2020.<\/strong><br \/>\nLe Centre de la Civilisation en Ouzb\u00e9kistan, de l\u2019Acad\u00e9mie islamique internationale d\u2019Ouzb\u00e9kistan ;<br \/>\nle Centre de recherche sur l\u2019histoire, l\u2019art et la culture islamiques (IRCICA), de l\u2019Organisation de la coop\u00e9ration islamique\u00a0;<br \/>\nTachkent\u00a0: Association d\u2019\u00e9dition et d\u2019impression de l\u2019Acad\u00e9mie islamique internationale d\u2019Ouzb\u00e9kistan, 2020, vol. I\u00a0: 454 p., vol. II\u00a0: 454\u00a0p.<br \/>\n(articles en ouzbek, anglais et russe)<\/p>\n","protected":false},"featured_media":17901,"template":"","meta":{"_acf_changed":false,"_mi_skip_tracking":false},"product_cat":[181,200,164],"product_tag":[],"class_list":{"0":"post-17948","1":"product","2":"type-product","3":"status-publish","4":"has-post-thumbnail","6":"product_cat-asie","7":"product_cat-asie-centrale-et-caucase","8":"product_cat-histoire-de-la-civilisation-islamique","10":"first","11":"instock","12":"shipping-taxable","13":"product-type-simple"},"acf":[],"aioseo_notices":[],"_links":{"self":[{"href":"https:\/\/www.ircica.org\/fr\/wp-json\/wp\/v2\/product\/17948","targetHints":{"allow":["GET"]}}],"collection":[{"href":"https:\/\/www.ircica.org\/fr\/wp-json\/wp\/v2\/product"}],"about":[{"href":"https:\/\/www.ircica.org\/fr\/wp-json\/wp\/v2\/types\/product"}],"wp:featuredmedia":[{"embeddable":true,"href":"https:\/\/www.ircica.org\/fr\/wp-json\/wp\/v2\/media\/17901"}],"wp:attachment":[{"href":"https:\/\/www.ircica.org\/fr\/wp-json\/wp\/v2\/media?parent=17948"}],"wp:term":[{"taxonomy":"product_cat","embeddable":true,"href":"https:\/\/www.ircica.org\/fr\/wp-json\/wp\/v2\/product_cat?post=17948"},{"taxonomy":"product_tag","embeddable":true,"href":"https:\/\/www.ircica.org\/fr\/wp-json\/wp\/v2\/product_tag?post=17948"}],"curies":[{"name":"wp","href":"https:\/\/api.w.org\/{rel}","templated":true}]}}