{"id":17981,"date":"2021-12-21T11:58:35","date_gmt":"2021-12-21T08:58:35","guid":{"rendered":"https:\/\/www.ircica.org\/publications\/non%20class\u00e9\/islamic-civilization-in-central-asia-past-and-present"},"modified":"2024-01-10T12:54:11","modified_gmt":"2024-01-10T09:54:11","slug":"la-civilisation-islamique-en-asie-centrale-passe-et-present","status":"publish","type":"product","link":"https:\/\/www.ircica.org\/fr\/publications\/histoire-de-la-civilisation-islamique\/asie\/asie-centrale-et-caucase\/la-civilisation-islamique-en-asie-centrale-passe-et-present","title":{"rendered":"La civilisation islamique en Asie centrale : pass\u00e9 et pr\u00e9sent"},"content":{"rendered":"<p>L\u2019Acad\u00e9mie islamique internationale d\u2019Ouzb\u00e9kistan, Tachkent, et l\u2019IRCICA ont conjointement organis\u00e9 une conf\u00e9rence internationale hybride sur \u00ab La civilisation islamique en Asie centrale : pass\u00e9 et pr\u00e9sent \u00bb, \u00e0 Tachkent, le 14 octobre 2021. La conf\u00e9rence a re\u00e7u plus de 100 articles de recherche et fut la deuxi\u00e8me \u00e9dition de la conf\u00e9rence internationale sur \u00ab La culture, les traditions et coutumes religieuses des peuples d\u2019Asie centrale \u00bb qui a \u00e9t\u00e9 organis\u00e9e par les deux institutions exactement un an auparavant, le 14 octobre 2020. Les articles de la conf\u00e9rence 2020 ont \u00e9t\u00e9 publi\u00e9s en 2021, sous le titre : \u00ab La culture, les traditions et coutumes religieuses des peuples d\u2019Asie centrale. Les actes de la conf\u00e9rence scientifique et pratique organis\u00e9e par l\u2019Acad\u00e9mie islamique internationale d\u2019Ouzb\u00e9kistan et l\u2019IRCICA, Tachkent : Association d\u2019\u00e9dition et d\u2019impression de l\u2019Acad\u00e9mie islamique internationale d\u2019Ouzb\u00e9kistan, Tachkent 2021. 314 pages (en anglais, ouzbek et russe) \u00bb, et pr\u00e9sent\u00e9s dans le bulletin d\u2019informations de l\u2019IRCICA no. 114 (janvier-mai 2021). La pr\u00e9sente collection d\u2019articles r\u00e9sultant de la deuxi\u00e8me conf\u00e9rence commence par les avant-propos de l\u2019Amb. Dr. Shoazim Minovarov, directeur du Centre pour la civilisation islamique en Ouzb\u00e9kistan ; de l\u2019Amb. Prof. Dr Mahmud Erol K\u0131l\u0131\u00e7, directeur g\u00e9n\u00e9ral de l\u2019IRCICA ; du Prof. Dr. Muzaffar Kamilov, recteur de l\u2019Acad\u00e9mie islamique internationale d\u2019Ouzb\u00e9kistan, et d\u2019autres dignitaires ayant pris la parole lors de la s\u00e9ance d\u2019ouverture de la conf\u00e9rence. Les avant-propos soulignent l\u2019importance de promouvoir les \u00e9tudes sur l\u2019histoire et le patrimoine des contributions de l\u2019Asie centrale \u00e0 la civilisation islamique. Il est fait r\u00e9f\u00e9rence, \u00e0 cet \u00e9gard, \u00e0 la Chaire de l\u2019IRCICA d\u2019histoire islamique et d\u2019\u00e9tudes des sources qui rel\u00e8ve de l\u2019Acad\u00e9mie islamique internationale d\u2019Ouzb\u00e9kistan.<\/p>\n<p>La premi\u00e8re section du livre, sur le th\u00e8me \u00ab L\u2019h\u00e9ritage scientifique et spirituel des savants d\u2019Asie centrale \u00bb, compte 53 articles ; le deuxi\u00e8me, sur \u00ab La civilisation et l\u2019art islamiques dans la r\u00e9gion de l\u2019Asie centrale \u00bb comprend 22 articles ; le troisi\u00e8me, sur \u00ab L\u2019\u00e9pigraphie et l\u2019architecture des civilisations historiques d\u2019Asie centrale \u00bb, 14 articles, et le quatri\u00e8me, sur \u00ab Les similitudes et particularit\u00e9s des coutumes et traditions des peuples d\u2019Asie centrale \u00bb, 23 articles. La majorit\u00e9 des articles sont en langue ouzb\u00e8ke ; ceux en anglais sont les suivants : Gavhar Fuzaliova, \u00ab Le grand penseur Ibn Sina sur l\u2019\u00e9ducation \u00bb, et Shahzod Khatamov, \u00ab La contribution des anc\u00eatres ouzbeks au d\u00e9veloppement de la culture islamique \u00bb.<\/p>\n","protected":false},"excerpt":{"rendered":"<p><strong>Collection des articles de la deuxi\u00e8me conf\u00e9rence scientifique et pratique internationale,<\/strong><br \/>\nl\u2019Acad\u00e9mie islamique internationale d\u2019Ouzb\u00e9kistan,<br \/>\nle Centre de recherche sur l\u2019histoire, l\u2019art et la culture islamiques (IRCICA),<br \/>\nTachkent : l\u2019Acad\u00e9mie islamique internationale d\u2019Ouzb\u00e9kistan, 2021, 364 p.<br \/>\n(articles en ouzbek, anglais, turc et russe)<\/p>\n","protected":false},"featured_media":17954,"template":"","meta":{"_acf_changed":false,"_mi_skip_tracking":false},"product_cat":[181,200,164],"product_tag":[],"class_list":{"0":"post-17981","1":"product","2":"type-product","3":"status-publish","4":"has-post-thumbnail","6":"product_cat-asie","7":"product_cat-asie-centrale-et-caucase","8":"product_cat-histoire-de-la-civilisation-islamique","10":"first","11":"instock","12":"shipping-taxable","13":"product-type-simple"},"acf":[],"aioseo_notices":[],"_links":{"self":[{"href":"https:\/\/www.ircica.org\/fr\/wp-json\/wp\/v2\/product\/17981","targetHints":{"allow":["GET"]}}],"collection":[{"href":"https:\/\/www.ircica.org\/fr\/wp-json\/wp\/v2\/product"}],"about":[{"href":"https:\/\/www.ircica.org\/fr\/wp-json\/wp\/v2\/types\/product"}],"wp:featuredmedia":[{"embeddable":true,"href":"https:\/\/www.ircica.org\/fr\/wp-json\/wp\/v2\/media\/17954"}],"wp:attachment":[{"href":"https:\/\/www.ircica.org\/fr\/wp-json\/wp\/v2\/media?parent=17981"}],"wp:term":[{"taxonomy":"product_cat","embeddable":true,"href":"https:\/\/www.ircica.org\/fr\/wp-json\/wp\/v2\/product_cat?post=17981"},{"taxonomy":"product_tag","embeddable":true,"href":"https:\/\/www.ircica.org\/fr\/wp-json\/wp\/v2\/product_tag?post=17981"}],"curies":[{"name":"wp","href":"https:\/\/api.w.org\/{rel}","templated":true}]}}