{"id":18019,"date":"2021-12-22T13:36:09","date_gmt":"2021-12-22T10:36:09","guid":{"rendered":"https:\/\/www.ircica.org\/publications\/non%20class\u00e9\/culture-religious-traditions-and-customs-of-central-asian-peoples"},"modified":"2024-01-10T12:48:57","modified_gmt":"2024-01-10T09:48:57","slug":"la-culture-et-les-traditions-et-coutumes-religieuses-des-peuples-dasie-centrale","status":"publish","type":"product","link":"https:\/\/www.ircica.org\/fr\/publications\/histoire-de-la-civilisation-islamique\/asie\/asie-centrale-et-caucase\/la-culture-et-les-traditions-et-coutumes-religieuses-des-peuples-dasie-centrale","title":{"rendered":"La culture et les traditions et coutumes religieuses des peuples d\u2019Asie centrale"},"content":{"rendered":"<p>Cette collection contient les expos\u00e9s de la conf\u00e9rence en ligne \u00ab La culture et les traditions et coutumes religieuses des peuples d\u2019Asie centrale \u00bb, qui a \u00e9t\u00e9 organis\u00e9e par l\u2019IRCICA et l\u2019Acad\u00e9mie islamique internationale d\u2019Ouzb\u00e9kistan (Tachkent), le 14 octobre 2020. Des professeurs et des conf\u00e9renciers d\u2019institutions \u00e9ducatives en Ouzb\u00e9kistan, des orientalistes,\u00a0 des chercheurs, des historiens, des architectes, et des repr\u00e9sentants de l\u2019art et de la culture du monde entier ont particip\u00e9 \u00e0 la conf\u00e9rence. Certaines des contributions \u00e9taient bas\u00e9es sur des recherches men\u00e9es par de jeunes chercheurs. Avant les s\u00e9ances de travail, des expos\u00e9s introductifs ont \u00e9t\u00e9 pr\u00e9sent\u00e9s par : Shuhrat Yovqochev, sur \u00ab La tol\u00e9rance religieuse, garantie de l\u2019harmonie et de la paix interethniques \u00bb ; Zohidjan Islamov, sur \u00ab De nouvelles sources pour \u00e9tudier l\u2019environnement scientifique de Khwarezm \u00bb ; Ashirbek Muminov, sur \u00ab Le patrimoine scientifique des savants d\u2019Asie centrale dans les livres d\u2019Ibn Kamal Pacha \u00bb ; Sadikbar Agzamxodjaev, sur \u00ab Les principales tendances de la culture de coop\u00e9ration entre les peuples d\u2019Asie centrale \u00bb ; Nematulloh Mukhamedov, sur \u00ab La recherche en histoire islamique et l\u2019\u00e9tude des sources \u00bb. Le livre contient les expos\u00e9s suivants, regroup\u00e9s sous les th\u00e8mes indiqu\u00e9s :<\/p>\n<p><em><strong>L\u2019histoire et la culture<\/strong><\/em><\/p>\n<p>Ganchkor dans l\u2019histoire des objets d\u2019art <em>(Sh. Sodiqova)<br \/>\n<\/em>Les caract\u00e9ristiques de l\u2019Islam \u00e0 son arriv\u00e9e en Asie centrale <em>(A. Hasanov)<br \/>\n<\/em>Aide du Turkestan au peuple de Bachkortostan <em>(A. Rasulov)<br \/>\n<\/em>Le d\u00e9veloppement de la culture des peuples d\u2019Asie centrale sous le r\u00e8gne de Tamerlan et des Timourides <em>(Q. Ergashev, T. Xatamov)<br \/>\n<\/em>Les attitudes \u00e9ducatives des penseurs de l\u2019Est <em>(G. Fuzailova)<br \/>\n<\/em>Quelques commentaires sur l\u2019histoire de la culture des Khanats d\u2019Asie centrale <em>(Sh. Kuldashev, Sh. Ruzmatova)<br \/>\n<\/em>V\u00e9n\u00e9ration des anc\u00eatres par les Ouzbeks <em>(G. Zununova)<br \/>\n<\/em>\u00c9tude sur les mat\u00e9riaux et les art\u00e9facts culturels et leur conservation au Mus\u00e9e des Arts de la R\u00e9publique d\u2019Ouzb\u00e9kistan <em>(T. Nuriddinova, D. Istamov)<br \/>\n<\/em>Histoire et d\u00e9veloppement de l\u2019anthropologie m\u00e9dicale <em>(X. Jumanazarov)<br \/>\n<\/em>Quelques observations sur le sort d\u2019un savant religieux qui a particip\u00e9 \u00e0 l\u2019incident de Sarbadar <em>(A. Zamonov)<br \/>\n<\/em>L\u2019\u00e9tude des processus religieux et spirituels li\u00e9s au cyberespace et \u00e0 l\u2019islam <em>(M. Abdullaeva)<br \/>\n<\/em>Quelques informations sur l\u2019histoire des Hephtalites en Asie centrale <em>(J.Kamolov)<br \/>\n<\/em>Particularit\u00e9s de la culture des Turkm\u00e8nes <em>(G. Mirzaev)<br \/>\n<\/em>L\u2019importance coloniale des mesures de recensement de la population au Turkestan en 1917 <em>(I. Gulamov)<br \/>\n<\/em>Les Tatars dans le syst\u00e8me militaro-politique du Turkestan <em>(R. Rasulova)<br \/>\n<\/em>Les activit\u00e9s du gouvernement sovi\u00e9tique dans l\u2019initiation des enfants \u00e0 l\u2019ath\u00e9isme et son attitude envers les traditions religieuses <em>(B. Djalolov)<br \/>\n<\/em>Les bijoux d\u2019Asie centrale (Les collections du mus\u00e9e d\u2019\u00c9tat des arts d\u2019Ouzb\u00e9kistan comme exemple) <em>(A. Ibragimova)<br \/>\n<\/em>L\u2019environnement litt\u00e9raire d\u2019Ubaydullah-khan et du sultan Hussein Bayqara : Les points communs et les diff\u00e9rences <em>(Sh. Qoraev)<br \/>\n<\/em>L\u2019impact des migrations dans la formation de la composition ethnique de la population du Khanat de Khiva <em>(U. Mahmudov)<br \/>\n<\/em>Quelques aspects de la coop\u00e9ration culturelle entre l\u2019Ouzb\u00e9kistan et le Kazakhstan <em>(A. Oltiboev)<br \/>\n<\/em>Corruption du r\u00e9gime au Turkestan <em>(Z. Abdullaev)<br \/>\n<\/em>L\u2019histoire de l\u2019imprimerie au Turkestan <em>(A. Sadriddinov)<br \/>\n<\/em>La situation actuelle des Ismailis en Asie centrale <em>(Sh. <\/em><em>Toxtiev)<br \/>\n<\/em>Quelques consid\u00e9rations dans l\u2019\u00e9tude de l\u2019histoire de l\u2019\u00e9mirat de Boukhara <em>(X. Otanov)<br \/>\n<\/em>Tamerlan et son r\u00f4le dans l\u2019histoire de la culture des peuples d\u2019Asie centrale <em>(M. Xo&rsquo;jamov)<br \/>\n<\/em>La vie urbaine \u00e0 l\u2019\u00e9poque de la dynastie arabe Shaheen <em>(G. Roziboyeva)<\/em><\/p>\n<p><strong>Traditions et coutumes religieuses<\/strong><strong>\u00a0<\/strong><\/p>\n<p>Le r\u00f4le du zoroastrisme dans la formation du soufisme <em>(R. Mardonov)<br \/>\n<\/em>Les traditions et coutumes et les c\u00e9r\u00e9monies chez les peuples d\u2019Asie centrale <em>(R. Matibaeva)<br \/>\n<\/em>La politique du gouvernement sovi\u00e9tique envers la religion dans les p\u00e9riodiques <em>(A. Mingnorov)<br \/>\n<\/em>Les penseurs d\u2019Asie centrale : La question du rapport entre l\u2019individu et la soci\u00e9t\u00e9 <em>(A. Saitqosimov)<br \/>\n<\/em>La relation entre les valeurs islamiques et la culture nationale <em>(A. Saitqosimov, B. Farfiev)<br \/>\n<\/em>Commentaire sur l\u2019artisanat des bijoux des peuples d\u2019Asie centrale <em>(S. Davlatova)<br \/>\n<\/em>L\u2019attitude des riches envers les traditions nationales du Turkestan au d\u00e9but du XX<sup>e<\/sup> si\u00e8cle <em>(Yo. Tayronov)<br \/>\n<\/em>P\u00e8lerinage aux lieux saints islamiques en Ouzb\u00e9kistan et l\u2019origine de cette tradition <em>(G. Tanieva)<br \/>\n<\/em>Points de vue des penseurs d\u2019Asie centrale dans le domaine de l\u2019\u00e9ducation <em>(D. Alibekov)<br \/>\n<\/em>La tradition de r\u00e9compense en Asie centrale <em>(D. Abdullaev)<br \/>\n<\/em>Les rites et f\u00eates religieux dans les p\u00e9riodiques au Turkestan (fin du XIX<sup>e<\/sup> &#8211; d\u00e9but du XX<sup>e<\/sup> si\u00e8cle) <em>(N. Raximdjanova)<br \/>\n<\/em>Le r\u00f4le des traditions islamiques dans la d\u00e9signation des noms aux enfants chez les Karakalpaks <em>(Q. Turekeev)<br \/>\n<\/em>Les traditions et les c\u00e9r\u00e9monies de mariage des Juifs de Boukhara <em>(J. Karimov)<br \/>\n<\/em>L\u2019\u00e9mergence du Paranja en Asie centrale <em>(A. Sunnatova)<br \/>\n<\/em>L\u2019importance des <em>hadiths <\/em>dans l\u2019\u00e9ducation familiale<em> (M. Shodieva)<br \/>\n<\/em>La philosophie religieuse et ses particularit\u00e9s et sa place dans la vie de la soci\u00e9t\u00e9 <em>(N. Valieva)<br \/>\n<\/em>Les Saints-patrons dans les objets artisanaux de la population de la vall\u00e9e de Fergana <em>(Z. Esonov)<br \/>\n<\/em>Les coutumes et rituels associ\u00e9s \u00e0 l\u2019\u00e9levage du b\u00e9tail dans l\u2019ancienne Istaravchan <em>(A. Eshmuhamedov)<\/em><\/p>\n<p><strong>Les \u0153uvres \u00e9crites et le patrimoine scientifique <\/strong><\/p>\n<p>Le r\u00f4le de l\u2019artiste folklorique ouzbek Oganes Karapetovich Tatevosyan dans le d\u00e9veloppement de la peinture ouzb\u00e8ke <em>(Sh. Xidirov)<br \/>\n<\/em>\u00c9tude des sources : des aspects d\u2019\u0153uvres anciennes de l\u2019\u00e9poque timouride <em>(O. Bo\u2019riev)<br \/>\n<\/em>Combinaison de la <em>naqshbandiyya<\/em> et de la <em>yasawiyya<\/em> : le patrimoine scientifique de Khoja Muhammad Porso et du Cheikh Khudoydod <em>(M. Ismoilov)<br \/>\n<\/em>\u00c9tude sur le patrimoine artistique d\u2019Abdukadir Makhdum <em>(N. Abdulahatov)<br \/>\n<\/em>L\u2019interpr\u00e9tation du ciel par Navoi dans la philosophie de l\u2019existence <em>(T. Norov)<br \/>\n<\/em>L\u2019\u0153uvre d\u2019Al-Biruni <em>al-djam\u00e2hir f\u00ee ma\u02bfrifati -l-djaw\u00e2hir<\/em> comme ouvrage de r\u00e9f\u00e9rence en g\u00e9ologie et min\u00e9ralogie <em>(R. Urazova)<br \/>\n<\/em>Les miniatures du manuscrit <em>al-mah\u00e2sin<\/em> conserv\u00e9 \u00e0 Oxford <em>(N. Xakimova)<br \/>\n<\/em>Le statut scientifique de Burhan al-Din al-Marghinani <em>(B. Botirov)<br \/>\n<\/em>\u00c9tude des sources : <em>Usul al-Bazdawi<\/em> <em>(S. Gaybullaev)<br \/>\n<\/em>\u00c9tude d\u2019un manuscrit sur les biographies des savants hanafites <em>(M. Jo&rsquo;raeva)<br \/>\n<\/em>Les particularit\u00e9s de <em>Us\u00fbl al-Fiqh<\/em> <em>(D. Nishanova)<br \/>\n<\/em>Les aspects \u00e9thiques du d\u00e9bat dans les \u0153uvres d\u2019Abdurrahman Samarqandi \u00ab\u00a0Hikam [sagesses] d\u2019Abu-l-Layth\u00a0\u00bb <em>(G. Salimova)<br \/>\n<\/em>Le r\u00f4le du patrimoine scientifique d\u2019Ali-khan-tora Saghuni dans l\u2019\u00e9tude de l\u2019histoire des peuples d\u2019Asie centrale <em>(B. Sodiqov)<br \/>\n<\/em>L\u2019\u0153uvre de Mahmoud de Kachgar, <em>diw\u00e2n lugh\u00e2t al-turk<\/em> [Recueil des langues turques], comme source de r\u00e9f\u00e9rence dans l\u2019histoire des peuples turcs <em>(Z. Zinatullaev, A. Ganiev)<br \/>\n<\/em>La m\u00e9taphysique dans l\u2019enseignement d\u2019Ibn Sina <em>(R. Isakdjanov)<br \/>\n<\/em>Les chiffres arabes dans les \u00e9crits chinois <em>(U. Mavlyanova)<br \/>\n<\/em>\u00c0 propos de la vie du grand savant Abdulla Aulani <em>(S. Saidjalolov)<\/em><\/p>\n<p><strong>Le patrimoine national et les valeurs religieuses<\/strong><\/p>\n<p>L&rsquo;Ouzb\u00e9kistan, centre de la civilisation, et imbrication des valeurs nationales et religieuses <em>(Sh. Mamadiev)<br \/>\n<\/em>Les relations interethniques tendues et les attaques m\u00e9diatiques en Asie centrale <em>(B. Berdiev)<br \/>\n<\/em>La culture des relations familiales, fondement des valeurs nationales <em>(F. Qoysinova)<br \/>\n<\/em>Les mausol\u00e9es de Boukhara aux yeux des chercheurs russes <em>(Sh. Bobojonov)<br \/>\n<\/em>La broderie <em>Nurata<\/em> au mus\u00e9e d\u2019\u00c9tat des arts d\u2019Ouzb\u00e9kistan\u00a0: notre patrimoine culturel mat\u00e9riel <em>(N. Madreymova)<br \/>\n<\/em>Les relations familiales entre les peuples d&rsquo;Asie centrale et leurs racines historiques <em>(E. Saminov)<br \/>\n<\/em>Les femmes en Asie centrale. Le r\u00f4le des enfants dans le d\u00e9veloppement de la soci\u00e9t\u00e9 et de la famille <em>(N. Saminova, D. Qalandarova)<br \/>\n<\/em>Quelques notes sur l\u2019art du tissage du tapis traditionnel dans l\u2019oasis Nurata<em> (R. Toshmuradov)<br \/>\n<\/em>L\u2019art de la calligraphie en Asie centrale <em>(Sh. <\/em><em>Tuxtaeva)<\/em>.<\/p>\n","protected":false},"excerpt":{"rendered":"<p><strong>Les actes de la conf\u00e9rence scientifique et pratique <\/strong>organis\u00e9e par l\u2019Acad\u00e9mie islamique internationale d\u2019Ouzb\u00e9kistan et l\u2019IRCICA,<br \/>\nAssociation d&rsquo;\u00e9dition et d&rsquo;impression de l&rsquo;Acad\u00e9mie islamique internationale d&rsquo;Ouzb\u00e9kistan, Tashkent 2021. 314 pages<br \/>\n(en anglais, ouzbek et russe)<\/p>\n","protected":false},"featured_media":17992,"template":"","meta":{"_acf_changed":false,"_mi_skip_tracking":false},"product_cat":[181,200,164],"product_tag":[],"class_list":{"0":"post-18019","1":"product","2":"type-product","3":"status-publish","4":"has-post-thumbnail","6":"product_cat-asie","7":"product_cat-asie-centrale-et-caucase","8":"product_cat-histoire-de-la-civilisation-islamique","10":"first","11":"instock","12":"shipping-taxable","13":"product-type-simple"},"acf":[],"aioseo_notices":[],"_links":{"self":[{"href":"https:\/\/www.ircica.org\/fr\/wp-json\/wp\/v2\/product\/18019","targetHints":{"allow":["GET"]}}],"collection":[{"href":"https:\/\/www.ircica.org\/fr\/wp-json\/wp\/v2\/product"}],"about":[{"href":"https:\/\/www.ircica.org\/fr\/wp-json\/wp\/v2\/types\/product"}],"wp:featuredmedia":[{"embeddable":true,"href":"https:\/\/www.ircica.org\/fr\/wp-json\/wp\/v2\/media\/17992"}],"wp:attachment":[{"href":"https:\/\/www.ircica.org\/fr\/wp-json\/wp\/v2\/media?parent=18019"}],"wp:term":[{"taxonomy":"product_cat","embeddable":true,"href":"https:\/\/www.ircica.org\/fr\/wp-json\/wp\/v2\/product_cat?post=18019"},{"taxonomy":"product_tag","embeddable":true,"href":"https:\/\/www.ircica.org\/fr\/wp-json\/wp\/v2\/product_tag?post=18019"}],"curies":[{"name":"wp","href":"https:\/\/api.w.org\/{rel}","templated":true}]}}