{"id":18406,"date":"2022-09-30T15:22:55","date_gmt":"2022-09-30T12:22:55","guid":{"rendered":"https:\/\/www.ircica.org\/publications\/non%20class\u00e9\/proceedings-of-the-international-conference-in-the-memory-of-timur-beisembiev-islamic-civilisation-in-the-great-steppe"},"modified":"2024-01-10T12:34:49","modified_gmt":"2024-01-10T09:34:49","slug":"actes-de-la-conference-internationale-consacree-a-la-memoire-de-timur-beisembiev-la-civilisation-islamique-dans-la-grande-steppe","status":"publish","type":"product","link":"https:\/\/www.ircica.org\/fr\/publications\/histoire-de-la-civilisation-islamique\/actes-de-la-conference-internationale-consacree-a-la-memoire-de-timur-beisembiev-la-civilisation-islamique-dans-la-grande-steppe","title":{"rendered":"Actes de la Conf\u00e9rence internationale consacr\u00e9e \u00e0 la m\u00e9moire de Timur Beisembiev. La civilisation islamique dans la Grande steppe."},"content":{"rendered":"<p>Ce livre contient 50 articles scientifiques pr\u00e9sent\u00e9s lors de la conf\u00e9rence internationale intitul\u00e9e \u00ab La civilisation islamique dans la grande steppe. \u00c9tudes scientifiques d\u00e9di\u00e9es \u00e0 la m\u00e9moire du grand \u00e9rudit kazakh en \u00e9tudes orientales le Dr Timur Kasymovich Beisembiev (1955-2016)\u00a0\u00bb \u00bb, organis\u00e9e par l\u2019IRCICA, en coop\u00e9ration avec l\u2019Institut d\u2019\u00e9tudes orientales R. B. Suleimenov du minist\u00e8re de l\u2019\u00c9ducation et des Sciences de la R\u00e9publique du Kazakhstan, et tenue \u00e0 Almaty, le 30 mars 2017. Le livre commence par la pr\u00e9face du directeur g\u00e9n\u00e9ral de l\u2019IRCICA, le Prof Dr Mahmud Erol K\u0131l\u0131\u00e7 et le texte du discours d\u2019ouverture prononc\u00e9 lors de la conf\u00e9rence par le Prof Dr Abdsattar Qazhy Derbissali (1947-2021), alors directeur de l\u2019Institut d\u2019\u00e9tudes orientales R.B. Suleimenov (chercheur en histoire islamique et mufti supr\u00eame du Kazakhstan de 2000 \u00e0 2013).<\/p>\n<p>Le premier chapitre, intitul\u00e9 \u00ab\u00a0La civilisation islamique dans la r\u00e9gion Aralo-Caspienne\u00a0\u00bb comprend des articles d\u2019\u00e9minents chercheurs du Kazakhstan sur les monuments islamiques de la r\u00e9gion. L\u2019accent est mis sur l\u2019identification, l\u2019enregistrement et l\u2019\u00e9tude des monuments o\u00f9 sont concentr\u00e9es les inscriptions en \u00e9criture arabe. Les \u00e9tudes ont permis d\u2019identifier environ 400 complexes comm\u00e9moratifs et cultuels. Les articles \u00e9valuent l\u2019\u00e9tat des \u00e9tudes et de la pr\u00e9servation des monuments et proposent d\u2019autres t\u00e2ches pour une \u00e9tude approfondie, la pr\u00e9servation et la pr\u00e9paration de futures publications sur ces monuments.<\/p>\n<p>Le deuxi\u00e8me chapitre, intitul\u00e9 \u00ab Les \u00e9tudes islamiques \u00bb, renferme des articles qui traitent des sources \u00e9crites r\u00e9cemment d\u00e9couvertes sur l\u2019histoire de la civilisation islamique dans la Grande steppe. Leur d\u00e9couverte pr\u00e9sente un int\u00e9r\u00eat pour la recherche dans les domaines de l\u2019histoire, de l\u2019arch\u00e9ologie, de la sphragistique, de la diplomatie, du folklore et du patrimoine manuscrit.<\/p>\n<p>Le troisi\u00e8me chapitre contient des articles sur une vari\u00e9t\u00e9 de sujets \u00ab\u00a0d&rsquo;historiographie\u00a0\u00bb sur le Kazakhstan et l\u2019Asie centrale, dont beaucoup ont \u00e9t\u00e9 \u00e9tudi\u00e9s par le c\u00e9l\u00e8bre \u00e9rudit kazakh Timur Kasymovich Beisembiev. Le quatri\u00e8me chapitre, intitul\u00e9 \u00ab L\u2019activit\u00e9 acad\u00e9mique de Timur Beisembiev \u00bb, contient six articles mettant en lumi\u00e8re ses contributions acad\u00e9miques de divers points de vue. Un autre article relate sa biographie et fait une description de ses archives, qui sont l\u2019aboutissement de toute une vie consacr\u00e9e \u00e0 collecter, classer et \u00e9tudier les sources \u00e9crites sur l\u2019histoire et la culture de la civilisation islamique dans la Grande Steppe, en particulier sur l\u2019historiographie de Kokand. Le dernier article pr\u00e9sent\u00e9 dans le livre appartient \u00e0 Timur Beisembiev, \u00ab Le turc d\u2019Asie centrale (tchaghata\u00ef) et le farsi d\u2019Asie centrale \u2013 Langues \u00e9crites du khanat kazakh \u00bb.<\/p>\n<p>Timur Beisembiev \u00e9tait un grand \u00e9rudit en \u00e9tudes orientales et en histoire de l\u2019Asie centrale et de ses sources, bien connu en particulier pour ses recherches et ses publications sur la p\u00e9riode du khanat de Kokand (1710\u20131876). Ses publications renferment les index annot\u00e9s des chroniques de Kokand ainsi que sa traduction et son commentaire sur la biographie d\u2019Alimqul Amir-i Lashkar de Kokand, entre autres.<\/p>\n","protected":false},"excerpt":{"rendered":"<p>Mars 2017, Almaty, Kazakhstan\/\u04b0\u043b\u044b \u0434\u0430\u043b\u0430\u0434\u0430\u0493\u044b \u0438\u0441\u043b\u0430\u043c \u04e9\u0440\u043a\u0435\u043d\u0438\u0435\u0442\u0456 \u0422\u0438\u043c\u0443\u0440 \u0411\u0435\u0439\u0441\u0435\u043c\u0431\u0438\u0435\u0432\u0442\u0456 \u0435\u0441\u043a\u0435 \u0430\u043b\u0443\u0493\u0430 \u0430\u0440\u043d\u0430\u043b\u0493\u0430\u043d \u0445\u0430\u043b\u044b\u049b\u0430\u0440\u0430\u043b\u044b\u049b \u043a\u043e\u043d\u0444\u0435\u0440\u0435\u043d\u0446\u0438\u044f \u043c\u0430\u0442\u0435\u0440\u0438\u0430\u043b\u0434\u0430\u0440\u044b. \u041d\u0430\u0443\u0440\u044b\u0437, 2017, \u0410\u043b\u043c\u0430\u0442\u044b, \u049a\u0430\u0437\u0430\u049b\u0441\u0442\u0430\u043d.<br \/>\n\u00c9d. Mahmud Erol K\u0131l\u0131\u00e7 et Abdsattar Qazhy Derbissali\u00a0; pr\u00e9par\u00e9 pour publication par Ashirbek Muminov et autres, Istanbul : IRCICA, 2022. 615 p. : <em>ill. en coul.<\/em> S\u00e9rie des sources et \u00e9tudes sur l\u2019histoire de la civilisation islamique ; no. 52 (en anglais, kazakh et russe)<\/p>\n","protected":false},"featured_media":18367,"template":"","meta":{"_acf_changed":false,"_mi_skip_tracking":false},"product_cat":[164],"product_tag":[],"class_list":{"0":"post-18406","1":"product","2":"type-product","3":"status-publish","4":"has-post-thumbnail","6":"product_cat-histoire-de-la-civilisation-islamique","8":"first","9":"instock","10":"shipping-taxable","11":"product-type-simple"},"acf":[],"aioseo_notices":[],"_links":{"self":[{"href":"https:\/\/www.ircica.org\/fr\/wp-json\/wp\/v2\/product\/18406","targetHints":{"allow":["GET"]}}],"collection":[{"href":"https:\/\/www.ircica.org\/fr\/wp-json\/wp\/v2\/product"}],"about":[{"href":"https:\/\/www.ircica.org\/fr\/wp-json\/wp\/v2\/types\/product"}],"wp:featuredmedia":[{"embeddable":true,"href":"https:\/\/www.ircica.org\/fr\/wp-json\/wp\/v2\/media\/18367"}],"wp:attachment":[{"href":"https:\/\/www.ircica.org\/fr\/wp-json\/wp\/v2\/media?parent=18406"}],"wp:term":[{"taxonomy":"product_cat","embeddable":true,"href":"https:\/\/www.ircica.org\/fr\/wp-json\/wp\/v2\/product_cat?post=18406"},{"taxonomy":"product_tag","embeddable":true,"href":"https:\/\/www.ircica.org\/fr\/wp-json\/wp\/v2\/product_tag?post=18406"}],"curies":[{"name":"wp","href":"https:\/\/api.w.org\/{rel}","templated":true}]}}