{"id":18634,"date":"2023-01-03T18:22:32","date_gmt":"2023-01-03T15:22:32","guid":{"rendered":"https:\/\/www.ircica.org\/publications\/non%20class\u00e9\/jordan-in-ottoman-archive-documents"},"modified":"2024-01-10T12:24:32","modified_gmt":"2024-01-10T09:24:32","slug":"la-jordanie-a-travers-les-documents-darchives-ottomanes","status":"publish","type":"product","link":"https:\/\/www.ircica.org\/fr\/publications\/histoire-de-la-civilisation-islamique\/asie\/moyen-orient-et-mediterranee\/la-jordanie-a-travers-les-documents-darchives-ottomanes","title":{"rendered":"La Jordanie \u00e0 travers les documents d\u2019archives ottomanes"},"content":{"rendered":"<p>Cet ouvrage s\u2019inscrit dans la continuit\u00e9 des travaux de l\u2019IRCICA dans le domaine de la publication et de la mise \u00e0 disposition des documents ottomans au profit des chercheurs. Il a \u00e9t\u00e9 pr\u00e9par\u00e9 en r\u00e9ponse \u00e0 une demande du Centre de documentation royal hach\u00e9mite de Jordanie. L\u2019expert de l\u2019IRCICA, le professeur Fazil Bayat, a \u00e9t\u00e9 charg\u00e9 de pr\u00e9parer le livre, qui a \u00e9t\u00e9 r\u00e9alis\u00e9 sur la base des centaines de documents conserv\u00e9s dans les archives ottomanes d\u2019Istanbul. Ces documents sont parmi les sources les plus rares sur l\u2019histoire de la Jordanie, la plupart in\u00e9dits auparavant. Les documents mettent en lumi\u00e8re les quatre si\u00e8cles d\u2019administration ottomane dans la r\u00e9gion.<\/p>\n<p>Les documents relatifs \u00e0 la Jordanie occupent une place importante dans les collections des archives ottomanes en raison de l\u2019importance historique de la Jordanie situ\u00e9e sur les routes de p\u00e8lerinage qui traversent Bilad al-Sham de Damas \u00e0 l\u2019Haramayn et en raison des divers \u00e9v\u00e9nements dont la r\u00e9gion a \u00e9t\u00e9 t\u00e9moin tout au long de l\u2019\u00e9poque ottomane. Ces documents sont class\u00e9s dans le syst\u00e8me des archives ottomanes sous les m\u00eames appellations que celles qui leur ont avaient \u00e9t\u00e9 donn\u00e9es par les d\u00e9partements de l\u2019\u00c9tat ottoman. Dans le livre, l\u2019auteur les a regroup\u00e9s sous des rubriques th\u00e9matiques class\u00e9es par ordre chronologique et a donn\u00e9 des informations sur leur contenu, en explorant le contexte historique g\u00e9n\u00e9ral de chaque sujet trait\u00e9 dans les documents. Devant l\u2019impossibilit\u00e9 de publier des recueils entiers de documents, l\u2019auteur a limit\u00e9 l\u2019ouvrage \u00e0 413 documents qu\u2019il a examin\u00e9s selon les titres de chapitre suivants : Le d\u00e9but de la consolidation du r\u00e8gne ottoman dans les r\u00e9gions d\u2019Ajloun, de Karak, de Shoubak et de Ma\u02bfan\u00a0; La famille Q\u00e2ns\u00fbh Bey Al-Ghizaoui\u00a0: les \u00e9mirs d\u2019Ajloun et de Karak\u00a0; Le r\u00e8gne des pachas\u00a0; Les affaires administratives\u00a0; Les affaires municipales, urbaines, de la sant\u00e9 et les services publics\u00a0; L\u2019\u00e9ducation et les \u00e9tablissements d\u2019enseignement\u00a0; Les institutions \u00e9ducatives chr\u00e9tiennes missionnaires\u00a0; Les affaires judiciaires\u00a0; Les institutions, <em>waqfs<\/em> et affaires religieuses islamiques\u00a0; Les affaires des confessions chr\u00e9tiennes\u00a0; Des personnalit\u00e9s jordaniennes dans l\u2019administration locale et la Chambre des D\u00e9put\u00e9s ottomans (<em>Meclis-i Meb\u00fbsan<\/em>) ; Les hommages rendus aux notables des villes et aux chefs des tribus ; L\u2019h\u00e9b\u00e9rgement des immigr\u00e9s.<\/p>\n<p>La majeure partie des documents publi\u00e9s dans le livre sont des feuilles volantes, dont la plupart repr\u00e9sentent des lettres officielles, et dont une partie est enregistr\u00e9e dans les Registres (<em>Defter<\/em>). Le livre comprend \u00e9galement deux cartes g\u00e9ographiques et 23 photographies historiques relatives \u00e0 la Jordanie prises au d\u00e9but du XXe si\u00e8cle.<\/p>\n<p>Les documents pr\u00e9sent\u00e9s dans le livre \u00e9clairent de nombreux aspects m\u00e9connus de l\u2019histoire de la Jordanie et d\u00e9mystifient certains faits entourant cette histoire. Par cons\u00e9quent, ce sont des sources essentielles pour quiconque s\u2019int\u00e9resse \u00e0 l\u2019histoire de la Jordanie au cours de la p\u00e9riode \u00e9tudi\u00e9e.<\/p>\n","protected":false},"excerpt":{"rendered":"<p>pr\u00e9par\u00e9 par Fazil Bayat, publi\u00e9 par l\u2019IRCICA et le Centre de documentation royal hach\u00e9mite de Jordanie,<br \/>\nIstanbul 2022, 720 p. (en arabe et turc ottoman)<\/p>\n","protected":false},"featured_media":18535,"template":"","meta":{"_acf_changed":false,"_mi_skip_tracking":false},"product_cat":[181,164,362],"product_tag":[],"class_list":{"0":"post-18634","1":"product","2":"type-product","3":"status-publish","4":"has-post-thumbnail","6":"product_cat-asie","7":"product_cat-histoire-de-la-civilisation-islamique","8":"product_cat-moyen-orient-et-mediterranee","10":"first","11":"instock","12":"shipping-taxable","13":"product-type-simple"},"acf":[],"aioseo_notices":[],"_links":{"self":[{"href":"https:\/\/www.ircica.org\/fr\/wp-json\/wp\/v2\/product\/18634","targetHints":{"allow":["GET"]}}],"collection":[{"href":"https:\/\/www.ircica.org\/fr\/wp-json\/wp\/v2\/product"}],"about":[{"href":"https:\/\/www.ircica.org\/fr\/wp-json\/wp\/v2\/types\/product"}],"wp:featuredmedia":[{"embeddable":true,"href":"https:\/\/www.ircica.org\/fr\/wp-json\/wp\/v2\/media\/18535"}],"wp:attachment":[{"href":"https:\/\/www.ircica.org\/fr\/wp-json\/wp\/v2\/media?parent=18634"}],"wp:term":[{"taxonomy":"product_cat","embeddable":true,"href":"https:\/\/www.ircica.org\/fr\/wp-json\/wp\/v2\/product_cat?post=18634"},{"taxonomy":"product_tag","embeddable":true,"href":"https:\/\/www.ircica.org\/fr\/wp-json\/wp\/v2\/product_tag?post=18634"}],"curies":[{"name":"wp","href":"https:\/\/api.w.org\/{rel}","templated":true}]}}