{"id":18754,"date":"2023-02-09T12:34:34","date_gmt":"2023-02-09T09:34:34","guid":{"rendered":"https:\/\/www.ircica.org\/publications\/non%20class\u00e9\/catalogue-of-award-winning-plates-in-the-twelfth-international-calligraphy-competition-in-the-name-of-calligrapher-mustafa-rakim-1171-1241-h-1758-1826-a-d"},"modified":"2024-01-10T12:13:51","modified_gmt":"2024-01-10T09:13:51","slug":"catalogue-des-oeuvres-primees-au-douzieme-concours-international-de-calligraphie-au-nom-du-calligraphe-mustafa-rakim-1171-1241-h-1758-1826-apr-j-c","status":"publish","type":"product","link":"https:\/\/www.ircica.org\/fr\/publications\/arts-artisanats\/catalogue-des-oeuvres-primees-au-douzieme-concours-international-de-calligraphie-au-nom-du-calligraphe-mustafa-rakim-1171-1241-h-1758-1826-apr-j-c","title":{"rendered":"Catalogue des \u0153uvres prim\u00e9es au douzi\u00e8me concours international de calligraphie au nom du calligraphe Mustafa R\u00e2k\u0131m (1171-1241 H. \/ 1758-1826 apr. J.-C.)"},"content":{"rendered":"<p>La douzi\u00e8me \u00e9dition du concours international de calligraphie de l\u2019IRCICA, organis\u00e9 en 2022, a re\u00e7u 697 \u0153uvres de 535 participants de 31 pays ; sur ce total, 61 \u0153uvres, soumises par 49 calligraphes de 10 pays, ont \u00e9t\u00e9 prim\u00e9es. Le concours a \u00e9t\u00e9 organis\u00e9 dans dix styles calligraphiques, \u00e0 savoir\u00a0: <em>thuluth jaly<\/em>, <em>thuluth<\/em>, <em>naskh<\/em>, <em>muhaqqaq<\/em>, <em>thuluth<\/em>&#8211;<em>naskh<\/em>, <em>taliq<\/em> <em>jaly<\/em>, <em>taliq<\/em>, <em>diwani<\/em> <em>jaly<\/em>, <em>diwani<\/em>, <em>qufi<\/em>. Ses r\u00e9sultats ont \u00e9t\u00e9 annonc\u00e9s le 21 mai 2022. Le jury, compos\u00e9 d\u2019experts d\u2019\u00c9gypte, d\u2019Irak, d\u2019Iran, du Maroc, de Syrie et de Turquie, a salu\u00e9 la qualit\u00e9 artistique des \u0153uvres gagnantes.<\/p>\n<p>Conform\u00e9ment \u00e0 la tradition de l\u2019IRCICA de d\u00e9dier chaque \u00e9dition du concours \u00e0 un ma\u00eetre important de cet art, la douzi\u00e8me \u00e9dition a \u00e9t\u00e9 d\u00e9di\u00e9e \u00e0 Mustafa R\u0101k\u0131m (1758-1826), qui a contribu\u00e9 \u00e0 l\u2019am\u00e9lioration de cet art par des innovations dans les mesures et la composition, en particulier dans le style <em>thuluth<\/em> <em>jaly<\/em>. Mustafa R\u0101k\u0131m \u00e9tait \u00e9galement peintre. Le sultan Selim III ayant admir\u00e9 une peinture r\u00e9alis\u00e9e par lui, l\u2019a invit\u00e9 \u00e0 faire son portrait. Il a re\u00e7u le titre de <em>m\u00fcderris<\/em> (professeur), et a \u00e9galement \u00e9t\u00e9 charg\u00e9 de concevoir des pi\u00e8ces de monnaie et d\u2019\u00e9crire des <em>Tu\u011fra<\/em>\u00a0 (monogrammes). Plus tard, R\u0101k\u0131m a enseign\u00e9 les styles calligraphiques <em>thuluth<\/em> et <em>thuluth<\/em> <em>jaly<\/em> au sultan Mahmud II. Il a produit des \u0153uvres dans ces styles et aussi en <em>taliq<\/em>, r\u00e9alisant des inscriptions en <em>jaly<\/em> sur les monuments et les pierres tombales. Comme il \u00e9tait de coutume dans les cercles intellectuels ottomans, il re\u00e7ut le titre de Kad\u0131 (juge) d\u2019Izmir en son honneur. Obtenant plusieurs promotions au fil du temps, il est finalement, en 1823, nomm\u00e9 <em>Kad\u0131asker<\/em> (juge en chef) d\u2019Anatolie.<\/p>\n<p>Le catalogue contient les reproductions des \u0153uvres ayant remport\u00e9 les trois premiers prix et les r\u00e9compenses dans chaque style. C\u2019est un album pr\u00e9cieux et un souvenir du concours, et int\u00e9ressera \u00e9galement les \u00e9l\u00e8ves et les amateurs de cet art. Les catalogues actuels et ant\u00e9rieurs du concours peuvent \u00eatre demand\u00e9s \u00e0 l\u2019IRCICA.<\/p>\n","protected":false},"excerpt":{"rendered":"<p>Pr\u00e9par\u00e9 par Said Kas\u0131mo\u011flu, Istanbul : IRCICA ; 2022.<br \/>\nS\u00e9rie du patrimoine culturel islamique ; n<sup>o<\/sup> 5, 104, [4] p., <em>ill. en coul. <\/em>; 33&#215;24 cm<br \/>\n(anglais, arabe, turc, fran\u00e7ais)<\/p>\n","protected":false},"featured_media":18739,"template":"","meta":{"_acf_changed":false,"_mi_skip_tracking":false},"product_cat":[189],"product_tag":[],"class_list":{"0":"post-18754","1":"product","2":"type-product","3":"status-publish","4":"has-post-thumbnail","6":"product_cat-arts-artisanats","8":"first","9":"instock","10":"shipping-taxable","11":"product-type-simple"},"acf":[],"aioseo_notices":[],"_links":{"self":[{"href":"https:\/\/www.ircica.org\/fr\/wp-json\/wp\/v2\/product\/18754","targetHints":{"allow":["GET"]}}],"collection":[{"href":"https:\/\/www.ircica.org\/fr\/wp-json\/wp\/v2\/product"}],"about":[{"href":"https:\/\/www.ircica.org\/fr\/wp-json\/wp\/v2\/types\/product"}],"wp:featuredmedia":[{"embeddable":true,"href":"https:\/\/www.ircica.org\/fr\/wp-json\/wp\/v2\/media\/18739"}],"wp:attachment":[{"href":"https:\/\/www.ircica.org\/fr\/wp-json\/wp\/v2\/media?parent=18754"}],"wp:term":[{"taxonomy":"product_cat","embeddable":true,"href":"https:\/\/www.ircica.org\/fr\/wp-json\/wp\/v2\/product_cat?post=18754"},{"taxonomy":"product_tag","embeddable":true,"href":"https:\/\/www.ircica.org\/fr\/wp-json\/wp\/v2\/product_tag?post=18754"}],"curies":[{"name":"wp","href":"https:\/\/api.w.org\/{rel}","templated":true}]}}