{"id":18965,"date":"2018-09-08T12:00:32","date_gmt":"2018-09-08T09:00:32","guid":{"rendered":"https:\/\/www.ircica.org\/publications\/non%20class\u00e9\/womens-waqfs-in-islamic-civilisation"},"modified":"2025-04-28T15:45:58","modified_gmt":"2025-04-28T12:45:58","slug":"les-waqfs-des-femmes-dans-la-civilisation-islamique","status":"publish","type":"product","link":"https:\/\/www.ircica.org\/fr\/publications\/histoire-de-la-civilisation-islamique\/les-waqfs-des-femmes-dans-la-civilisation-islamique","title":{"rendered":"Les Waqfs des femmes dans la civilisation islamique"},"content":{"rendered":"<p>Cet ouvrage r\u00e9sulte de recherches sur les waqfs \u2013 fondations charitables qui avaient \u00e9t\u00e9 \u00e9tablies et dirig\u00e9es par les femmes dans la soci\u00e9t\u00e9 musulmane \u00e0 travers les si\u00e8cles. Ces recherches avaient \u00e9t\u00e9 entreprises par l\u2019IRCICA principalement dans le but de mettre en exergue le r\u00f4le jou\u00e9 par les femmes et les contributions qu\u2019elles ont faites dans la promotion d\u2019oeuvres charitables et le d\u00e9veloppement d\u2019activit\u00e9s \u00e9conomiques et sociales dans divers secteurs de la vie. L\u2019institution du waqf, qui trouve son origine dans l\u2019Islam, a fourni une m\u00e9thode utile d\u2019action sociale pour les femmes de tous les sph\u00e8res de la soci\u00e9t\u00e9 mais naturellement surtout celles des familles dirigeantes, de notables et riches, par laquelle elles ont pu investir dans l\u2019action b\u00e9n\u00e9vole. La recherche s\u2019est bas\u00e9e sur des documents historiques et des livres d\u2019histoire. Le livre a \u00e9t\u00e9 publi\u00e9 en anglais, fran\u00e7ais et arabe s\u00e9par\u00e9ment. Il contient des photos en couleur de certaines structures telles que mosqu\u00e9es, \u00e9coles et fontaines \u00e9tablies par des femmes de diff\u00e9rents pays.<\/p>\n<p>L\u2019IRCICA esp\u00e8re que ce livre int\u00e9ressera les chercheurs concern\u00e9s dans le contexte de l\u2019histoire de la civilisation islamique et des \u00e9tudes des femmes.<\/p>\n","protected":false},"excerpt":{"rendered":"<p>pr\u00e9par\u00e9 par Dr Najat Khalil, Dr Cengiz Tomar, Dr Betul Ayaz, traduit de l&rsquo;arabe par Dr Hedi Fantar<br \/>\nIRCICA, Istanbul, 2018, anglais: 93 pp.+ill., fran\u00e7ais: 89 pp.+ill., arabe: 84 pp.<\/p>\n","protected":false},"featured_media":18942,"template":"","meta":{"_acf_changed":false,"_mi_skip_tracking":false},"product_cat":[164],"product_tag":[],"class_list":{"0":"post-18965","1":"product","2":"type-product","3":"status-publish","4":"has-post-thumbnail","6":"product_cat-histoire-de-la-civilisation-islamique","8":"first","9":"instock","10":"shipping-taxable","11":"product-type-simple"},"acf":[],"aioseo_notices":[],"_links":{"self":[{"href":"https:\/\/www.ircica.org\/fr\/wp-json\/wp\/v2\/product\/18965","targetHints":{"allow":["GET"]}}],"collection":[{"href":"https:\/\/www.ircica.org\/fr\/wp-json\/wp\/v2\/product"}],"about":[{"href":"https:\/\/www.ircica.org\/fr\/wp-json\/wp\/v2\/types\/product"}],"wp:featuredmedia":[{"embeddable":true,"href":"https:\/\/www.ircica.org\/fr\/wp-json\/wp\/v2\/media\/18942"}],"wp:attachment":[{"href":"https:\/\/www.ircica.org\/fr\/wp-json\/wp\/v2\/media?parent=18965"}],"wp:term":[{"taxonomy":"product_cat","embeddable":true,"href":"https:\/\/www.ircica.org\/fr\/wp-json\/wp\/v2\/product_cat?post=18965"},{"taxonomy":"product_tag","embeddable":true,"href":"https:\/\/www.ircica.org\/fr\/wp-json\/wp\/v2\/product_tag?post=18965"}],"curies":[{"name":"wp","href":"https:\/\/api.w.org\/{rel}","templated":true}]}}