{"id":19010,"date":"2018-03-10T15:24:56","date_gmt":"2018-03-10T12:24:56","guid":{"rendered":"https:\/\/www.ircica.org\/publications\/non%20class\u00e9\/womens-waqfs-in-al-quds-historical-study-in-the-light-of-the-registers-of-the-sharia-court"},"modified":"2023-03-10T15:58:31","modified_gmt":"2023-03-10T12:58:31","slug":"les-waqf-des-femmes-a-la-lumiere-des-registres-du-tribunal-de-la-charia","status":"publish","type":"product","link":"https:\/\/www.ircica.org\/fr\/publications\/histoire-de-la-civilisation-islamique\/les-waqf-des-femmes-a-la-lumiere-des-registres-du-tribunal-de-la-charia","title":{"rendered":"Les waqf des femmes \u00e0 la lumi\u00e8re des registres du tribunal de la charia"},"content":{"rendered":"<p>Ce livre \u00e9tudie les <em>waqf<\/em> \u00e9tablis \u00e0 <em>al-Qods<\/em> par des femmes pendant la p\u00e9riode ottomane. Il r\u00e9sulte du vaste programme de recherche du Centre visant \u00e0 mettre en valeur le patrimoine civilisationnel d\u2019<em>al-Qods<\/em> \u00e0 la lumi\u00e8re de documents historiques. L\u2019\u00e9tude, bas\u00e9e sur les registres du tribunal de la charia, qui comptent parmi les sources les plus importantes de l\u2019histoire ottomane, pr\u00e9sente des preuves de la contribution des femmes \u00e0 l\u2019histoire \u00e9conomique et sociale d\u2019<em>al-Qods.<\/em><\/p>\n","protected":false},"excerpt":{"rendered":"<p>Pr\u00e9par\u00e9 par Najat Khalil, Pr\u00e9face par : Halit Eren.<br \/>\nIRCICA, Istanbul, 2018, en arabe: 181 p.+ill.<\/p>\n","protected":false},"featured_media":18987,"template":"","meta":{"_acf_changed":false,"_mi_skip_tracking":false},"product_cat":[164],"product_tag":[],"class_list":{"0":"post-19010","1":"product","2":"type-product","3":"status-publish","4":"has-post-thumbnail","6":"product_cat-histoire-de-la-civilisation-islamique","8":"first","9":"instock","10":"shipping-taxable","11":"product-type-simple"},"acf":[],"aioseo_notices":[],"_links":{"self":[{"href":"https:\/\/www.ircica.org\/fr\/wp-json\/wp\/v2\/product\/19010","targetHints":{"allow":["GET"]}}],"collection":[{"href":"https:\/\/www.ircica.org\/fr\/wp-json\/wp\/v2\/product"}],"about":[{"href":"https:\/\/www.ircica.org\/fr\/wp-json\/wp\/v2\/types\/product"}],"wp:featuredmedia":[{"embeddable":true,"href":"https:\/\/www.ircica.org\/fr\/wp-json\/wp\/v2\/media\/18987"}],"wp:attachment":[{"href":"https:\/\/www.ircica.org\/fr\/wp-json\/wp\/v2\/media?parent=19010"}],"wp:term":[{"taxonomy":"product_cat","embeddable":true,"href":"https:\/\/www.ircica.org\/fr\/wp-json\/wp\/v2\/product_cat?post=19010"},{"taxonomy":"product_tag","embeddable":true,"href":"https:\/\/www.ircica.org\/fr\/wp-json\/wp\/v2\/product_tag?post=19010"}],"curies":[{"name":"wp","href":"https:\/\/api.w.org\/{rel}","templated":true}]}}