{"id":19455,"date":"2020-11-30T11:00:07","date_gmt":"2020-11-30T08:00:07","guid":{"rendered":"https:\/\/www.ircica.org\/publications\/non%20class\u00e9\/islamic-history-and-civilization-in-west-africa"},"modified":"2024-01-10T13:43:48","modified_gmt":"2024-01-10T10:43:48","slug":"histoire-et-la-civilisation-islamique-en-afrique-de-louest","status":"publish","type":"product","link":"https:\/\/www.ircica.org\/fr\/publications\/histoire-de-la-civilisation-islamique\/afrique\/lhistoire-et-la-civilisation-islamique-en-afrique-de-louest","title":{"rendered":"L&rsquo;Histoire et la Civilisation islamique en Afrique de l\u2019ouest"},"content":{"rendered":"<p>L\u2019IRCICA et la \u00ab Arewa House \u00bb affili\u00e9e \u00e0 l\u2019Universit\u00e9 Ahmadu Bello, \u00e0 Kaduna, Nigeria, ont organis\u00e9 conjointement une conf\u00e9rence internationale sur \u00ab L\u2019Histoire et la Civilisation islamiques en Afrique de l\u2019ouest\u00bb, les 19 et 20 octobre 2018, \u00e0 Abuja, au Nigeria. La c\u00e9r\u00e9monie d\u2019ouverture de la conf\u00e9rence s\u2019est d\u00e9roul\u00e9e en pr\u00e9sence de membres du gouvernement du Nigeria et d\u2019universitaires. S.E. M. le Pr\u00e9sident Muhammadu Buhari, Pr\u00e9sident de la R\u00e9publique F\u00e9d\u00e9rale du Nigeria, a \u00e9t\u00e9 repr\u00e9sent\u00e9 par le Ministre de l\u2019\u00c9ducation, l\u2019Hon. Alhaji Adamu Adamu, qui a lu le discours du Pr\u00e9sident. Les papiers pr\u00e9sent\u00e9s pendant la conf\u00e9rence ont trac\u00e9 l\u2019histoire de l\u2019expansion de l\u2019Islam en Afrique de l\u2019ouest d\u00e8s le premier si\u00e8cle de son av\u00e8nement. Dans ses remarques en tant que mod\u00e9rateur de la session d\u2019ouverture, le Dr. Usman Bugaje, dirigeant du Projet de Recherche et D\u00e9veloppement d\u2019Arewa, a indiqu\u00e9 les points saillants des cours de d\u00e9veloppement des \u00e9tudes acad\u00e9miques dans ce domaine observ\u00e9s dans le monde entier, comme : le besoin d\u2019accorder de l\u2019importance \u00e0 la dimension civilisationnelle de l\u2019Islam ; que l\u2019histoire, dans sa plus grande partie, est vivante, mais qu\u2019en g\u00e9n\u00e9ral, les historiens et les faiseurs de politique n\u00e9gligent de faire valoir cette r\u00e9alit\u00e9 ; et, que les contributions des femmes sp\u00e9cialistes du domaine devraient recevoir l\u2019int\u00e9r\u00eat qu\u2019elles m\u00e9ritent.<\/p>\n<p>Le livre contient quatorze articles contribu\u00e9s par des universitaires et sp\u00e9cialistes de la Gambie, du Nigeria et de la Turquie. Ils donnent des informations d\u00e9taill\u00e9es et des analyses sp\u00e9cialis\u00e9es sur l\u2019histoire et la culture des communaut\u00e9s locales musulmanes \u00e0 commencer par leurs premiers contacts avec l\u2019Islam jusqu\u2019\u00e0 nos jours. Ceux qui s\u2019int\u00e9ressent \u00e0 l\u2019histoire de l\u2019Afrique de l\u2019ouest y puiseront d\u2019amples informations.<\/p>\n","protected":false},"excerpt":{"rendered":"<p>(Actes de la Conf\u00e9rence internationale sur l\u2019Histoire et la Civilisation islamique en Afrique de l\u2019ouest) : Octobre 2018, Abuja, Nigeria ;<br \/>\n\u00c9d. Halit Eren ; pr\u00e9par\u00e9 pour la publication par Aboubacar Abdullah Senghore, Sad\u0131k \u00dcnay, Shuaibu Shehu Aliyu et Samet Yal\u00e7\u0131n;<br \/>\nS\u00e9rie d\u2019\u00e9tudes et de sources sur l\u2019histoire de la civilisation islamique nr. 45,<br \/>\nIRCICA, Istanbul, 2020; 218 p.<\/p>\n","protected":false},"featured_media":19440,"template":"","meta":{"_acf_changed":false,"_mi_skip_tracking":false},"product_cat":[180,164],"product_tag":[],"class_list":{"0":"post-19455","1":"product","2":"type-product","3":"status-publish","4":"has-post-thumbnail","6":"product_cat-afrique","7":"product_cat-histoire-de-la-civilisation-islamique","9":"first","10":"instock","11":"shipping-taxable","12":"product-type-simple"},"acf":[],"aioseo_notices":[],"_links":{"self":[{"href":"https:\/\/www.ircica.org\/fr\/wp-json\/wp\/v2\/product\/19455","targetHints":{"allow":["GET"]}}],"collection":[{"href":"https:\/\/www.ircica.org\/fr\/wp-json\/wp\/v2\/product"}],"about":[{"href":"https:\/\/www.ircica.org\/fr\/wp-json\/wp\/v2\/types\/product"}],"wp:featuredmedia":[{"embeddable":true,"href":"https:\/\/www.ircica.org\/fr\/wp-json\/wp\/v2\/media\/19440"}],"wp:attachment":[{"href":"https:\/\/www.ircica.org\/fr\/wp-json\/wp\/v2\/media?parent=19455"}],"wp:term":[{"taxonomy":"product_cat","embeddable":true,"href":"https:\/\/www.ircica.org\/fr\/wp-json\/wp\/v2\/product_cat?post=19455"},{"taxonomy":"product_tag","embeddable":true,"href":"https:\/\/www.ircica.org\/fr\/wp-json\/wp\/v2\/product_tag?post=19455"}],"curies":[{"name":"wp","href":"https:\/\/api.w.org\/{rel}","templated":true}]}}