{"id":19820,"date":"2020-12-20T11:25:25","date_gmt":"2020-12-20T08:25:25","guid":{"rendered":"https:\/\/www.ircica.org\/publications\/non%20class\u00e9\/islamic-history-and-civilization-in-west-africa-bilad-as-soudan"},"modified":"2023-06-20T11:45:30","modified_gmt":"2023-06-20T08:45:30","slug":"lhistoire-et-la-civilisation-islamiques-en-afrique-de-louest-bilad-as-soudan","status":"publish","type":"product","link":"https:\/\/www.ircica.org\/fr\/publications\/histoire-de-la-civilisation-islamique\/afrique\/lhistoire-et-la-civilisation-islamiques-en-afrique-de-louest-bilad-as-soudan","title":{"rendered":"L\u2019Histoire et la Civilisation islamiques en Afrique de l&rsquo;Ouest. Bilad as-Soudan"},"content":{"rendered":"<p>La conf\u00e9rence internationale sur \u00ab L\u2019Histoire de la Civilisation islamique en Afrique de l\u2019ouest\u00bb s\u2019est tenue \u00e0 Niamey, Niger, les 14-15 mars 2019, sous le haut patronage du Pr\u00e9sident de la R\u00e9publique du Niger, S.E. M. Issoufou Mahamadou. Elle a \u00e9t\u00e9 organis\u00e9e par l\u2019IRCICA et l\u2019Universit\u00e9 Abdou Moumouni (UAM) de Niamey \u00e0 travers son Institut de Recherches en Sciences Humaines, IRSH). Trente-trois papiers ont \u00e9t\u00e9 pr\u00e9sent\u00e9s pendant les sessions de travail par des acad\u00e9miciens et chercheurs en provenance du Burkina Faso, du Cameroun, de la C\u00f4te d\u2019Ivoire, de Guin\u00e9e, du Mali, de la Mauritanie, du Niger, du S\u00e9n\u00e9gal, du Tchad et de la Turquie. Consistant en d\u2019\u00e9tudes sp\u00e9cialis\u00e9es, ces papiers ont trac\u00e9 et analys\u00e9 le cours d\u2019expansion de l\u2019Islam au Bilad el-Soudan, le r\u00f4le et la place de l\u2019Islam et l\u2019impact des \u00e9tudes coraniques et de la culture islamique dans l\u2019administration des diff\u00e9rents \u00e9tats et la vie des peuples de la r\u00e9gion (Bulletin d\u2019information nr. 108, Janvier-Avril 2019). Quatorze papiers de la conf\u00e9rence ont \u00e9t\u00e9 \u00e9dit\u00e9s, et publi\u00e9s sous forme d\u2019un livre, avec une pr\u00e9face du Prof. Dr. Halit Eren, Directeur G\u00e9n\u00e9ral de l\u2019IRCICA. L\u2019ouvrage comporte l\u2019Introduction G\u00e9n\u00e9rale du Prof. Dr. Hamadou Adama de l\u2019Universit\u00e9 de Ngaound\u00e9r\u00e9 au Cameroun, qui a aussi pr\u00e9par\u00e9 les papiers pour la publication en coop\u00e9ration avec le Prof. Dr. Seyni Moumouni, Directeur de l\u2019IRSH. La conf\u00e9rence a \u00e9t\u00e9 conduite dans la langue fran\u00e7aise ; les quelques articles pr\u00e9sent\u00e9s en langue arabe seront inclus dans le num\u00e9ro prochain de la Revue de l\u2019IRCICA en raison de la diff\u00e9rence de langue car tous les articles de ce livre sont en fran\u00e7ais. Ce recueil d\u2019articles forme une contribution de haute valeur aux \u00e9tudes sur l\u2019histoire de l\u2019Afrique et il int\u00e9ressera \u00e9galement le lecteur g\u00e9n\u00e9ral.<\/p>\n","protected":false},"excerpt":{"rendered":"<p>Mars 2019, Niamey<br \/>\nDirecteur du projet: Halit Eren; pr\u00e9par\u00e9 pour la publication et \u00e9dit\u00e9 par Seyni Moumouni et Hamadou Adama<br \/>\nS\u00e9ries d&rsquo;\u00e9tudes et sources sur l&rsquo;histoire de la civilisation islamique, Nr 47<br \/>\nIRCICA, Istanbul, 2020, 260p. (en Fran\u00e7ais)<br \/>\nISBN 978-92-9063-086-9<\/p>\n","protected":false},"featured_media":19805,"template":"","meta":{"_acf_changed":false,"_mi_skip_tracking":false},"product_cat":[180,164],"product_tag":[],"class_list":{"0":"post-19820","1":"product","2":"type-product","3":"status-publish","4":"has-post-thumbnail","6":"product_cat-afrique","7":"product_cat-histoire-de-la-civilisation-islamique","9":"first","10":"instock","11":"shipping-taxable","12":"product-type-simple"},"acf":[],"aioseo_notices":[],"_links":{"self":[{"href":"https:\/\/www.ircica.org\/fr\/wp-json\/wp\/v2\/product\/19820","targetHints":{"allow":["GET"]}}],"collection":[{"href":"https:\/\/www.ircica.org\/fr\/wp-json\/wp\/v2\/product"}],"about":[{"href":"https:\/\/www.ircica.org\/fr\/wp-json\/wp\/v2\/types\/product"}],"wp:featuredmedia":[{"embeddable":true,"href":"https:\/\/www.ircica.org\/fr\/wp-json\/wp\/v2\/media\/19805"}],"wp:attachment":[{"href":"https:\/\/www.ircica.org\/fr\/wp-json\/wp\/v2\/media?parent=19820"}],"wp:term":[{"taxonomy":"product_cat","embeddable":true,"href":"https:\/\/www.ircica.org\/fr\/wp-json\/wp\/v2\/product_cat?post=19820"},{"taxonomy":"product_tag","embeddable":true,"href":"https:\/\/www.ircica.org\/fr\/wp-json\/wp\/v2\/product_tag?post=19820"}],"curies":[{"name":"wp","href":"https:\/\/api.w.org\/{rel}","templated":true}]}}