{"id":19847,"date":"2023-07-04T10:41:49","date_gmt":"2023-07-04T07:41:49","guid":{"rendered":"https:\/\/www.ircica.org\/publications\/non%20class\u00e9\/world-bibliography-of-the-holy-quran-printed-translations-1515-2015"},"modified":"2024-01-10T12:04:33","modified_gmt":"2024-01-10T09:04:33","slug":"bibliographie-mondiale-du-saint-coran-traductions-imprimees-1515-2015","status":"publish","type":"product","link":"https:\/\/www.ircica.org\/fr\/publications\/etudes-sur-le-saint-coran\/bibliographie-mondiale-du-saint-coran-traductions-imprimees-1515-2015","title":{"rendered":"Bibliographie mondiale du Saint Coran &#8211; Traductions imprim\u00e9es, 1515-2015"},"content":{"rendered":"<p>La pr\u00e9sente publication r\u00e9sulte du projet de recherche de l\u2019IRCICA visant \u00e0 r\u00e9colter des donn\u00e9es sur l\u2019histoire de la diffusion du Saint Coran au travers ses copies, ses ex\u00e9g\u00e8ses et ses traductions. Elle couvre les traductions qui ont \u00e9t\u00e9 publi\u00e9es dans le monde entier depuis l\u2019invention de la machine \u00e0 imprimer en Europe jusqu\u2019\u00e0 l\u2019ann\u00e9e 2015 incluse. Cette une \u00e9dition augment\u00e9e de la premi\u00e8re bibliographie de l\u2019IRCICA publi\u00e9e en 1986 qui a couvert les traductions imprim\u00e9es jusqu\u2019en 1980.<\/p>\n<p>Dans le cadre du projet de recherche principal, les \u00e9tudes sur les traductions sont organis\u00e9es en deux sections, respectivement pour les traductions imprim\u00e9es et les traductions manuscrites. L\u2019\u00e9tude et la collecte de donn\u00e9es sur les traductions imprim\u00e9es est un travail continu. Concernant les traductions sous forme manuscrite, trois bibliographies ont \u00e9t\u00e9 publi\u00e9es, couvrant les manuscrits de toutes les collections connues sous les titres de\u00a0: <em>Bibliographie mondiale des traductions du Saint Coran sous forme manuscrite<\/em> : Volume I, <em>Traductions et ex\u00e9g\u00e8ses dans toutes les langues except\u00e9 le turc, le persan et l\u2019ourdou<\/em> (2000) ; Volume II, <em>Traductions et ex\u00e9g\u00e8ses en ourdou<\/em>, pr\u00e9par\u00e9 avec l\u2019introduction du Dr Ahmad Khan, directeur du Centre pour la pr\u00e9servation des manuscrits arabes, Islamabad, Pakistan (2009)\u00a0; Volume III, <em>Traductions et ex\u00e9g\u00e8ses en turc<\/em> (2016).<\/p>\n<p>Des copies et des traductions des livres saints et de la litt\u00e9rature religieuse ont commenc\u00e9 \u00e0 \u00eatre imprim\u00e9es en Europe peu apr\u00e8s la d\u00e9couverte des techniques d\u2019impression. Pendant plusieurs si\u00e8cles, de nombreuses traductions publi\u00e9es dans le monde occidental contenaient divers pr\u00e9jug\u00e9s et inexactitudes. Dans le monde musulman, l\u2019impression des publications religieuses n\u2019a commenc\u00e9 qu\u2019au d\u00e9but du XIXe si\u00e8cle, par pr\u00e9caution contre d\u2019\u00e9ventuelles fautes d\u2019impression. La premi\u00e8re traduction imprim\u00e9e dans une langue du monde musulman fut la traduction en ourdou publi\u00e9e en 1803. Les publications continuent d\u2019augmenter avec de nouvelles traductions dans diverses langues et dialectes et des r\u00e9impressions de celles existantes.<\/p>\n","protected":false},"excerpt":{"rendered":"<p>\u00e9dition augment\u00e9e ; Pr\u00e9par\u00e9 par \u0130smet Binark et Mehmet Serdar Bekar, Pr\u00e9face : Prof. Dr. Mahmud Erol K\u0131l\u0131\u00e7 ;<br \/>\nIRCICA, 2023 ; Num\u00e9ro de s\u00e9rie. Bibliographie sur le Saint Coran, 5<\/p>\n","protected":false},"featured_media":19832,"template":"","meta":{"_acf_changed":false,"_mi_skip_tracking":false},"product_cat":[117],"product_tag":[],"class_list":{"0":"post-19847","1":"product","2":"type-product","3":"status-publish","4":"has-post-thumbnail","6":"product_cat-etudes-sur-le-saint-coran","8":"first","9":"instock","10":"shipping-taxable","11":"product-type-simple"},"acf":[],"aioseo_notices":[],"_links":{"self":[{"href":"https:\/\/www.ircica.org\/fr\/wp-json\/wp\/v2\/product\/19847","targetHints":{"allow":["GET"]}}],"collection":[{"href":"https:\/\/www.ircica.org\/fr\/wp-json\/wp\/v2\/product"}],"about":[{"href":"https:\/\/www.ircica.org\/fr\/wp-json\/wp\/v2\/types\/product"}],"wp:featuredmedia":[{"embeddable":true,"href":"https:\/\/www.ircica.org\/fr\/wp-json\/wp\/v2\/media\/19832"}],"wp:attachment":[{"href":"https:\/\/www.ircica.org\/fr\/wp-json\/wp\/v2\/media?parent=19847"}],"wp:term":[{"taxonomy":"product_cat","embeddable":true,"href":"https:\/\/www.ircica.org\/fr\/wp-json\/wp\/v2\/product_cat?post=19847"},{"taxonomy":"product_tag","embeddable":true,"href":"https:\/\/www.ircica.org\/fr\/wp-json\/wp\/v2\/product_tag?post=19847"}],"curies":[{"name":"wp","href":"https:\/\/api.w.org\/{rel}","templated":true}]}}