{"id":19880,"date":"2023-07-04T11:17:22","date_gmt":"2023-07-04T08:17:22","guid":{"rendered":"https:\/\/www.ircica.org\/publications\/non%20class\u00e9\/the-crescent-at-the-cape-the-true-story-of-abu-bakr-effendi-1814-1880"},"modified":"2024-01-10T12:00:00","modified_gmt":"2024-01-10T09:00:00","slug":"the-crescent-at-the-cape-the-true-story-of-abu-bakr-effendi-1814-1880","status":"publish","type":"product","link":"https:\/\/www.ircica.org\/fr\/publications\/histoire-de-la-civilisation-islamique\/afrique\/croissant-de-lune-au-cap-la-veritable-histoire-dabu-bakr-effendi-1814-1880","title":{"rendered":"Croissant de lune au Cap. La v\u00e9ritable histoire d\u2019Abu-Bakr Effendi. 1814-1880"},"content":{"rendered":"<p>Abu-Bakr Effendi (m. 1880), un \u00e9rudit religieux ottoman, fut nomm\u00e9 par le sultan Abd\u016blaz\u012bz au Cap (1278H\/1862) sur demande, pour \u00e9clairer les musulmans d\u2019Afrique australe sur les questions religieuses. Abu-Bakr Effendi n\u2019a jamais quitt\u00e9 la r\u00e9gion jusqu\u2019\u00e0 la fin de sa vie, sauf pour une visite \u00e0 Istanbul, se consacrant enti\u00e8rement aux besoins religieux et \u00e9ducatifs de la communaut\u00e9 musulmane. Il a \u00e9tabli des \u00e9coles th\u00e9ologiques au Cap ; a enseign\u00e9 le Coran aux jeunes et aux adultes avec son assistant \u00d6mer L\u00fctfi ; a donn\u00e9 des conf\u00e9rences sur l\u2019ex\u00e9g\u00e8se coranique, la th\u00e9ologie et la jurisprudence, ainsi que des cours d\u2019arabe et de turc. Il \u00e9tait tenu en grande estime par les musulmans en tant qu\u2019\u00e9rudit faisant autorit\u00e9 et consult\u00e9 sur les questions religieuses. Ses conseils ont contribu\u00e9 \u00e0 renforcer la solidarit\u00e9 communautaire des musulmans. Abu-Bakr Effendi a \u00e9galement contribu\u00e9 \u00e0 enrichir la litt\u00e9rature religieuse accessible aux musulmans de la r\u00e9gion. Le plus c\u00e9l\u00e8bre parmi ses huit ouvrages est <em>Bey\u0101n\u016b\u2019d-d\u012bn<\/em>, un livre compos\u00e9 en arabe avec un r\u00e9sum\u00e9 en afrikaans \u00e9crit en caract\u00e8res arabes, qui est consid\u00e9r\u00e9 comme un succ\u00e8s linguistique pour son \u00e9poque. Des exemplaires de ce livre sont conserv\u00e9s dans les mus\u00e9es d\u2019Afrique du Sud ; une partie de ses correspondances \u00e9crites est \u00e9galement accessible dans les archives.<\/p>\n<p>Le Dr Shafiq Morton, un \u00e9minent \u00e9diteur et historien de l\u2019Afrique australe, a \u00e9crit l\u2019histoire int\u00e9ressante d\u2019Abu-Bakr Effendi sur la base de nombreuses sources originales, de r\u00e9cits personnels et d\u2019une multitude de r\u00e9f\u00e9rences bibliographiques. La premi\u00e8re \u00e9dition du pr\u00e9cieux livre a \u00e9t\u00e9 lanc\u00e9e conjointement par la Fondation Awqaf d\u2019Afrique du Sud (Awqaf SA) et l\u2019IRCICA lors du Symposium international sur \u00ab La civilisation islamique en Afrique australe : histoire, situation contemporaine et perspectives d\u2019avenir, d\u00e9di\u00e9 aux leaders musulmans, dont Abu-Bakr Effendi et l\u2019imam Abdullah Haron \u00bb, organis\u00e9 du 16 au 18 septembre 2022 au Cap. La deuxi\u00e8me \u00e9dition contient la pr\u00e9face du professeur Mahmud Erol K\u0131l\u0131\u00e7 et l\u2019avant-propos du Dr Selim Argun, vice-pr\u00e9sident des affaires religieuses de Turquie. Elle repr\u00e9sente une riche r\u00e9f\u00e9rence sur la vie et les activit\u00e9s du savant et sur l\u2019histoire environnante de la communaut\u00e9 musulmane en Afrique du Sud au XIXe si\u00e8cle.<\/p>\n","protected":false},"excerpt":{"rendered":"<p>Shafiq Morton, <strong>[<\/strong><strong>Croissant de lune au Cap. La v\u00e9ritable histoire d\u2019Abu-Bakr Effendi. 1814-1880<\/strong><strong>]<\/strong>, deuxi\u00e8me \u00e9dition ;<br \/>\nPr\u00e9face : Mahmud Erol K\u0131l\u0131\u00e7, Avant-propos : Selim Argun ;<br \/>\nIRCICA, 2023<\/p>\n","protected":false},"featured_media":19851,"template":"","meta":{"_acf_changed":false,"_mi_skip_tracking":false},"product_cat":[180,164],"product_tag":[],"class_list":{"0":"post-19880","1":"product","2":"type-product","3":"status-publish","4":"has-post-thumbnail","6":"product_cat-afrique","7":"product_cat-histoire-de-la-civilisation-islamique","9":"first","10":"instock","11":"shipping-taxable","12":"product-type-simple"},"acf":[],"aioseo_notices":[],"_links":{"self":[{"href":"https:\/\/www.ircica.org\/fr\/wp-json\/wp\/v2\/product\/19880","targetHints":{"allow":["GET"]}}],"collection":[{"href":"https:\/\/www.ircica.org\/fr\/wp-json\/wp\/v2\/product"}],"about":[{"href":"https:\/\/www.ircica.org\/fr\/wp-json\/wp\/v2\/types\/product"}],"wp:featuredmedia":[{"embeddable":true,"href":"https:\/\/www.ircica.org\/fr\/wp-json\/wp\/v2\/media\/19851"}],"wp:attachment":[{"href":"https:\/\/www.ircica.org\/fr\/wp-json\/wp\/v2\/media?parent=19880"}],"wp:term":[{"taxonomy":"product_cat","embeddable":true,"href":"https:\/\/www.ircica.org\/fr\/wp-json\/wp\/v2\/product_cat?post=19880"},{"taxonomy":"product_tag","embeddable":true,"href":"https:\/\/www.ircica.org\/fr\/wp-json\/wp\/v2\/product_tag?post=19880"}],"curies":[{"name":"wp","href":"https:\/\/api.w.org\/{rel}","templated":true}]}}