{"id":20103,"date":"2019-01-01T00:00:00","date_gmt":"2018-12-31T21:00:00","guid":{"rendered":"https:\/\/www.ircica.org\/publications\/non%20class\u00e9\/al-mushaf-al-sharif-berlin-copy"},"modified":"2024-01-10T16:45:17","modified_gmt":"2024-01-10T13:45:17","slug":"al-mushaf-al-sharif-copie-de-berlin","status":"publish","type":"product","link":"https:\/\/www.ircica.org\/fr\/publications\/etudes-sur-le-saint-coran\/al-mushaf-al-sharif-copie-de-berlin","title":{"rendered":"Al-Mushaf Al-Sharif (copie de Berlin)"},"content":{"rendered":"<p>L&rsquo;IRCICA m\u00e8ne des projets de recherche sur l&rsquo;histoire de la propagation du Saint Coran \u00e0 travers le monde. Dans ce cadre, il examine les copies du Saint Coran qui se trouvent dans divers endroits du monde. Il a commenc\u00e9 ce travail en examinant les anciens exemplaires coraniques datant des I<sup>er<\/sup> et II<sup>e<\/sup> si\u00e8cles de l\u2019apparition de l\u2019islam. Ces \u00e9tudes r\u00e9alis\u00e9es par le Dr. Tayyar Alt\u0131kula\u00e7, sp\u00e9cialiste des \u00e9tudes coraniques et ancien pr\u00e9sident des Affaires religieuses en Turquie, sont publi\u00e9es par l&rsquo;IRCICA en arabe et en anglais. L\u2019\u00e9tude porte sur les caract\u00e8res de ces copies, leur orthographe et sur d\u2019autres d\u00e9tails techniques. Ces copies sont \u00e9galement compar\u00e9es avec d\u2019autres copies de la m\u00eame \u00e9poque. Le livre nouvellement publi\u00e9 concerne la copie conserv\u00e9e \u00e0 la Biblioth\u00e8que d&rsquo;\u00c9tat de Berlin et qui remonte \u00e0 la p\u00e9riode entre 662 et 765 apr\u00e8s J.-C.<\/p>\n<p>Les volumes pr\u00e9c\u00e9dents de la s\u00e9rie \u00e9taient relatifs suivant l&rsquo;ordre de leur publication aux copies attribu\u00e9es \u00e0 l&rsquo;\u00e9poque du troisi\u00e8me calife, Othman bin Affan (RA) et conserv\u00e9es, respectivement, au Mus\u00e9e du palais Topkap\u0131 \u00e0 Istanbul et \u00e0 la Biblioth\u00e8que centrale des manuscrits islamiques au Caire ; \u00e0 la copie attribu\u00e9e \u00e0 l\u2019\u00e8re du quatri\u00e8me calife Ali bin Abi Talib (KAW) et conserv\u00e9e \u00e0 la biblioth\u00e8que de la grande mosqu\u00e9e de Sanaa ; \u00e0 la copie attribu\u00e9e \u00e0 la p\u00e9riode du troisi\u00e8me calife, Othman bin Affan (RA) et conserv\u00e9e au Mus\u00e9e islamique du Caire ; \u00e0 la copie partielle conserv\u00e9e \u00e0 la Biblioth\u00e8que nationale de France, \u00e0 Paris ; \u00e0 la copie partielle se trouvant \u00e0 la biblioth\u00e8que de l&rsquo;Universit\u00e9 de Tubingen, en Allemagne ; et \u00e0 la copie partielle conserv\u00e9e \u00e0 la biblioth\u00e8que britannique, \u00e0 Londres. L\u2019IRCICA a \u00e9galement, dans un autre volume, fait une synth\u00e8se de ses \u00e9tudes pr\u00e9c\u00e9dentes et publi\u00e9 une \u00e9dition \u00e9largie de son premier livre relatif \u00e0 la copie du mus\u00e9e du Palais Topkapi. Le livre portant \u00e9tude de la copie de la Biblioth\u00e8que d&rsquo;\u00c9tat de Berlin sera suivi d&rsquo;\u00e9tudes sur d&rsquo;autres copies anciennes du Saint Coran.<\/p>\n","protected":false},"excerpt":{"rendered":"<p>\u00c9tude et \u00e9dition: Dr. Tayyar Alt\u0131kula\u00e7.<br \/>\nIRCICA, Istanbul, 2019. &#8212; 67+841+69 p.<br \/>\n(en Arabe et en Turc)<\/p>\n","protected":false},"featured_media":6740,"template":"","meta":{"_acf_changed":false,"_mi_skip_tracking":false},"product_cat":[117],"product_tag":[118,119],"class_list":{"0":"post-20103","1":"product","2":"type-product","3":"status-publish","4":"has-post-thumbnail","6":"product_cat-etudes-sur-le-saint-coran","7":"product_tag-al-mushaf-3","8":"product_tag-al-sharif-3","10":"first","11":"instock","12":"shipping-taxable","13":"product-type-simple"},"acf":[],"aioseo_notices":[],"_links":{"self":[{"href":"https:\/\/www.ircica.org\/fr\/wp-json\/wp\/v2\/product\/20103","targetHints":{"allow":["GET"]}}],"collection":[{"href":"https:\/\/www.ircica.org\/fr\/wp-json\/wp\/v2\/product"}],"about":[{"href":"https:\/\/www.ircica.org\/fr\/wp-json\/wp\/v2\/types\/product"}],"wp:featuredmedia":[{"embeddable":true,"href":"https:\/\/www.ircica.org\/fr\/wp-json\/wp\/v2\/media\/6740"}],"wp:attachment":[{"href":"https:\/\/www.ircica.org\/fr\/wp-json\/wp\/v2\/media?parent=20103"}],"wp:term":[{"taxonomy":"product_cat","embeddable":true,"href":"https:\/\/www.ircica.org\/fr\/wp-json\/wp\/v2\/product_cat?post=20103"},{"taxonomy":"product_tag","embeddable":true,"href":"https:\/\/www.ircica.org\/fr\/wp-json\/wp\/v2\/product_tag?post=20103"}],"curies":[{"name":"wp","href":"https:\/\/api.w.org\/{rel}","templated":true}]}}