{"id":20125,"date":"2007-09-05T10:39:58","date_gmt":"2007-09-05T07:39:58","guid":{"rendered":"https:\/\/www.ircica.org\/publications\/non%20class\u00e9\/al-mushaf-al-sharif-attributed-to-uthman-bin-affan-the-copy-at-topkapi-palace-museum-in-istanbul-2"},"modified":"2023-09-05T10:56:41","modified_gmt":"2023-09-05T07:56:41","slug":"al-mushaf-al-sharif-attribue-a-othman-ibn-affan-la-copie-au-musee-du-palais-de-topkapi-a-istanbul","status":"publish","type":"product","link":"https:\/\/www.ircica.org\/fr\/publications\/etudes-sur-le-saint-coran\/al-mushaf-al-sharif-attribue-a-othman-ibn-affan-la-copie-au-musee-du-palais-de-topkapi-a-istanbul","title":{"rendered":"Al-Mushaf Al-Sharif attribu\u00e9 \u00e0 Othm\u00e2n ibn Aff\u00e2n (La copie au mus\u00e9e du palais de Topkapi \u00e0 Istanbul)"},"content":{"rendered":"<p>Ce livre contient une \u00e9tude savante sur une copie manuscrite du Saint Coran attribu\u00e9e \u00e0 la p\u00e9riode du calife Othm\u00e2n (RA) et conserv\u00e9e au mus\u00e9e du palais de Topkapi. Il s\u2019agit d\u2019un exemplaire bien connu, d\u00e9sign\u00e9 sous le nom de \u00ab Le <em>Mushaf<\/em> Othman (RA) de Topkapi \u00bb. Le Dr Tayyar Alt\u0131kula\u00e7, sp\u00e9cialiste des \u00e9tudes coraniques, a r\u00e9alis\u00e9 une \u00e9tude comparative m\u00e9ticuleuse et une analyse technique de la copie. Dans l\u2019introduction, l\u2019auteur explique la m\u00e9thode suivie et les r\u00e9sultats obtenus. Avec seulement deux pages (23 versets) manquantes, \u00ab Le <em>Mushaf<\/em> de Topkapi \u00bb est l\u2019une des anciennes copies les plus proches d\u2019\u00eatre compl\u00e8tes. Parall\u00e8lement \u00e0 ce livre, une \u00e9dition en fac-simil\u00e9 du <em>Mushaf<\/em> a \u00e9t\u00e9 publi\u00e9e. Le financement de son impression requ\u00e9rant d\u00e9licatesse et habilet\u00e9 a \u00e9t\u00e9 assur\u00e9 par S.A. Cheikh Dr. Sultan bin Mohamed al-Qassimi, membre du Conseil supr\u00eame des \u00c9mirats arabes unis et souverain de Sharjah.<\/p>\n","protected":false},"excerpt":{"rendered":"<p>Pr\u00e9par\u00e9 pour publication par le Dr Tayyar Alt\u0131kula\u00e7<br \/>\nPr\u00e9face du professeur Ekmeleddin \u0130hsano\u011flu<br \/>\nEn arabe, avec une introduction en arabe et en turc<br \/>\n\u0130stanbul, 1428\/2007<br \/>\nISBN 978-92-9063-166-8<\/p>\n","protected":false},"featured_media":20118,"template":"","meta":{"_acf_changed":false,"_mi_skip_tracking":false},"product_cat":[117],"product_tag":[],"class_list":{"0":"post-20125","1":"product","2":"type-product","3":"status-publish","4":"has-post-thumbnail","6":"product_cat-etudes-sur-le-saint-coran","8":"first","9":"instock","10":"shipping-taxable","11":"product-type-simple"},"acf":[],"aioseo_notices":[],"_links":{"self":[{"href":"https:\/\/www.ircica.org\/fr\/wp-json\/wp\/v2\/product\/20125","targetHints":{"allow":["GET"]}}],"collection":[{"href":"https:\/\/www.ircica.org\/fr\/wp-json\/wp\/v2\/product"}],"about":[{"href":"https:\/\/www.ircica.org\/fr\/wp-json\/wp\/v2\/types\/product"}],"wp:featuredmedia":[{"embeddable":true,"href":"https:\/\/www.ircica.org\/fr\/wp-json\/wp\/v2\/media\/20118"}],"wp:attachment":[{"href":"https:\/\/www.ircica.org\/fr\/wp-json\/wp\/v2\/media?parent=20125"}],"wp:term":[{"taxonomy":"product_cat","embeddable":true,"href":"https:\/\/www.ircica.org\/fr\/wp-json\/wp\/v2\/product_cat?post=20125"},{"taxonomy":"product_tag","embeddable":true,"href":"https:\/\/www.ircica.org\/fr\/wp-json\/wp\/v2\/product_tag?post=20125"}],"curies":[{"name":"wp","href":"https:\/\/api.w.org\/{rel}","templated":true}]}}