{"id":20219,"date":"2023-09-21T16:06:51","date_gmt":"2023-09-21T13:06:51","guid":{"rendered":"https:\/\/www.ircica.org\/publications\/non%20class\u00e9\/proceedings-of-the-3rd-international-scientific-practical-conference-islamic-civilization-in-central-asia-past-and-present"},"modified":"2023-09-22T10:34:21","modified_gmt":"2023-09-22T07:34:21","slug":"actes-de-la-3e-conference-scientifique-et-pratique-internationale-sur-la-civilisation-islamique-en-asie-centrale-passe-et-present","status":"publish","type":"product","link":"https:\/\/www.ircica.org\/fr\/publications\/histoire-de-la-civilisation-islamique\/asie\/asie-centrale-et-caucase\/actes-de-la-3e-conference-scientifique-et-pratique-internationale-sur-la-civilisation-islamique-en-asie-centrale-passe-et-present","title":{"rendered":"Actes de la 3e Conf\u00e9rence scientifique et pratique internationale sur la civilisation islamique en Asie centrale : pass\u00e9 et pr\u00e9sent"},"content":{"rendered":"<p>Ce livre est le r\u00e9sultat de la conf\u00e9rence internationale organis\u00e9e par l\u2019IRCICA et l\u2019Acad\u00e9mie islamique internationale d\u2019Ouzb\u00e9kistan (IIAU) en format hybride le 17 octobre 2022. Les deux premi\u00e8res conf\u00e9rences de la s\u00e9rie ont eu lieu respectivement le 14 octobre 2020 et le 14 octobre 2021, et leurs actes ont \u00e9t\u00e9 publi\u00e9s. La troisi\u00e8me conf\u00e9rence a renferm\u00e9 des s\u00e9ances internationales d\u2019universitaires et de sp\u00e9cialistes chevronn\u00e9s, qui se sont d\u00e9roul\u00e9es en ligne, suivies de panels de jeunes acad\u00e9miciens organis\u00e9s dans les salles de l\u2019Acad\u00e9mie \u00e0 Tachkent. Selon son concept original, la conf\u00e9rence visait \u00e0 recueillir des \u00e9tudes sur un \u00e9ventail de sujets aussi divers que possible, afin de refl\u00e9ter les multiples aspects des caract\u00e9ristiques culturelles et des biens patrimoniaux des pays et des peuples d\u2019Asie centrale. Le livre contient un total de 150 articles, r\u00e9dig\u00e9s en ouzbek ou en anglais. Les titres des chapitres sont les suivants : \u00ab La culture et l\u2019art islamiques dans la r\u00e9gion d\u2019Asie centrale \u00bb ; \u00ab Le patrimoine scientifique et spirituel des savants d\u2019Asie centrale \u00bb ; \u00ab L\u2019\u00e9pigraphie et l\u2019architecture des monuments historiques en Asie centrale \u00bb ; \u00ab Les points communs et les particularit\u00e9s des coutumes et traditions des peuples d\u2019Asie centrale \u00bb.<\/p>\n","protected":false},"excerpt":{"rendered":"<p><strong>octobre 2022, Tachkent, R\u00e9publique d\u2019Ouzb\u00e9kistan<br \/>\n<em>Markaziy Osiyoda Islom Sivilizatsiyas\u0131: O&rsquo;tmish va Hozirgi Zamon<\/em><em>. III Xalqaro Ilmiy Amaliy Konferansiya Materiallaro To&rsquo;plam<\/em>\u0131 2022 y\u0131l oktyabr, Toshkent, O\u2018zbekiston<\/strong><\/p>\n<p>Avant-propos : Muzaffar Kamilov ; Pr\u00e9face : Mahmud Erol K\u0131l\u0131\u00e7 ; r\u00e9dacteur responsable : Kamronbek Abdulazimov, r\u00e9dacteurs en chef : Zohidjon Islomov, Ne&rsquo;matulla Muhamedov, Ashirbek Muminov ; Acad\u00e9mie islamique internationale d\u2019Ouzb\u00e9kistan, Tachkent, 2023, 472 p. (principalement en ouzbek et en anglais)<strong><br \/>\n<\/strong><\/p>\n","protected":false},"featured_media":20191,"template":"","meta":{"_acf_changed":false,"_mi_skip_tracking":false},"product_cat":[200,164],"product_tag":[],"class_list":{"0":"post-20219","1":"product","2":"type-product","3":"status-publish","4":"has-post-thumbnail","6":"product_cat-asie-centrale-et-caucase","7":"product_cat-histoire-de-la-civilisation-islamique","9":"first","10":"instock","11":"shipping-taxable","12":"product-type-simple"},"acf":[],"aioseo_notices":[],"_links":{"self":[{"href":"https:\/\/www.ircica.org\/fr\/wp-json\/wp\/v2\/product\/20219","targetHints":{"allow":["GET"]}}],"collection":[{"href":"https:\/\/www.ircica.org\/fr\/wp-json\/wp\/v2\/product"}],"about":[{"href":"https:\/\/www.ircica.org\/fr\/wp-json\/wp\/v2\/types\/product"}],"wp:featuredmedia":[{"embeddable":true,"href":"https:\/\/www.ircica.org\/fr\/wp-json\/wp\/v2\/media\/20191"}],"wp:attachment":[{"href":"https:\/\/www.ircica.org\/fr\/wp-json\/wp\/v2\/media?parent=20219"}],"wp:term":[{"taxonomy":"product_cat","embeddable":true,"href":"https:\/\/www.ircica.org\/fr\/wp-json\/wp\/v2\/product_cat?post=20219"},{"taxonomy":"product_tag","embeddable":true,"href":"https:\/\/www.ircica.org\/fr\/wp-json\/wp\/v2\/product_tag?post=20219"}],"curies":[{"name":"wp","href":"https:\/\/api.w.org\/{rel}","templated":true}]}}