{"id":20221,"date":"2021-01-01T11:05:23","date_gmt":"2021-01-01T08:05:23","guid":{"rendered":"https:\/\/www.ircica.org\/publications\/non%20class\u00e9\/refutation-of-daniel-alan-brubakers-corrections-in-early-quran-manuscripts"},"modified":"2024-01-10T13:18:32","modified_gmt":"2024-01-10T10:18:32","slug":"refutation-des-corrections-dans-les-anciens-manuscrits-du-coran-de-daniel-alan-brubaker","status":"publish","type":"product","link":"https:\/\/www.ircica.org\/fr\/publications\/etudes-sur-le-saint-coran\/refutation-des-corrections-dans-les-anciens-manuscrits-du-coran-de-daniel-alan-brubaker","title":{"rendered":"R\u00e9futation des \u00ab Corrections dans les anciens manuscrits du Coran \u00bb de Daniel Alan Brubaker"},"content":{"rendered":"<p>Dans le cadre de son programme d\u2019\u00e9tudes sur le Saint Coran, l\u2019IRCICA vise \u00e0 promouvoir la recherche scientifique et \u00e0 produire des r\u00e9f\u00e9rences sur l\u2019histoire de la diffusion du Saint Coran. Un aspect majeur de cette histoire est que le Saint Coran a \u00e9t\u00e9 transmis et conserv\u00e9 intact. Malgr\u00e9 le passage de plus de quatorze si\u00e8cles depuis son av\u00e8nement\u00a0et en d\u00e9pit des variations orthographiques et phon\u00e9tiques d\u00e9termin\u00e9es par les pratiques locales de la langue arabe et du nombre incalculable de copies produites au fil des si\u00e8cles dans divers styles calligraphiques, le texte et le contenu du Coran sont rest\u00e9s intacts.<\/p>\n<p>Le pr\u00e9sent livre a \u00e9t\u00e9 pr\u00e9par\u00e9 par le sp\u00e9cialiste, de renomm\u00e9e mondiale, des \u00e9tudes coraniques, le Dr Tayyar Alt\u0131kula\u00e7, en r\u00e9ponse au livre de Daniel Alan Brubaker intitul\u00e9 \u00ab\u00a0Corrections in <em>Early Qur\u2019\u0101nic Manuscripts Twenty examples<\/em> [<em>\u00ab\u00a0Corrections dans les anciens manuscrits du Coran<\/em><strong>\u00a0<\/strong><em>: vingt exemples \u00bb<\/em>] (Lovettsville: Think and Tell Press, 2019) . Le livre de Brubaker peut \u00eatre d\u00e9crit comme l\u2019une des nombreuses publications r\u00e9dig\u00e9es par des \u00e9crivains occidentaux qui per\u00e7oivent les diverses corrections d\u2019erreurs d\u2019\u00e9criture trouv\u00e9es dans les plus anciens exemplaires du Coran comme des modifications qui auraient pu \u00eatre d\u00e9lib\u00e9r\u00e9ment apport\u00e9es \u00e0 son texte. Brubaker pr\u00e9sente une collection de vingt exemples de corrections de scribes les interpr\u00e9tant comme une preuve possible de changements qui auraient pu \u00eatre apport\u00e9s \u00e0 diff\u00e9rentes \u00e9poques dans le texte authentique du Coran. Le pr\u00e9sent livre du Dr Tayyar Alt\u0131kula\u00e7 examine chacun des exemples propos\u00e9s par Brubaker et d\u00e9montre que toute affirmation, y compris celle de Brubaker, qui tente de jeter le doute sur l\u2019int\u00e9grit\u00e9 du Saint Coran, est vou\u00e9e \u00e0 l\u2019\u00e9chec.<\/p>\n","protected":false},"excerpt":{"rendered":"<p>Pr\u00e9par\u00e9 par le Dr Tayyar Alt\u0131kula\u00e7<br \/>\nIRCICA, Istanbul, 2020<br \/>\n105 p., ill.<\/p>\n","protected":false},"featured_media":6405,"template":"","meta":{"_acf_changed":false,"_mi_skip_tracking":false},"product_cat":[117],"product_tag":[],"class_list":{"0":"post-20221","1":"product","2":"type-product","3":"status-publish","4":"has-post-thumbnail","6":"product_cat-etudes-sur-le-saint-coran","8":"first","9":"instock","10":"shipping-taxable","11":"product-type-simple"},"acf":[],"aioseo_notices":[],"_links":{"self":[{"href":"https:\/\/www.ircica.org\/fr\/wp-json\/wp\/v2\/product\/20221","targetHints":{"allow":["GET"]}}],"collection":[{"href":"https:\/\/www.ircica.org\/fr\/wp-json\/wp\/v2\/product"}],"about":[{"href":"https:\/\/www.ircica.org\/fr\/wp-json\/wp\/v2\/types\/product"}],"wp:featuredmedia":[{"embeddable":true,"href":"https:\/\/www.ircica.org\/fr\/wp-json\/wp\/v2\/media\/6405"}],"wp:attachment":[{"href":"https:\/\/www.ircica.org\/fr\/wp-json\/wp\/v2\/media?parent=20221"}],"wp:term":[{"taxonomy":"product_cat","embeddable":true,"href":"https:\/\/www.ircica.org\/fr\/wp-json\/wp\/v2\/product_cat?post=20221"},{"taxonomy":"product_tag","embeddable":true,"href":"https:\/\/www.ircica.org\/fr\/wp-json\/wp\/v2\/product_tag?post=20221"}],"curies":[{"name":"wp","href":"https:\/\/api.w.org\/{rel}","templated":true}]}}