{"id":20246,"date":"2023-09-27T16:52:00","date_gmt":"2023-09-27T13:52:00","guid":{"rendered":"https:\/\/www.ircica.org\/publications\/non%20class\u00e9\/islamic-monuments-of-cairo-from-the-islamic-conquest-till-the-end-of-the-fatimid-period"},"modified":"2024-01-10T11:51:29","modified_gmt":"2024-01-10T08:51:29","slug":"les-monuments-islamiques-du-caire-depuis-la-conquete-islamique-jusqua-la-fin-de-la-periode-fatimide","status":"publish","type":"product","link":"https:\/\/www.ircica.org\/fr\/publications\/patrimoine-culturel-et-architectural\/les-monuments-islamiques-du-caire-depuis-la-conquete-islamique-jusqua-la-fin-de-la-periode-fatimide","title":{"rendered":"Les monuments islamiques du Caire depuis la conqu\u00eate islamique jusqu\u2019\u00e0 la fin de la p\u00e9riode fatimide"},"content":{"rendered":"<p>Cet ouvrage a \u00e9t\u00e9 publi\u00e9 dans le cadre du programme de travail de l\u2019IRCICA sur le patrimoine architectural islamique qui consacre une attention particuli\u00e8re aux villes historiques du monde musulman et aux sites et monuments islamiques situ\u00e9s dans ces villes. L\u2019\u00e9tude a \u00e9t\u00e9 men\u00e9e par l\u2019historien de l\u2019art \u00e9gyptien, le Dr Tarek Hussein. Elle couvre les monuments du Caire datant du d\u00e9but de l\u2019histoire islamique de l\u2019\u00c9gypte (7e si\u00e8cle) jusqu\u2019\u00e0 la fin de la p\u00e9riode fatimide (1171 apr. J.-C.). En ce qui concerne sa p\u00e9riode de temps, l\u2019\u00e9tude compl\u00e8te la premi\u00e8re publication de l\u2019IRCICA sur le sujet intitul\u00e9e <em>Les monuments islamiques du Caire pendant la p\u00e9riode ottomane<\/em>, r\u00e9dig\u00e9e par l\u2019architecte arch\u00e9ologue M. Mohamed Abul Amayem (\u00c9gypte), qui avait couvert la p\u00e9riode de 1517 \u00e0 1805 en trois parties : Livre 1 : Les mosqu\u00e9es, les m\u00e9dersas et les tekkes (2003, xxxviii+541 pp.) ; Livre 2 : Les fontaines publiques, les \u00e9coles et les points d\u2019eau (2011, 2 volumes, 1028 pp.) ; Livre 3 : Les caravans\u00e9rails et les march\u00e9s (2015, 2 volumes, 1138 pp.). Auparavant, l\u2019IRCICA avait \u00e9galement publi\u00e9, dans une s\u00e9rie diff\u00e9rente, un album de photographies annot\u00e9 intitul\u00e9 <em>L\u2019\u00c9gypte vue au XIXe si\u00e8cle<\/em> (2001) contenant des reproductions de photographies du 19e si\u00e8cle provenant des archives du Centre.<\/p>\n<p>Le pr\u00e9sent ouvrage fait la description de 48 monuments, class\u00e9s chronologiquement. Il pr\u00e9sente au total 546 photographies, cartes et plans, anciens et nouveaux, relatifs \u00e0 ces monuments, et fournit des informations sur leurs caract\u00e9ristiques extraites de diverses sources. Les cartes g\u00e9n\u00e9rales ajout\u00e9es \u00e0 la fin de l\u2019ouvrage situent tous les monuments selon leurs p\u00e9riodes. Gr\u00e2ce aux nombreux documents de r\u00e9f\u00e9rence rassembl\u00e9s et aux \u00e9valuations r\u00e9capitulatives fournies sur l\u2019histoire et l\u2019\u00e9tat actuel de chaque monument, le livre apporte une pr\u00e9cieuse contribution \u00e0 la litt\u00e9rature scientifique sur le patrimoine architectural islamique du Caire.<\/p>\n","protected":false},"excerpt":{"rendered":"<p>Tarek Hussein<br \/>\nIRCICA, 2023<br \/>\ns\u00e9rie d\u2019histoire et de culture en \u00c9gypte 6, x+410+5 pp<br \/>\n(en arabe, pr\u00e9face et introduction \u00e9galement en anglais)<\/p>\n","protected":false},"featured_media":20227,"template":"","meta":{"_acf_changed":false,"_mi_skip_tracking":false},"product_cat":[173],"product_tag":[],"class_list":{"0":"post-20246","1":"product","2":"type-product","3":"status-publish","4":"has-post-thumbnail","6":"product_cat-patrimoine-culturel-et-architectural","8":"first","9":"instock","10":"shipping-taxable","11":"product-type-simple"},"acf":[],"aioseo_notices":[],"_links":{"self":[{"href":"https:\/\/www.ircica.org\/fr\/wp-json\/wp\/v2\/product\/20246","targetHints":{"allow":["GET"]}}],"collection":[{"href":"https:\/\/www.ircica.org\/fr\/wp-json\/wp\/v2\/product"}],"about":[{"href":"https:\/\/www.ircica.org\/fr\/wp-json\/wp\/v2\/types\/product"}],"wp:featuredmedia":[{"embeddable":true,"href":"https:\/\/www.ircica.org\/fr\/wp-json\/wp\/v2\/media\/20227"}],"wp:attachment":[{"href":"https:\/\/www.ircica.org\/fr\/wp-json\/wp\/v2\/media?parent=20246"}],"wp:term":[{"taxonomy":"product_cat","embeddable":true,"href":"https:\/\/www.ircica.org\/fr\/wp-json\/wp\/v2\/product_cat?post=20246"},{"taxonomy":"product_tag","embeddable":true,"href":"https:\/\/www.ircica.org\/fr\/wp-json\/wp\/v2\/product_tag?post=20246"}],"curies":[{"name":"wp","href":"https:\/\/api.w.org\/{rel}","templated":true}]}}