{"id":20326,"date":"2020-10-09T14:42:42","date_gmt":"2020-10-09T11:42:42","guid":{"rendered":"https:\/\/www.ircica.org\/publications\/non%20class\u00e9\/the-muslims-of-andalusia-and-the-government-of-fez-in-the-10th-century-h-16th-century-ad"},"modified":"2024-01-10T13:55:29","modified_gmt":"2024-01-10T10:55:29","slug":"les-musulmans-dandalousie-et-le-gouvernement-de-fes-au-xe-siecle-h-xvie-siecle-apr-j-c","status":"publish","type":"product","link":"https:\/\/www.ircica.org\/fr\/publications\/histoire-de-la-civilisation-islamique\/asie\/moyen-orient-et-mediterranee\/les-musulmans-dandalousie-et-le-gouvernement-de-fes-au-xe-siecle-h-xvie-siecle-apr-j-c","title":{"rendered":"Les musulmans d\u2019Andalousie et le gouvernement de F\u00e8s au Xe si\u00e8cle H \/ XVIe si\u00e8cle apr. J.-C."},"content":{"rendered":"<p>Ce volume est le septi\u00e8me de la s\u00e9rie L\u2019Histoire des pays arabes \u00e0 travers les documents d\u2019archives ottomanes. Il est organis\u00e9 en deux parties : la premi\u00e8re partie est consacr\u00e9e aux documents relatifs aux musulmans d\u2019Andalousie et \u00e0 l\u2019\u00c9tat ottoman, et repr\u00e9sente le premier chapitre du livre ; et la seconde, aux documents relatifs au gouvernement de F\u00e8s au XVIe si\u00e8cle, et est compos\u00e9e de trois chapitres : \u00abLa p\u00e9riode de Sharif Muhammed al-Sheikh et Sharif Abdullah Al-Ghalib\u00bb, \u00abL\u2019\u00e9poque de Sharif Abdul-Malik\u00bb et \u00abL\u2019\u00e8re de Sharif Ahmed Al Mansour\u00bb. Les documents de la premi\u00e8re partie soulignent l\u2019importance accord\u00e9e par les ottomans aux musulmans d\u2019Andalousie apr\u00e8s la chute de Grenade et les circonstances qui les ont emp\u00each\u00e9s de leur apporter l\u2019aide n\u00e9cessaire et de sauver leur \u00c9tat, mais sans pour autant faillir \u00e0 leur apporter assistance d\u2019une mani\u00e8re ou d\u2019une autre, notamment en proc\u00e9dant au transfert de la population qui \u00e9tait suspendue sur les c\u00f4tes espagnoles vers les diverses provinces ottomanes malgr\u00e9 le danger qui guettait leurs navires qui se dirigeaient vers ces c\u00f4tes.<\/p>\n<p>Selon l\u2019auteur, si seulement les ottomans avaient pu avoir acc\u00e8s \u00e0 l\u2019Andalousie avant la chute de Grenade, le cours de l\u2019histoire aurait pris une autre tournure et les musulmans d\u2019Andalousie auraient surv\u00e9cu avec leur identit\u00e9 culturelle arabe mais la chance n\u2019\u00e9tait pas du c\u00f4t\u00e9 de l\u2019Andalousie comme elle le fut pour l\u2019Afrique du Nord. Quant \u00e0 la deuxi\u00e8me partie du livre, elle aborde la question de la subordination ou non de F\u00e8s \u00e0 l\u2019\u00c9tat ottoman, notamment \u00e0 l\u2019\u00e9poque de Saadi, et met en lumi\u00e8re des aspects de cette subordination qui sont g\u00e9n\u00e9ralement m\u00e9connus des chercheurs qui n\u2019ont pas r\u00e9ussi \u00e0 comprendre ces documents.<\/p>\n","protected":false},"excerpt":{"rendered":"<p><strong>(\u0645\u0633\u0644\u0645\u0648 \u0627\u0644\u0623\u0646\u062f\u0644\u0633 \u0648\u062d\u0643\u0648\u0645\u0629 \u0641\u0627\u0633 \u0641\u064a \u0627\u0644\u0642\u0631\u0646 \u0627\u0644\u0639\u0627\u0634\u0631 \u0627\u0644\u0647\u062c\u0631\u064a\/ \u0627\u0644\u0633\u0627\u062f\u0633 \u0639\u0634\u0631 \u0627\u0644\u0645\u064a\u0644\u0627\u062f\u064a)<\/strong><br \/>\nCompilation, Traduction et \u00c9tude par Fazil Bayat<br \/>\nS\u00e9rie d\u2019histoire des pays musulmans \u00e0 la lumi\u00e8re des documents d\u2019archives ottomanes : no. 3, vol. 9<br \/>\nIstanbul, 2020<br \/>\n(en Arabe)<\/p>\n","protected":false},"featured_media":20272,"template":"","meta":{"_acf_changed":false,"_mi_skip_tracking":false},"product_cat":[164,362],"product_tag":[],"class_list":{"0":"post-20326","1":"product","2":"type-product","3":"status-publish","4":"has-post-thumbnail","6":"product_cat-histoire-de-la-civilisation-islamique","7":"product_cat-moyen-orient-et-mediterranee","9":"first","10":"instock","11":"shipping-taxable","12":"product-type-simple"},"acf":[],"aioseo_notices":[],"_links":{"self":[{"href":"https:\/\/www.ircica.org\/fr\/wp-json\/wp\/v2\/product\/20326","targetHints":{"allow":["GET"]}}],"collection":[{"href":"https:\/\/www.ircica.org\/fr\/wp-json\/wp\/v2\/product"}],"about":[{"href":"https:\/\/www.ircica.org\/fr\/wp-json\/wp\/v2\/types\/product"}],"wp:featuredmedia":[{"embeddable":true,"href":"https:\/\/www.ircica.org\/fr\/wp-json\/wp\/v2\/media\/20272"}],"wp:attachment":[{"href":"https:\/\/www.ircica.org\/fr\/wp-json\/wp\/v2\/media?parent=20326"}],"wp:term":[{"taxonomy":"product_cat","embeddable":true,"href":"https:\/\/www.ircica.org\/fr\/wp-json\/wp\/v2\/product_cat?post=20326"},{"taxonomy":"product_tag","embeddable":true,"href":"https:\/\/www.ircica.org\/fr\/wp-json\/wp\/v2\/product_tag?post=20326"}],"curies":[{"name":"wp","href":"https:\/\/api.w.org\/{rel}","templated":true}]}}