{"id":20445,"date":"2018-08-17T13:32:28","date_gmt":"2018-08-17T10:32:28","guid":{"rendered":"https:\/\/www.ircica.org\/publications\/non%20class\u00e9\/the-gulf-region-in-the-16th-century"},"modified":"2024-01-10T16:50:26","modified_gmt":"2024-01-10T13:50:26","slug":"the-gulf-region-in-the-16th-century","status":"publish","type":"product","link":"https:\/\/www.ircica.org\/fr\/publications\/histoire-de-la-civilisation-islamique\/asie\/moyen-orient-et-mediterranee\/la-region-du-golfe-au-16e-siecle","title":{"rendered":"La r\u00e9gion du Golfe au 16e si\u00e8cle"},"content":{"rendered":"<p>\u00c0 travers sa s\u00e9rie intitul\u00e9e Les provinces arabes dans les documents ottomans, l\u2019IRCICA se propose de faciliter l\u2019acc\u00e8s aux chercheurs dont la langue de travail est l\u2019arabe, aux documents officiels de l\u2019\u00c9tat Ottoman, relatifs aux provinces arabes. Ces documents sont des sources originales sur l\u2019histoire de ces r\u00e9gions. Les trois premiers volumes de la s\u00e9rie, publi\u00e9s respectivement en 2010, 2011 et 2014, comprennent des documents datant des \u00e9poques des Sultans Selim I et Soliman le L\u00e9gislateur. Le quatri\u00e8me volume, publi\u00e9 en 2015, concerne Al-Haramayn (Makkah al- Mukaramah et Al-Madina al-Munawara) sous le r\u00e8gne du sultan Selim II (974-982 H. \/ 1566-1574). Les volumes V et VI, publi\u00e9s en 2017, portent sur les provinces irakiennes de l\u2019\u00c9tat Ottoman sous le r\u00e8gne du Sultan Selim II (974-982 H. \/ 1566-1574).<\/p>\n<p>Le volume VII publi\u00e9 en 2018 est relatif \u00e0 la r\u00e9gion du Golfe au 16e si\u00e8cle. Chaque volume contient des reproductions des documents originaux des archives de l\u2019\u00c9tat turc datant de la p\u00e9riode ottomane, accompagn\u00e9es d\u2019une traduction et d\u2019une \u00e9tude en arabe. Le projet de recherche et la s\u00e9rie de livres se poursuivront.<\/p>\n","protected":false},"excerpt":{"rendered":"<p>S\u00e9rie d\u2019histoire des pays musulmans \u00e0 travers les documents des archives ottomanes, Vol 7<br \/>\nPr\u00e9paration, traduction et \u00e9tude: Faz\u0131l Bayat<br \/>\nIRCICA, Istanbul, 2018<\/p>\n","protected":false},"featured_media":20406,"template":"","meta":{"_acf_changed":false,"_mi_skip_tracking":false},"product_cat":[164,362],"product_tag":[],"class_list":{"0":"post-20445","1":"product","2":"type-product","3":"status-publish","4":"has-post-thumbnail","6":"product_cat-histoire-de-la-civilisation-islamique","7":"product_cat-moyen-orient-et-mediterranee","9":"first","10":"instock","11":"shipping-taxable","12":"product-type-simple"},"acf":[],"aioseo_notices":[],"_links":{"self":[{"href":"https:\/\/www.ircica.org\/fr\/wp-json\/wp\/v2\/product\/20445","targetHints":{"allow":["GET"]}}],"collection":[{"href":"https:\/\/www.ircica.org\/fr\/wp-json\/wp\/v2\/product"}],"about":[{"href":"https:\/\/www.ircica.org\/fr\/wp-json\/wp\/v2\/types\/product"}],"wp:featuredmedia":[{"embeddable":true,"href":"https:\/\/www.ircica.org\/fr\/wp-json\/wp\/v2\/media\/20406"}],"wp:attachment":[{"href":"https:\/\/www.ircica.org\/fr\/wp-json\/wp\/v2\/media?parent=20445"}],"wp:term":[{"taxonomy":"product_cat","embeddable":true,"href":"https:\/\/www.ircica.org\/fr\/wp-json\/wp\/v2\/product_cat?post=20445"},{"taxonomy":"product_tag","embeddable":true,"href":"https:\/\/www.ircica.org\/fr\/wp-json\/wp\/v2\/product_tag?post=20445"}],"curies":[{"name":"wp","href":"https:\/\/api.w.org\/{rel}","templated":true}]}}