{"id":20620,"date":"2015-10-21T00:00:00","date_gmt":"2015-10-20T21:00:00","guid":{"rendered":"https:\/\/www.ircica.org\/publications\/non%20class\u00e9\/%d8%a7%d9%84%d8%a8%d9%84%d8%a7%d8%af-%d8%a7%d9%84%d8%b9%d8%b1%d8%a8%d9%8a%d8%a9-%d9%81%d9%8a-%d8%a7%d9%84%d9%88%d8%ab%d8%a7%d8%a6%d9%82-%d8%a7%d9%84%d8%b9%d8%ab%d9%85%d8%a7%d9%86%d9%8a%d8%a9%d8%8c"},"modified":"2024-01-11T10:11:19","modified_gmt":"2024-01-11T07:11:19","slug":"%d8%a7%d9%84%d8%a8%d9%84%d8%a7%d8%af-%d8%a7%d9%84%d8%b9%d8%b1%d8%a8%d9%8a%d8%a9-%d9%81%d9%8a-%d8%a7%d9%84%d9%88%d8%ab%d8%a7%d8%a6%d9%82-%d8%a7%d9%84%d8%b9%d8%ab%d9%85%d8%a7%d9%86%d9%8a%d8%a9%d8%8c","status":"publish","type":"product","link":"https:\/\/www.ircica.org\/fr\/publications\/histoire-de-la-civilisation-islamique\/asie\/moyen-orient-et-mediterranee\/al-haramayn-a-lepoque-du-sultan-selim-ii","title":{"rendered":"Al-Haramayn \u00e0 l\u2019\u00e9poque du sultan Selim II"},"content":{"rendered":"<p>Le pr\u00e9sent livre repr\u00e9sente le quatri\u00e8me volume publi\u00e9 par l\u2019IRCICA visant \u00e0 permettre aux chercheurs, dont la langue principale est l\u2019arabe, de tirer b\u00e9n\u00e9fice des documents ottomans relatifs aux provinces arabes de l\u2019Etat ottoman. Les trois premiers volumes, publi\u00e9s respectivement en 2010, 2011 et 2014, ont renferm\u00e9 des documents datant des \u00e9poques des sultans Selim I<sup>er<\/sup> et Soliman le Magnifique. Quant au quatri\u00e8me volume, il est consacr\u00e9 au <em>Haramayn<\/em> (<em>Makkah al-Mukarramah<\/em> et <em>al-Madina al-Munawara<\/em>) \u00e0 l\u2019\u00e9poque du sultan Selim II (974-982 H\/1566-1574).<\/p>\n<p><em>En raison de l\u2019abondance des documents se rapportant \u00e0 cette p\u00e9riode, cette premi\u00e8re \u00e9tude a \u00e9t\u00e9 consacr\u00e9e \u00e0 ceux portant sur <\/em><em>al-Haramayn<\/em><em> en raison de leur importance pour les musulmans. Le Dr Fazil Bayat, expert \u00e0 l\u2019IRCICA, a pr\u00e9par\u00e9 le livre avec la m\u00eame m\u00e9thodologie que les pr\u00e9c\u00e9dents, en translitt\u00e9rant, traduisant et analysant chaque document ottoman.<\/em> Un index d\u00e9taill\u00e9 facilite la t\u00e2che au lecteur. Les documents \u00e9tudi\u00e9s dans ce volume ont \u00e9t\u00e9 s\u00e9lectionn\u00e9s parmi les <em>H\u00fckm\u00fc H\u00fcmayun<\/em> (d\u00e9crets imp\u00e9riaux) contenus dans les registres <em>Muhimme<\/em> (questions essentielles) 7 \u00e0 26 des archives ottomanes d\u2019Istanbul.<\/p>\n<p>Les documents sur <em>al-Haramayn<\/em> sont class\u00e9s dans le livre sous quatorze rubriques : la construction et les services \u00e0 <em>al-Haram al-Makki al-Ch\u00e9rif<\/em>, la construction et les services \u00e0 <em>al-Haram al-Madani al-Ch\u00e9rif<\/em>, le projet relatif au canal d\u2019eau d\u2019Arafah \u00e0 Makkah, l\u2019approvisionnement des visiteurs d\u2019al-Rawdha al-Nabawwiya en eau, les employ\u00e9s aux diff\u00e9rents services \u00e0 <em>al-Haramayn<\/em>, les waqfs et les affaires religieuses, le maintien de la puret\u00e9 d\u2019<em>al-Haramayn<\/em>, les \u00e9coles \u00e0 <em>al-Haramayn<\/em>, les waqfs et leurs ressources, la <em>dchicha<\/em> et les c\u00e9r\u00e9ales envoy\u00e9es \u00e0 <em>al-Haramayn<\/em>, les affaires du p\u00e8lerinage (<em>Hadj<\/em>) et des p\u00e8lerins, les <em>chourafa<\/em> de <em>Makkah<\/em>, les affaires \u00e9conomiques \u00e0 <em>al-Haramayn<\/em>, et les diverses affaires. La s\u00e9rie se poursuivra avec des volumes consacr\u00e9s \u00e0 l\u2019histoire d\u2019autres r\u00e9gions, dont le prochain portera sur les provinces irakiennes.<\/p>\n","protected":false},"excerpt":{"rendered":"<p>Compilation, traduction et \u00e9tude : Fazil Bayat. Avant-propos : Halit Eren<br \/>\nvolume IV, s\u00e9rie d\u2019histoire des pays musulmans \u00e0 travers les documents d\u2019archives ottomanes, n\u00b03<br \/>\nIRCICA, Istanbul, 2015, 308 pp.+ CD, reproductions d&rsquo;\u00e9chantillons de documents, 29 cm.<br \/>\n(textes des documents : en ottoman ; traduction et \u00e9tude : en arabe)<\/p>\n","protected":false},"featured_media":20597,"template":"","meta":{"_acf_changed":false,"_mi_skip_tracking":false},"product_cat":[362],"product_tag":[],"class_list":{"0":"post-20620","1":"product","2":"type-product","3":"status-publish","4":"has-post-thumbnail","6":"product_cat-moyen-orient-et-mediterranee","8":"first","9":"instock","10":"shipping-taxable","11":"product-type-simple"},"acf":[],"aioseo_notices":[],"_links":{"self":[{"href":"https:\/\/www.ircica.org\/fr\/wp-json\/wp\/v2\/product\/20620","targetHints":{"allow":["GET"]}}],"collection":[{"href":"https:\/\/www.ircica.org\/fr\/wp-json\/wp\/v2\/product"}],"about":[{"href":"https:\/\/www.ircica.org\/fr\/wp-json\/wp\/v2\/types\/product"}],"wp:featuredmedia":[{"embeddable":true,"href":"https:\/\/www.ircica.org\/fr\/wp-json\/wp\/v2\/media\/20597"}],"wp:attachment":[{"href":"https:\/\/www.ircica.org\/fr\/wp-json\/wp\/v2\/media?parent=20620"}],"wp:term":[{"taxonomy":"product_cat","embeddable":true,"href":"https:\/\/www.ircica.org\/fr\/wp-json\/wp\/v2\/product_cat?post=20620"},{"taxonomy":"product_tag","embeddable":true,"href":"https:\/\/www.ircica.org\/fr\/wp-json\/wp\/v2\/product_tag?post=20620"}],"curies":[{"name":"wp","href":"https:\/\/api.w.org\/{rel}","templated":true}]}}