{"id":20689,"date":"2014-11-07T16:18:00","date_gmt":"2014-11-07T14:18:00","guid":{"rendered":"https:\/\/www.ircica.org\/publications\/non%20class\u00e9\/arab-provinces-in-ottoman-documents-at-the-end-of-the-reign-of-sultan-suleyman-the-lawgiver"},"modified":"2024-01-11T11:45:39","modified_gmt":"2024-01-11T08:45:39","slug":"arab-provinces-in-ottoman-documents-at-the-end-of-the-reign-of-sultan-suleyman-the-lawgiver","status":"publish","type":"product","link":"https:\/\/www.ircica.org\/fr\/publications\/histoire-de-la-civilisation-islamique\/asie\/moyen-orient-et-mediterranee\/les-provinces-arabes-dans-les-documents-ottomans-a-la-fin-du-regne-du-sultan-soliman-le-magnifique","title":{"rendered":"Les Provinces Arabes dans les Documents Ottomans (\u00c0 la Fin du R\u00e8gne du Sultan Soliman le Magnifique)"},"content":{"rendered":"<p>Le pr\u00e9sent livre repr\u00e9sente le troisi\u00e8me volume du projet de l\u2019IRCICA visant \u00e0 faciliter la t\u00e2che aux chercheurs arabes en leur permettant de tirer b\u00e9n\u00e9fice des documents ottomans relatifs aux provinces arabes et ce, en mettant ceux-ci \u00e0 leur disposition. Les premier et deuxi\u00e8me volumes ont \u00e9t\u00e9 publi\u00e9s respectivement en 2010 et 2011. Le pr\u00e9sent volume porte sur l\u2019\u00e9poque du Sultan Soliman le Magnifique (1520-1566). L\u2019auteur du livre, le professeur Fazil Bayat, expert \u00e0 l\u2019IRCICA, a reconduit la m\u00eame m\u00e9thode scientifique suivie dans les premier et deuxi\u00e8me volumes. Il a r\u00e9\u00e9crit le document ottoman, traduit celui-ci en arabe, et effectu\u00e9 une \u00e9tude sur chacun des documents. Il a \u00e9tabli un index d\u00e9taill\u00e9 afin d\u2019aider les chercheurs dans leurs \u00e9tudes sur les sujets couverts par ces documents. Les documents du pr\u00e9sent volume ont \u00e9t\u00e9 choisis parmi les H\u00fckm\u00fc H\u00fcmayun (D\u00e9crets Imp\u00e9riaux) mentionn\u00e9s dans les 3e, 5e et 6e registres, appel\u00e9s M\u00fchimme Defterleri (registres des questions essentielles) et conserv\u00e9s aux archives ottomanes \u00e0 Istanbul.<\/p>\n<p>L\u2019auteur souligne dans son introduction qu\u2019il s\u2019est appliqu\u00e9 dans ce volume \u00e0 analyser les documents, \u00e0 savoir les H\u00fckm\u00fc H\u00fcmayun, selon le sens qui se d\u00e9gage de leur contenu, tout en rattachant ceux-ci \u00e0 d\u2019autres H\u00fckm\u00fc H\u00fcmayun de m\u00eame objet, dont des d\u00e9crets royaux qui n\u2019ont pas \u00e9t\u00e9 pris en consid\u00e9ration dans ce livre, et d\u2019une mani\u00e8re qui permet au lecteur de mieux comprendre le texte ottoman. L\u2019auteur a divis\u00e9 le pr\u00e9sent volume en huit th\u00e8mes, chaque th\u00e8me repr\u00e9sentant un chapitre ind\u00e9pendant : La situation g\u00e9n\u00e9rale et administrative, les lieux sacr\u00e9s (makka al mukarrama et al mad\u00eena al munawwara), l\u2019organisation des affaires du Hadj, les awq\u00e2f et les affaires religieuses, les affaires judiciaires et l\u2019\u00e9tablissement de la justice, les affaires \u00e9conomiques, le leadership local et les tribus, les affaires militaires et le r\u00e9tablissement de la s\u00e9curit\u00e9, diverses affaires.<\/p>\n<p>La s\u00e9rie des volumes se poursuit et nous esp\u00e9rons publier le quatri\u00e8me volume avant la fin de l\u2019ann\u00e9e.<\/p>\n","protected":false},"excerpt":{"rendered":"<p>Pr\u00e9paration, traduction et \u00e9tude : Fazil Bayat<br \/>\nVolume III, S\u00e9rie d\u2019Histoire des Pays Musulmans \u00e0 Travers les Documents d\u2019Archives Ottomanes, n\u00b03<br \/>\nIRCICA, Istanbul, 362, xvii PP.+ CD, \u00e9chantillons de documents, 29 cm<br \/>\n(textes des documents : en ottoman ; traduction et \u00e9tude : en arabe ; introduction et r\u00e9sum\u00e9s des documents : en turc)<\/p>\n","protected":false},"featured_media":20658,"template":"","meta":{"_acf_changed":false,"_mi_skip_tracking":false},"product_cat":[362],"product_tag":[],"class_list":{"0":"post-20689","1":"product","2":"type-product","3":"status-publish","4":"has-post-thumbnail","6":"product_cat-moyen-orient-et-mediterranee","8":"first","9":"instock","10":"shipping-taxable","11":"product-type-simple"},"acf":[],"aioseo_notices":[],"_links":{"self":[{"href":"https:\/\/www.ircica.org\/fr\/wp-json\/wp\/v2\/product\/20689","targetHints":{"allow":["GET"]}}],"collection":[{"href":"https:\/\/www.ircica.org\/fr\/wp-json\/wp\/v2\/product"}],"about":[{"href":"https:\/\/www.ircica.org\/fr\/wp-json\/wp\/v2\/types\/product"}],"wp:featuredmedia":[{"embeddable":true,"href":"https:\/\/www.ircica.org\/fr\/wp-json\/wp\/v2\/media\/20658"}],"wp:attachment":[{"href":"https:\/\/www.ircica.org\/fr\/wp-json\/wp\/v2\/media?parent=20689"}],"wp:term":[{"taxonomy":"product_cat","embeddable":true,"href":"https:\/\/www.ircica.org\/fr\/wp-json\/wp\/v2\/product_cat?post=20689"},{"taxonomy":"product_tag","embeddable":true,"href":"https:\/\/www.ircica.org\/fr\/wp-json\/wp\/v2\/product_tag?post=20689"}],"curies":[{"name":"wp","href":"https:\/\/api.w.org\/{rel}","templated":true}]}}