{"id":20751,"date":"2010-12-30T00:00:00","date_gmt":"2010-12-29T22:00:00","guid":{"rendered":"https:\/\/www.ircica.org\/publications\/non%20class\u00e9\/%d8%a7%d9%84%d8%a8%d9%84%d8%a7%d8%af-%d8%a7%d9%84%d8%b9%d8%b1%d8%a8%d9%8a%d8%a9-%d9%81%d9%8a-%d8%a7%d9%84%d9%88%d8%ab%d8%a7%d8%a6%d9%82-%d8%a7%d9%84%d8%b9%d8%ab%d9%85%d8%a7%d9%86%d9%8a%d8%a9-osmanli-b"},"modified":"2024-01-11T11:51:56","modified_gmt":"2024-01-11T08:51:56","slug":"%d8%a7%d9%84%d8%a8%d9%84%d8%a7%d8%af-%d8%a7%d9%84%d8%b9%d8%b1%d8%a8%d9%8a%d8%a9-%d9%81%d9%8a-%d8%a7%d9%84%d9%88%d8%ab%d8%a7%d8%a6%d9%82-%d8%a7%d9%84%d8%b9%d8%ab%d9%85%d8%a7%d9%86%d9%8a%d8%a9-osmanli-b","status":"publish","type":"product","link":"https:\/\/www.ircica.org\/fr\/publications\/histoire-de-la-civilisation-islamique\/asie\/moyen-orient-et-mediterranee\/les-provinces-arabes-dans-les-documents-ottomans-premiere-moitie-du-16e-siecle","title":{"rendered":"Les Provinces Arabes dans les Documents Ottomans. Premi\u00e8re Moiti\u00e9 du 16e Si\u00e8cle"},"content":{"rendered":"<p>Ce livre est le premier volume d\u2019une s\u00e9rie en cours de pr\u00e9paration par le Dr. Faz\u0131l Bayat (IRCICA) en langue arabe pour servir les chercheurs dans l\u2019histoire de la p\u00e9riode ottomane. Les documents officiels ottomans sont des r\u00e9f\u00e9rences pr\u00e9cieuses pour les \u00e9tudes sur l\u2019histoire des pays qui faisaient autrefois partie de l\u2019Empire ottoman. Ces documents sont conserv\u00e9s dans le D\u00e9partement des Archives Ottomanes d\u2019Istanbul rattach\u00e9 \u00e0 la Direction G\u00e9n\u00e9rale des Archives d\u2019Etat du Premier Minist\u00e8re, et dans d\u2019autres archives d\u2019Etat, dont le Mus\u00e9e du Palais de Topkapi. Dans ce projet de recherche, les documents relatifs aux territoires arabes sur des sujets comme l\u2019histoire administrative, les efforts de d\u00e9veloppement rural, les travaux publics, la sant\u00e9 publique, l\u2019\u00e9ducation, la science et le savoir, la presse et les publications, sont compil\u00e9s et traduits en arabe et publi\u00e9s avec une transcription latine des textes en turc ottoman. Ce premier volume contient au total 104 documents s\u00e9lectionn\u00e9s \u00e0 partir des registres <em>Muhimme<\/em> des 15<sup>e<\/sup> et 16<sup>e<\/sup> si\u00e8cles. Le texte original de chaque document est pr\u00e9sent\u00e9 \u00e0 c\u00f4t\u00e9 de sa traduction en arabe o\u00f9 le lecteur peut voir la fid\u00e9lit\u00e9 de celle-ci \u00e0 l\u2019original. En outre, l\u2019auteur a examin\u00e9 et analys\u00e9 chaque document, en l\u2019exposant dans une forme simplifi\u00e9e, et en y ajoutant des pr\u00e9cisions chaque fois que n\u00e9cessaire pour faciliter la compr\u00e9hension. Les documents sont pr\u00e9sent\u00e9s dans onze sections, intitul\u00e9es selon les lieux ou les sujets, mais aussi en tenant compte de leurs contenus. Les documents refl\u00e8tent une grande diversit\u00e9: il y a une correspondance entre les Sultans Ottomans et Mamelouks, les documents relatifs au r\u00e8gne du Sultan Selim I, la phase pr\u00e9c\u00e9dant la conqu\u00eate de Bagdad, Mecca et le p\u00e8lerinage, le Y\u00e9men et la mer Rouge, l\u2019Afrique du Nord, les waqfs et les affaires religieuses, les p\u00e9titions soumises \u00e0 la Sublime Porte, les commer\u00e7ants et les touristes \u00e9trangers, les affaires administratives, \u00e9trang\u00e8res, financi\u00e8res et militaires. Deux ensembles de <em>ruznames<\/em> (relev\u00e9s quotidiens, journaux) sont annex\u00e9s: ceux relatifs \u00e0 la campagne du Sultan Selim I<sup>er<\/sup> en Syrie et en Egypte, et la campagne de Soliman en Irak. Le volume refl\u00e8te la comp\u00e9tence et la m\u00e9ticulosit\u00e9 de son auteur. La s\u00e9rie se poursuivra avec d\u2019autres volumes \u00e0 paraitre ult\u00e9rieurement et relevant de ce projet.<\/p>\n","protected":false},"excerpt":{"rendered":"<p>Pr\u00e9paration, Traduction et Etude par Faz\u0131l Bayat<br \/>\nVol. I, IRCICA; Istanbul, 2010, XXXVI, 412, XVI p. (en arabe et en turc)<\/p>\n","protected":false},"featured_media":20716,"template":"","meta":{"_acf_changed":false,"_mi_skip_tracking":false},"product_cat":[164,362],"product_tag":[],"class_list":{"0":"post-20751","1":"product","2":"type-product","3":"status-publish","4":"has-post-thumbnail","6":"product_cat-histoire-de-la-civilisation-islamique","7":"product_cat-moyen-orient-et-mediterranee","9":"first","10":"instock","11":"shipping-taxable","12":"product-type-simple"},"acf":[],"aioseo_notices":[],"_links":{"self":[{"href":"https:\/\/www.ircica.org\/fr\/wp-json\/wp\/v2\/product\/20751","targetHints":{"allow":["GET"]}}],"collection":[{"href":"https:\/\/www.ircica.org\/fr\/wp-json\/wp\/v2\/product"}],"about":[{"href":"https:\/\/www.ircica.org\/fr\/wp-json\/wp\/v2\/types\/product"}],"wp:featuredmedia":[{"embeddable":true,"href":"https:\/\/www.ircica.org\/fr\/wp-json\/wp\/v2\/media\/20716"}],"wp:attachment":[{"href":"https:\/\/www.ircica.org\/fr\/wp-json\/wp\/v2\/media?parent=20751"}],"wp:term":[{"taxonomy":"product_cat","embeddable":true,"href":"https:\/\/www.ircica.org\/fr\/wp-json\/wp\/v2\/product_cat?post=20751"},{"taxonomy":"product_tag","embeddable":true,"href":"https:\/\/www.ircica.org\/fr\/wp-json\/wp\/v2\/product_tag?post=20751"}],"curies":[{"name":"wp","href":"https:\/\/api.w.org\/{rel}","templated":true}]}}