{"id":20759,"date":"2011-11-14T13:10:17","date_gmt":"2011-11-14T11:10:17","guid":{"rendered":"https:\/\/www.ircica.org\/publications\/non%20class\u00e9\/the-arab-provinces-in-ottoman-documents-mid-xth-century-h-xvith-century-ad"},"modified":"2024-01-11T11:49:30","modified_gmt":"2024-01-11T08:49:30","slug":"the-arab-provinces-in-ottoman-documents-mid-xth-century-h-xvith-century-ad","status":"publish","type":"product","link":"https:\/\/www.ircica.org\/fr\/publications\/histoire-de-la-civilisation-islamique\/asie\/moyen-orient-et-mediterranee\/les-provinces-arabes-dans-les-documents-ottomans-milieu-du-xe-siecle-ah-xvie-siecle-apr-j-c","title":{"rendered":"Les provinces arabes dans les documents ottomans. Milieu du Xe si\u00e8cle A.H. \/ XVIe si\u00e8cle apr. J.-C."},"content":{"rendered":"<p>Les documents officiels ottomans, conserv\u00e9s au d\u00e9partement des archives ottomanes, sis Istanbul et rattach\u00e9 au Premier Minist\u00e8re Turc, repr\u00e9sentent des sources inestimables pour les \u00e9tudes sur l\u2019histoire des pays qui faisaient jadis partie de l\u2019Empire ottoman. Afin de rendre ces r\u00e9f\u00e9rences accessibles aux chercheurs, le Centre collecte les documents d\u2019archives relatifs aux provinces arabes concernant tous les aspects de leurs situations et leurs relations avec l\u2019Etat et sur l\u2019histoire administrative, le d\u00e9veloppement rural, les travaux publics, la sant\u00e9 publique, l\u2019\u00e9ducation, la science et la recherche, la presse et les publications etc., et publie leurs traductions arabes dans des volumes ordonn\u00e9s suivant les p\u00e9riodes avec leurs contenus dispos\u00e9s par th\u00e8me. Le premier volume, contenant des traductions arabes de documents se rapportant aux registres <em>Muhimme<\/em> de la premi\u00e8re moiti\u00e9 du 16<sup>e<\/sup> si\u00e8cle, a \u00e9t\u00e9 publi\u00e9 en 2011. Ce deuxi\u00e8me volume comprend des r\u00e9impressions s\u00e9lectionn\u00e9es, des textes compos\u00e9s en ottoman, et des traductions arabes de 107 documents ottomans se rapportant aux pays arabes. Les documents furent obtenus des registres <em>Muhimme<\/em> et des diverses collections se trouvant au d\u00e9partement des archives ottomanes ainsi qu\u2019\u00e0 la biblioth\u00e8que du mus\u00e9e du Palais Topkapi dont certains ont \u00e9t\u00e9 collect\u00e9s et \u00e9tudi\u00e9s par le Dr. Faz\u0131l Bayat (IRCICA) depuis quelques ann\u00e9es. Les documents reproduits, translit\u00e9r\u00e9s et traduits dans ce volume sont class\u00e9s sous les titres de \u00ab\u00a0situation g\u00e9n\u00e9rale\u00a0\u00bb, \u00ab\u00a0les affaires administratives\u00a0\u00bb, \u00ab\u00a0les <em>waqfs<\/em> et les affaires religieuses\u00a0\u00bb, \u00ab\u00a0les \u00e9mirs de Makkah al-Mukarramah et le p\u00e8lerinage\u00a0\u00bb, \u00ab\u00a0les affaires juridiques\u00a0\u00bb, \u00ab\u00a0les affaires \u00e9conomiques\u00a0\u00bb, \u00ab\u00a0les tribus et les \u00e9mirats b\u00e9douins\u00a0\u00bb, \u00ab\u00a0les op\u00e9rations militaires, la s\u00e9curit\u00e9 et l\u2019ordre\u00a0\u00bb, \u00ab\u00a0sujets divers\u00a0\u00bb; le troisi\u00e8me volume est en pr\u00e9paration.<\/p>\n","protected":false},"excerpt":{"rendered":"<p>Pr\u00e9par\u00e9 par Faz\u0131l Bayat<br \/>\nS\u00e9rie d\u2019histoire des pays musulmans \u00e0 travers les documents d\u2019archives ottomanes, n\u00b0 3<br \/>\nIRCICA, Istanbul, xx+384+xix pp., images des documents en CD<br \/>\n(en arabe, les parties introductives en arabe et en turc)<\/p>\n","protected":false},"featured_media":20736,"template":"","meta":{"_acf_changed":false,"_mi_skip_tracking":false},"product_cat":[362],"product_tag":[],"class_list":{"0":"post-20759","1":"product","2":"type-product","3":"status-publish","4":"has-post-thumbnail","6":"product_cat-moyen-orient-et-mediterranee","8":"first","9":"instock","10":"shipping-taxable","11":"product-type-simple"},"acf":[],"aioseo_notices":[],"_links":{"self":[{"href":"https:\/\/www.ircica.org\/fr\/wp-json\/wp\/v2\/product\/20759","targetHints":{"allow":["GET"]}}],"collection":[{"href":"https:\/\/www.ircica.org\/fr\/wp-json\/wp\/v2\/product"}],"about":[{"href":"https:\/\/www.ircica.org\/fr\/wp-json\/wp\/v2\/types\/product"}],"wp:featuredmedia":[{"embeddable":true,"href":"https:\/\/www.ircica.org\/fr\/wp-json\/wp\/v2\/media\/20736"}],"wp:attachment":[{"href":"https:\/\/www.ircica.org\/fr\/wp-json\/wp\/v2\/media?parent=20759"}],"wp:term":[{"taxonomy":"product_cat","embeddable":true,"href":"https:\/\/www.ircica.org\/fr\/wp-json\/wp\/v2\/product_cat?post=20759"},{"taxonomy":"product_tag","embeddable":true,"href":"https:\/\/www.ircica.org\/fr\/wp-json\/wp\/v2\/product_tag?post=20759"}],"curies":[{"name":"wp","href":"https:\/\/api.w.org\/{rel}","templated":true}]}}