{"id":21045,"date":"2023-12-26T12:01:18","date_gmt":"2023-12-26T09:01:18","guid":{"rendered":"https:\/\/www.ircica.org\/publications\/non%20class\u00e9\/the-great-seljuk-empire-1040-1157-political-history-organization-and-administration"},"modified":"2023-12-26T12:24:00","modified_gmt":"2023-12-26T09:24:00","slug":"the-great-seljuk-empire-1040-1157-political-history-organization-and-administration","status":"publish","type":"product","link":"https:\/\/www.ircica.org\/fr\/publications\/histoire-de-la-civilisation-islamique\/asie\/moyen-orient-et-mediterranee\/le-grand-empire-seldjoukide-1040-1157-histoire-politique-organisation-et-administration","title":{"rendered":"Le Grand Empire seldjoukide (1040-1157) (Histoire politique, organisation et administration)"},"content":{"rendered":"<p>Le Grand Empire seldjoukide occupe une place sp\u00e9ciale dans l\u2019histoire islamique et l\u2019histoire mondiale en raison de son vaste territoire et de la grande diversit\u00e9 des communaut\u00e9s religieuses et ethniques qu\u2019il englobait. Les Seldjoukides r\u00e9gnaient sur des r\u00e9gions centrales du monde musulman et construisaient de solides structures administratives, urbaines et sociales, apportant un nouveau dynamisme \u00e0 la civilisation islamique dans divers domaines, notamment la politique, l\u2019\u00e9conomie, les sciences, la litt\u00e9rature, les arts et l\u2019architecture. Gr\u00e2ce \u00e0 ces r\u00e9alisations, les Seldjoukides ont donn\u00e9 l\u2019exemple d\u2019une v\u00e9ritable incarnation de la culture et de la civilisation islamiques dans une d\u00e9marche de d\u00e9veloppement et ont interagi de mani\u00e8re fructueuse avec les \u00c9tats et les communaut\u00e9s voisins. Le pr\u00e9sent livre est un ouvrage savant complet sur le Grand Empire seldjoukide \u00e9crit par le professeur Abd\u00fclkerim \u00d6zayd\u0131n et publi\u00e9 par l\u2019IRCICA. Il couvre tous les aspects de l\u2019histoire seldjoukide, sous les chapitres intitul\u00e9s \u00ab La phase de fondation (945-1040) \u00bb, \u00ab La premi\u00e8re phase de l\u2019Empire (1040-1092) \u00bb, \u00ab La p\u00e9riode de r\u00e9gression et de transition (1921-18) \u00bb, \u00ab La seconde phase de l\u2019Empire (1118-1157) \u00bb, \u00ab Organisation et Administration \u00bb. Les nombreuses annexes comprennent un tableau chronologique, une g\u00e9n\u00e9alogie des grands sultans seldjoukides et des index. L\u2019IRCICA estime que cette publication contribuera de mani\u00e8re importante aux \u00e9tudes sur les Seldjoukides et servira \u00e9galement de r\u00e9f\u00e9rence directe pour des informations sur tout aspect du Grand Empire seldjoukide.<\/p>\n","protected":false},"excerpt":{"rendered":"<p><em><strong>B\u00fcy\u00fck Sel\u00e7uklu \u0130mparatorlu\u011fu (1040-1157) (Siyas\u00ee Tarih, Te\u015fkil\u00e2t ve \u0130dare)<br \/>\n<\/strong><\/em>Abd\u00fclkerim \u00d6zayd\u0131n<br \/>\nIRCICA, Istanbul, 2023<br \/>\nS\u00e9rie de sources et d\u2019\u00e9tudes sur l\u2019histoire seldjoukide no. 1. 630 p., carte (en turc)<\/p>\n","protected":false},"featured_media":21022,"template":"","meta":{"_acf_changed":false,"_mi_skip_tracking":false},"product_cat":[362],"product_tag":[],"class_list":{"0":"post-21045","1":"product","2":"type-product","3":"status-publish","4":"has-post-thumbnail","6":"product_cat-moyen-orient-et-mediterranee","8":"first","9":"instock","10":"shipping-taxable","11":"product-type-simple"},"acf":[],"aioseo_notices":[],"_links":{"self":[{"href":"https:\/\/www.ircica.org\/fr\/wp-json\/wp\/v2\/product\/21045","targetHints":{"allow":["GET"]}}],"collection":[{"href":"https:\/\/www.ircica.org\/fr\/wp-json\/wp\/v2\/product"}],"about":[{"href":"https:\/\/www.ircica.org\/fr\/wp-json\/wp\/v2\/types\/product"}],"wp:featuredmedia":[{"embeddable":true,"href":"https:\/\/www.ircica.org\/fr\/wp-json\/wp\/v2\/media\/21022"}],"wp:attachment":[{"href":"https:\/\/www.ircica.org\/fr\/wp-json\/wp\/v2\/media?parent=21045"}],"wp:term":[{"taxonomy":"product_cat","embeddable":true,"href":"https:\/\/www.ircica.org\/fr\/wp-json\/wp\/v2\/product_cat?post=21045"},{"taxonomy":"product_tag","embeddable":true,"href":"https:\/\/www.ircica.org\/fr\/wp-json\/wp\/v2\/product_tag?post=21045"}],"curies":[{"name":"wp","href":"https:\/\/api.w.org\/{rel}","templated":true}]}}