{"id":21079,"date":"2023-12-27T14:16:05","date_gmt":"2023-12-27T11:16:05","guid":{"rendered":"https:\/\/www.ircica.org\/publications\/non%20class\u00e9\/anatolian-turkish-seljuks"},"modified":"2023-12-27T14:22:11","modified_gmt":"2023-12-27T11:22:11","slug":"anatolian-turkish-seljuks","status":"publish","type":"product","link":"https:\/\/www.ircica.org\/fr\/publications\/histoire-de-la-civilisation-islamique\/asie\/moyen-orient-et-mediterranee\/seldjoukides-danatoliede-turquie","title":{"rendered":"Seldjoukides d\u2019Anatolie\/de Turquie"},"content":{"rendered":"<p>Cet ouvrage \u00e9crit par les professeurs Abd\u00fclkerim \u00d6zayd\u0131n et Mehmet Ersan et publi\u00e9 par l\u2019IRCICA est une histoire compl\u00e8te de l\u2019un des \u00c9tats les plus influents de l\u2019histoire islamique, les Seldjoukides d\u2019Anatolie. Le livre couvre les d\u00e9veloppements politiques, le syst\u00e8me administratif et les institutions des Seldjoukides d\u2019Anatolie, leurs r\u00e9alisations dans la vie intellectuelle, les arts, l\u2019architecture et l\u2019urbanisme, leurs luttes contre les menaces dirig\u00e9es contre le monde musulman principalement par l\u2019Empire romain d\u2019Orient et les crois\u00e9s, et leurs relations avec les autres \u00c9tats, examinant tous les aspects de cette histoire en neuf chapitres organis\u00e9s selon les p\u00e9riodes de fondation, d\u2019ascension, de r\u00e9gression et de dissolution de l\u2019\u00c9tat. Parue simultan\u00e9ment avec le livre <em>Le Grand Empire seldjoukide (1040-1157) (Histoire politique, organisation et administration)<\/em> d\u2019Abd\u00fclkerim \u00d6zayd\u0131n dans la m\u00eame s\u00e9rie de l\u2019IRCICA, cette publication devrait constituer un ajout pr\u00e9cieux \u00e0 la litt\u00e9rature historique et une r\u00e9f\u00e9rence utile pour les chercheurs.<\/p>\n","protected":false},"excerpt":{"rendered":"<p><strong>Anadolu\/T\u00fcrkiye Sel\u00e7uklular\u0131<br \/>\n<\/strong>Abd\u00fclkerim \u00d6zayd\u0131n et Mehmet Ersan<br \/>\nIRCICA, Istanbul, 2023<br \/>\nS\u00e9rie de sources et d\u2019\u00e9tudes sur l\u2019histoire seldjoukide no. 2. 620 p. (en turc)<\/p>\n","protected":false},"featured_media":21056,"template":"","meta":{"_acf_changed":false,"_mi_skip_tracking":false},"product_cat":[362],"product_tag":[],"class_list":{"0":"post-21079","1":"product","2":"type-product","3":"status-publish","4":"has-post-thumbnail","6":"product_cat-moyen-orient-et-mediterranee","8":"first","9":"instock","10":"shipping-taxable","11":"product-type-simple"},"acf":[],"aioseo_notices":[],"_links":{"self":[{"href":"https:\/\/www.ircica.org\/fr\/wp-json\/wp\/v2\/product\/21079","targetHints":{"allow":["GET"]}}],"collection":[{"href":"https:\/\/www.ircica.org\/fr\/wp-json\/wp\/v2\/product"}],"about":[{"href":"https:\/\/www.ircica.org\/fr\/wp-json\/wp\/v2\/types\/product"}],"wp:featuredmedia":[{"embeddable":true,"href":"https:\/\/www.ircica.org\/fr\/wp-json\/wp\/v2\/media\/21056"}],"wp:attachment":[{"href":"https:\/\/www.ircica.org\/fr\/wp-json\/wp\/v2\/media?parent=21079"}],"wp:term":[{"taxonomy":"product_cat","embeddable":true,"href":"https:\/\/www.ircica.org\/fr\/wp-json\/wp\/v2\/product_cat?post=21079"},{"taxonomy":"product_tag","embeddable":true,"href":"https:\/\/www.ircica.org\/fr\/wp-json\/wp\/v2\/product_tag?post=21079"}],"curies":[{"name":"wp","href":"https:\/\/api.w.org\/{rel}","templated":true}]}}