{"id":21097,"date":"2023-12-28T11:40:14","date_gmt":"2023-12-28T08:40:14","guid":{"rendered":"https:\/\/www.ircica.org\/publications\/non%20class\u00e9\/report-on-the-damage-caused-by-the-february-2023-kahramanmaras-earthquake-on-islamic-cultural-heritage-in-turkiye"},"modified":"2024-02-07T15:20:17","modified_gmt":"2024-02-07T12:20:17","slug":"report-on-the-damage-caused-by-the-february-2023-kahramanmaras-earthquake-on-islamic-cultural-heritage-in-turkiye","status":"publish","type":"product","link":"https:\/\/www.ircica.org\/fr\/publications\/patrimoine-culturel-et-architectural\/rapport-sur-les-dommages-causes-par-le-tremblement-de-terre-de-kahramanmaras-en-fevrier-2023-au-patrimoine-culturel-islamique-en-turquie","title":{"rendered":"Rapport sur les dommages caus\u00e9s par le tremblement de terre de Kahramanmara\u015f en f\u00e9vrier 2023 au patrimoine culturel islamique en Turquie"},"content":{"rendered":"<p>Des tremblements de terre d\u2019une magnitude de 7,8 et 7,5 ont frapp\u00e9 le sud-est de la Turquie et le nord-ouest de la Syrie les 6 et 7 f\u00e9vrier 2023, suivis d\u2019un troisi\u00e8me de 6,4 le 20 f\u00e9vrier, tous accompagn\u00e9s de multiples r\u00e9pliques. Les tremblements de terre ont provoqu\u00e9 d\u2019importantes destructions sur une vaste zone et ont co\u00fbt\u00e9 la vie \u00e0 plus de 50 000 personnes. En Turquie, environ un demi-million de b\u00e2timents ont \u00e9t\u00e9 endommag\u00e9s ou d\u00e9truits dans les provinces d\u2019Adana, d\u2019Ad\u0131yaman, de Diyarbak\u0131r, de Gaziantep, de Hatay, d\u2019Elaz\u0131\u011f, de Kahramanmara\u015f, de Kilis, de Malatya, d\u2019Osmaniye et de \u015eanl\u0131urfa. Des \u00e9tudes et des rapports techniques complets ont \u00e9t\u00e9 produits par diff\u00e9rentes institutions sur les diverses cons\u00e9quences des tremblements de terre. La zone touch\u00e9e abrite des biens urbains, architecturaux et arch\u00e9ologiques inestimables h\u00e9rit\u00e9s de nombreux \u00c9tats et civilisations. Les monuments comprennent des forteresses, des m\u00e9dress\u00e9s, des biblioth\u00e8ques, des mosqu\u00e9es, des loges religieuses, des bains publics, des fontaines, des cuisines et des march\u00e9s datant des p\u00e9riodes pr\u00e9islamiques et islamiques. Compte tenu de cela, la section du patrimoine architectural de l\u2019IRCICA a effectu\u00e9 une mission d\u2019enqu\u00eate sur le terrain dans la r\u00e9gion en mars 2023 pour \u00e9valuer la situation du patrimoine historique. L\u2019\u00e9quipe de l\u2019IRCICA, compos\u00e9e de trois membres et dirig\u00e9e par l\u2019architecte le Dr Alidost Ertu\u011frul et comprenant l\u2019architecte Taha Zahid \u00d6zdemir et l\u2019architecte ing\u00e9nieur Hussein Al Ragabi, s\u2019est concentr\u00e9 sur les b\u00e2timents et monuments \u00e0 caract\u00e8re historique situ\u00e9s dans ces onze provinces, y compris les petites villes et les villages. Ils ont examin\u00e9, pris des notes d\u2019\u00e9valuation et photographi\u00e9 chaque monument. Le rapport qui en a r\u00e9sult\u00e9 fournit des informations et une \u00e9valuation des effets des tremblements de terre de f\u00e9vrier 2023 et contribue \u00e0 la culture g\u00e9n\u00e9rale relative \u00e0 la restauration et la conservation de l\u2019architecture historique.<\/p>\n<div class=\"real3dflipbook\" id=\"37_69d2b879e5dd5\" style=\"position:absolute;\" data-flipbook-options=\"{&quot;mode&quot;:&quot;normal&quot;,&quot;viewMode&quot;:&quot;webgl&quot;,&quot;zoomMin&quot;:&quot;0.9&quot;,&quot;zoomStep&quot;:&quot;2&quot;,&quot;singlePageMode&quot;:&quot;false&quot;,&quot;pageFlipDuration&quot;:&quot;1&quot;,&quot;sound&quot;:&quot;true&quot;,&quot;startPage&quot;:&quot;1&quot;,&quot;deeplinking&quot;:{&quot;enabled&quot;:&quot;false&quot;,&quot;prefix&quot;:&quot;&quot;},&quot;responsiveView&quot;:&quot;true&quot;,&quot;responsiveViewTreshold&quot;:&quot;768&quot;,&quot;pageTextureSize&quot;:&quot;2048&quot;,&quot;textLayer&quot;:&quot;true&quot;,&quot;pdfPageScale&quot;:&quot;&quot;,&quot;aspectRatio&quot;:&quot;1.5&quot;,&quot;thumbnailsOnStart&quot;:&quot;false&quot;,&quot;contentOnStart&quot;:&quot;false&quot;,&quot;tableOfContentCloseOnClick&quot;:&quot;true&quot;,&quot;thumbsCloseOnClick&quot;:&quot;true&quot;,&quot;autoplayOnStart&quot;:&quot;false&quot;,&quot;autoplayInterval&quot;:&quot;3000&quot;,&quot;autoplayStartPage&quot;:&quot;1&quot;,&quot;autoplayLoop&quot;:&quot;true&quot;,&quot;rightToLeft&quot;:&quot;false&quot;,&quot;thumbSize&quot;:&quot;130&quot;,&quot;logoImg&quot;:&quot;&quot;,&quot;logoUrl&quot;:&quot;&quot;,&quot;logoCSS&quot;:&quot;&quot;,&quot;menuSelector&quot;:&quot;&quot;,&quot;zIndex&quot;:&quot;auto&quot;,&quot;preloaderText&quot;:&quot;IRCICA Newsletter&quot;,&quot;googleAnalyticsTrackingCode&quot;:&quot;&quot;,&quot;pdfBrowserViewerIfIE&quot;:&quot;false&quot;,&quot;arrowsAlwaysEnabledForNavigation&quot;:&quot;false&quot;,&quot;viewModeMobile&quot;:&quot;swipe&quot;,&quot;pageTextureSizeMobile&quot;:&quot;&quot;,&quot;aspectRatioMobile&quot;:&quot;1.5&quot;,&quot;singlePageModeIfMobile&quot;:&quot;true&quot;,&quot;pdfBrowserViewerIfMobile&quot;:&quot;false&quot;,&quot;pdfBrowserViewerFullscreen&quot;:&quot;true&quot;,&quot;pdfBrowserViewerFullscreenTarget&quot;:&quot;_self&quot;,&quot;mobile&quot;:{&quot;contentOnStart&quot;:&quot;false&quot;,&quot;thumbnailsOnStart&quot;:&quot;false&quot;},&quot;btnTocIfMobile&quot;:&quot;false&quot;,&quot;btnThumbsIfMobile&quot;:&quot;true&quot;,&quot;btnShareIfMobile&quot;:&quot;false&quot;,&quot;btnDownloadPagesIfMobile&quot;:&quot;false&quot;,&quot;btnDownloadPdfIfMobile&quot;:&quot;true&quot;,&quot;btnSoundIfMobile&quot;:&quot;false&quot;,&quot;btnExpandIfMobile&quot;:&quot;true&quot;,&quot;btnPrintIfMobile&quot;:&quot;false&quot;,&quot;logoHideOnMobile&quot;:&quot;false&quot;,&quot;lightboxBackground&quot;:&quot;rgb(81, 85, 88)&quot;,&quot;lightboxContainerCSS&quot;:&quot;&quot;,&quot;lightboxThumbnailHeight&quot;:&quot;150&quot;,&quot;lightboxThumbnailUrlCSS&quot;:&quot;&quot;,&quot;lightboxTextCSS&quot;:&quot;&quot;,&quot;lightboxTextPosition&quot;:&quot;top&quot;,&quot;lightBoxOpened&quot;:&quot;true&quot;,&quot;lightBoxFullscreen&quot;:&quot;false&quot;,&quot;lightboxCloseOnClick&quot;:&quot;false&quot;,&quot;lightboxMarginV&quot;:&quot;0&quot;,&quot;lightboxMarginH&quot;:&quot;0&quot;,&quot;lights&quot;:&quot;true&quot;,&quot;lightPositionX&quot;:&quot;0&quot;,&quot;lightPositionY&quot;:&quot;150&quot;,&quot;lightPositionZ&quot;:&quot;1400&quot;,&quot;lightIntensity&quot;:&quot;0.6&quot;,&quot;shadows&quot;:&quot;true&quot;,&quot;shadowOpacity&quot;:&quot;0.2&quot;,&quot;pageHardness&quot;:&quot;2&quot;,&quot;coverHardness&quot;:&quot;2&quot;,&quot;pageRoughness&quot;:&quot;1&quot;,&quot;pageMetalness&quot;:&quot;0&quot;,&quot;pageSegmentsW&quot;:&quot;6&quot;,&quot;pageMiddleShadowSize&quot;:&quot;2&quot;,&quot;pageMiddleShadowColorL&quot;:&quot;#999999&quot;,&quot;pageMiddleShadowColorR&quot;:&quot;#777777&quot;,&quot;antialias&quot;:&quot;false&quot;,&quot;pan&quot;:&quot;0&quot;,&quot;tilt&quot;:&quot;0&quot;,&quot;rotateCameraOnMouseDrag&quot;:&quot;true&quot;,&quot;panMax&quot;:&quot;20&quot;,&quot;panMin&quot;:&quot;-20&quot;,&quot;tiltMax&quot;:&quot;0&quot;,&quot;tiltMin&quot;:&quot;-60&quot;,&quot;currentPage&quot;:{&quot;enabled&quot;:&quot;true&quot;,&quot;title&quot;:&quot;Current page&quot;,&quot;vAlign&quot;:&quot;top&quot;,&quot;hAlign&quot;:&quot;left&quot;,&quot;order&quot;:&quot;&quot;},&quot;btnFirst&quot;:{&quot;enabled&quot;:&quot;true&quot;,&quot;title&quot;:&quot;First Page&quot;,&quot;vAlign&quot;:&quot;&quot;,&quot;hAlign&quot;:&quot;&quot;,&quot;order&quot;:&quot;&quot;,&quot;icon&quot;:&quot;fa-angle-double-left&quot;,&quot;icon2&quot;:&quot;first_page&quot;},&quot;btnPrev&quot;:{&quot;enabled&quot;:&quot;true&quot;,&quot;title&quot;:&quot;Previous Page&quot;,&quot;vAlign&quot;:&quot;&quot;,&quot;hAlign&quot;:&quot;&quot;,&quot;order&quot;:&quot;&quot;,&quot;icon&quot;:&quot;fa-chevron-left&quot;,&quot;icon2&quot;:&quot;chevron_left&quot;},&quot;btnNext&quot;:{&quot;enabled&quot;:&quot;true&quot;,&quot;title&quot;:&quot;Next Page&quot;,&quot;vAlign&quot;:&quot;&quot;,&quot;hAlign&quot;:&quot;&quot;,&quot;order&quot;:&quot;&quot;,&quot;icon&quot;:&quot;fa-chevron-right&quot;,&quot;icon2&quot;:&quot;chevron_right&quot;},&quot;btnLast&quot;:{&quot;enabled&quot;:&quot;true&quot;,&quot;title&quot;:&quot;Last Page&quot;,&quot;vAlign&quot;:&quot;&quot;,&quot;hAlign&quot;:&quot;&quot;,&quot;order&quot;:&quot;&quot;,&quot;icon&quot;:&quot;fa-angle-double-right&quot;,&quot;icon2&quot;:&quot;last_page&quot;},&quot;btnAutoplay&quot;:{&quot;enabled&quot;:&quot;false&quot;,&quot;title&quot;:&quot;Autoplay&quot;,&quot;vAlign&quot;:&quot;&quot;,&quot;hAlign&quot;:&quot;&quot;,&quot;order&quot;:&quot;&quot;,&quot;icon&quot;:&quot;fa-play&quot;,&quot;iconAlt&quot;:&quot;fa-pause&quot;,&quot;icon2&quot;:&quot;play_arrow&quot;,&quot;iconAlt2&quot;:&quot;pause&quot;},&quot;btnZoomIn&quot;:{&quot;enabled&quot;:&quot;true&quot;,&quot;title&quot;:&quot;Zoom in&quot;,&quot;vAlign&quot;:&quot;&quot;,&quot;hAlign&quot;:&quot;&quot;,&quot;order&quot;:&quot;&quot;,&quot;icon&quot;:&quot;fa-plus&quot;,&quot;icon2&quot;:&quot;zoom_in&quot;},&quot;btnZoomOut&quot;:{&quot;enabled&quot;:&quot;true&quot;,&quot;title&quot;:&quot;Zoom out&quot;,&quot;vAlign&quot;:&quot;&quot;,&quot;hAlign&quot;:&quot;&quot;,&quot;order&quot;:&quot;&quot;,&quot;icon&quot;:&quot;fa-minus&quot;,&quot;icon2&quot;:&quot;zoom_out&quot;},&quot;btnToc&quot;:{&quot;enabled&quot;:&quot;false&quot;,&quot;title&quot;:&quot;Table of Contents&quot;,&quot;vAlign&quot;:&quot;&quot;,&quot;hAlign&quot;:&quot;&quot;,&quot;order&quot;:&quot;&quot;,&quot;icon&quot;:&quot;fa-list-ol&quot;,&quot;icon2&quot;:&quot;toc&quot;},&quot;btnThumbs&quot;:{&quot;enabled&quot;:&quot;true&quot;,&quot;title&quot;:&quot;Pages&quot;,&quot;vAlign&quot;:&quot;&quot;,&quot;hAlign&quot;:&quot;&quot;,&quot;order&quot;:&quot;&quot;,&quot;icon&quot;:&quot;fa-th-large&quot;,&quot;icon2&quot;:&quot;view_module&quot;},&quot;btnShare&quot;:{&quot;enabled&quot;:&quot;false&quot;,&quot;title&quot;:&quot;Share&quot;,&quot;vAlign&quot;:&quot;&quot;,&quot;hAlign&quot;:&quot;&quot;,&quot;order&quot;:&quot;&quot;,&quot;icon&quot;:&quot;fa-share-alt&quot;,&quot;icon2&quot;:&quot;share&quot;},&quot;btnPrint&quot;:{&quot;enabled&quot;:&quot;false&quot;,&quot;title&quot;:&quot;Print&quot;,&quot;vAlign&quot;:&quot;&quot;,&quot;hAlign&quot;:&quot;&quot;,&quot;order&quot;:&quot;&quot;,&quot;icon&quot;:&quot;fa-print&quot;,&quot;icon2&quot;:&quot;print&quot;},&quot;btnDownloadPages&quot;:{&quot;enabled&quot;:&quot;false&quot;,&quot;title&quot;:&quot;Download pages&quot;,&quot;vAlign&quot;:&quot;&quot;,&quot;hAlign&quot;:&quot;&quot;,&quot;order&quot;:&quot;&quot;,&quot;icon&quot;:&quot;fa-download&quot;,&quot;icon2&quot;:&quot;file_download&quot;},&quot;btnDownloadPdf&quot;:{&quot;enabled&quot;:&quot;true&quot;,&quot;title&quot;:&quot;Download PDF&quot;,&quot;vAlign&quot;:&quot;&quot;,&quot;hAlign&quot;:&quot;&quot;,&quot;order&quot;:&quot;&quot;,&quot;icon&quot;:&quot;fa-file&quot;,&quot;icon2&quot;:&quot;picture_as_pdf&quot;},&quot;btnSound&quot;:{&quot;enabled&quot;:&quot;false&quot;,&quot;title&quot;:&quot;Sound&quot;,&quot;vAlign&quot;:&quot;&quot;,&quot;hAlign&quot;:&quot;&quot;,&quot;order&quot;:&quot;&quot;,&quot;icon&quot;:&quot;fa-volume-up&quot;,&quot;iconAlt&quot;:&quot;fa-volume-off&quot;,&quot;icon2&quot;:&quot;volume_up&quot;,&quot;iconAlt2&quot;:&quot;volume_mute&quot;},&quot;btnExpand&quot;:{&quot;enabled&quot;:&quot;true&quot;,&quot;title&quot;:&quot;Toggle fullscreen&quot;,&quot;vAlign&quot;:&quot;&quot;,&quot;hAlign&quot;:&quot;&quot;,&quot;order&quot;:&quot;&quot;,&quot;icon&quot;:&quot;fa-expand&quot;,&quot;iconAlt&quot;:&quot;fullscreen&quot;,&quot;icon2&quot;:&quot;fullscreen&quot;,&quot;iconAlt2&quot;:&quot;fullscreen_exit&quot;},&quot;btnSelect&quot;:{&quot;enabled&quot;:&quot;false&quot;,&quot;title&quot;:&quot;Select tool&quot;,&quot;vAlign&quot;:&quot;&quot;,&quot;hAlign&quot;:&quot;&quot;,&quot;order&quot;:&quot;&quot;,&quot;icon&quot;:&quot;fas fa-i-cursor&quot;,&quot;icon2&quot;:&quot;text_format&quot;},&quot;btnSearch&quot;:{&quot;enabled&quot;:&quot;true&quot;,&quot;title&quot;:&quot;Search&quot;,&quot;vAlign&quot;:&quot;&quot;,&quot;hAlign&quot;:&quot;&quot;,&quot;order&quot;:&quot;&quot;,&quot;icon&quot;:&quot;fas fa-search&quot;,&quot;icon2&quot;:&quot;search&quot;},&quot;btnBookmark&quot;:{&quot;enabled&quot;:&quot;false&quot;,&quot;title&quot;:&quot;Bookmark&quot;,&quot;vAlign&quot;:&quot;&quot;,&quot;hAlign&quot;:&quot;&quot;,&quot;order&quot;:&quot;&quot;,&quot;icon&quot;:&quot;fas fa-bookmark&quot;,&quot;icon2&quot;:&quot;bookmark&quot;},&quot;google_plus&quot;:{&quot;enabled&quot;:&quot;true&quot;,&quot;url&quot;:&quot;&quot;},&quot;twitter&quot;:{&quot;enabled&quot;:&quot;true&quot;,&quot;url&quot;:&quot;&quot;,&quot;description&quot;:&quot;&quot;},&quot;facebook&quot;:{&quot;enabled&quot;:&quot;true&quot;,&quot;url&quot;:&quot;&quot;,&quot;description&quot;:&quot;&quot;,&quot;title&quot;:&quot;&quot;,&quot;image&quot;:&quot;&quot;,&quot;caption&quot;:&quot;&quot;},&quot;pinterest&quot;:{&quot;enabled&quot;:&quot;true&quot;,&quot;url&quot;:&quot;&quot;,&quot;image&quot;:&quot;&quot;,&quot;description&quot;:&quot;&quot;},&quot;email&quot;:{&quot;enabled&quot;:&quot;true&quot;,&quot;url&quot;:&quot;&quot;,&quot;description&quot;:&quot;&quot;},&quot;layout&quot;:&quot;1&quot;,&quot;skin&quot;:&quot;light&quot;,&quot;icons&quot;:&quot;material&quot;,&quot;useFontAwesome5&quot;:&quot;false&quot;,&quot;skinColor&quot;:&quot;&quot;,&quot;skinBackground&quot;:&quot;&quot;,&quot;backgroundColor&quot;:&quot;rgb(81, 85, 88)&quot;,&quot;backgroundPattern&quot;:&quot;&quot;,&quot;backgroundTransparent&quot;:&quot;false&quot;,&quot;menu2Background&quot;:&quot;&quot;,&quot;menu2Shadow&quot;:&quot;&quot;,&quot;menu2Margin&quot;:&quot;0&quot;,&quot;menu2Padding&quot;:&quot;0&quot;,&quot;menu2OverBook&quot;:&quot;true&quot;,&quot;menu2Transparent&quot;:&quot;true&quot;,&quot;menu2Floating&quot;:&quot;false&quot;,&quot;menuBackground&quot;:&quot;&quot;,&quot;menuShadow&quot;:&quot;&quot;,&quot;menuMargin&quot;:&quot;0&quot;,&quot;menuPadding&quot;:&quot;0&quot;,&quot;menuOverBook&quot;:&quot;false&quot;,&quot;menuTransparent&quot;:&quot;false&quot;,&quot;menuFloating&quot;:&quot;false&quot;,&quot;hideMenu&quot;:&quot;false&quot;,&quot;btnColor&quot;:&quot;&quot;,&quot;btnBackground&quot;:&quot;none&quot;,&quot;btnRadius&quot;:&quot;0&quot;,&quot;btnMargin&quot;:&quot;0&quot;,&quot;btnSize&quot;:&quot;20&quot;,&quot;btnPaddingV&quot;:&quot;10&quot;,&quot;btnPaddingH&quot;:&quot;10&quot;,&quot;btnShadow&quot;:&quot;&quot;,&quot;btnTextShadow&quot;:&quot;&quot;,&quot;btnBorder&quot;:&quot;&quot;,&quot;floatingBtnColor&quot;:&quot;&quot;,&quot;floatingBtnBackground&quot;:&quot;&quot;,&quot;floatingBtnColorHover&quot;:&quot;&quot;,&quot;floatingBtnBackgroundHover&quot;:&quot;&quot;,&quot;floatingBtnSize&quot;:&quot;&quot;,&quot;floatingBtnRadius&quot;:&quot;&quot;,&quot;floatingBtnBorder&quot;:&quot;&quot;,&quot;sideBtnColor&quot;:&quot;#fff&quot;,&quot;sideBtnBackground&quot;:&quot;rgba(0,0,0,.3)&quot;,&quot;sideBtnRadius&quot;:&quot;0&quot;,&quot;sideBtnMargin&quot;:&quot;0&quot;,&quot;sideBtnSize&quot;:&quot;30&quot;,&quot;sideBtnPaddingV&quot;:&quot;5&quot;,&quot;sideBtnPaddingH&quot;:&quot;5&quot;,&quot;sideBtnShadow&quot;:&quot;&quot;,&quot;sideBtnTextShadow&quot;:&quot;&quot;,&quot;sideBtnBorder&quot;:&quot;&quot;,&quot;btnClose&quot;:{&quot;color&quot;:&quot;&quot;,&quot;background&quot;:&quot;&quot;,&quot;colorHover&quot;:&quot;&quot;,&quot;backgroundHover&quot;:&quot;&quot;,&quot;size&quot;:&quot;&quot;,&quot;border&quot;:&quot;&quot;,&quot;radius&quot;:&quot;&quot;},&quot;sideMenuOverBook&quot;:&quot;true&quot;,&quot;sideMenuOverMenu&quot;:&quot;true&quot;,&quot;sideMenuOverMenu2&quot;:&quot;true&quot;,&quot;strings&quot;:{&quot;print&quot;:&quot;Print&quot;,&quot;printLeftPage&quot;:&quot;Print left page&quot;,&quot;printRightPage&quot;:&quot;Print right page&quot;,&quot;printCurrentPage&quot;:&quot;Print current page&quot;,&quot;printAllPages&quot;:&quot;Print all pages&quot;,&quot;download&quot;:&quot;Download&quot;,&quot;downloadLeftPage&quot;:&quot;Download left page&quot;,&quot;downloadRightPage&quot;:&quot;Download right page&quot;,&quot;downloadCurrentPage&quot;:&quot;Download current page&quot;,&quot;downloadAllPages&quot;:&quot;Download all pages&quot;,&quot;bookmarks&quot;:&quot;Bookmarks&quot;,&quot;bookmarkLeftPage&quot;:&quot;Bookmark left page&quot;,&quot;bookmarkRightPage&quot;:&quot;Bookmark right page&quot;,&quot;bookmarkCurrentPage&quot;:&quot;Bookmark current page&quot;,&quot;search&quot;:&quot;Search&quot;,&quot;findInDocument&quot;:&quot;Find in document&quot;,&quot;pagesFoundContaining&quot;:&quot;pages found containing&quot;,&quot;thumbnails&quot;:&quot;Pages&quot;,&quot;tableOfContent&quot;:&quot;Table of Contents&quot;,&quot;share&quot;:&quot;Share&quot;,&quot;pressEscToClose&quot;:&quot;Press ESC to close&quot;},&quot;btbsubmit&quot;:&quot;Save&quot;,&quot;action&quot;:&quot;r3d_save&quot;,&quot;name&quot;:&quot;Mara\\u015f Earthquake Report&quot;,&quot;pdfUrl&quot;:&quot;\\\/wp-content\\\/uploads\\\/publications\\\/Maras-Earthquake-Report.pdf&quot;,&quot;bookId&quot;:&quot;37&quot;,&quot;security&quot;:&quot;5b4a47c744&quot;,&quot;id&quot;:&quot;37&quot;,&quot;date&quot;:&quot;2024-02-07 14:31:16&quot;,&quot;pages&quot;:[],&quot;tableOfContent&quot;:[],&quot;post_id&quot;:27657,&quot;rootFolder&quot;:&quot;https:\\\/\\\/www.ircica.org\\\/wp-content\\\/plugins\\\/real3d-flipbook\\\/&quot;,&quot;uniqueId&quot;:&quot;37_69d2b879e5dd5&quot;}\"><\/div>\n","protected":false},"excerpt":{"rendered":"<p>Pr\u00e9par\u00e9 par Alidost Ertu\u011frul, Taha Zahid \u00d6zdemir, Hussein Al Ragabi<br \/>\nPr\u00e9face de Mahmud Erol K\u0131l\u0131\u00e7<br \/>\nIRCICA ; 2023. 241 p., cartes, illustr. en couleur, plans (en anglais)<\/p>\n","protected":false},"featured_media":21086,"template":"","meta":{"_acf_changed":false,"_mi_skip_tracking":false},"product_cat":[173],"product_tag":[],"class_list":{"0":"post-21097","1":"product","2":"type-product","3":"status-publish","4":"has-post-thumbnail","6":"product_cat-patrimoine-culturel-et-architectural","8":"first","9":"instock","10":"shipping-taxable","11":"product-type-simple"},"acf":[],"aioseo_notices":[],"_links":{"self":[{"href":"https:\/\/www.ircica.org\/fr\/wp-json\/wp\/v2\/product\/21097","targetHints":{"allow":["GET"]}}],"collection":[{"href":"https:\/\/www.ircica.org\/fr\/wp-json\/wp\/v2\/product"}],"about":[{"href":"https:\/\/www.ircica.org\/fr\/wp-json\/wp\/v2\/types\/product"}],"wp:featuredmedia":[{"embeddable":true,"href":"https:\/\/www.ircica.org\/fr\/wp-json\/wp\/v2\/media\/21086"}],"wp:attachment":[{"href":"https:\/\/www.ircica.org\/fr\/wp-json\/wp\/v2\/media?parent=21097"}],"wp:term":[{"taxonomy":"product_cat","embeddable":true,"href":"https:\/\/www.ircica.org\/fr\/wp-json\/wp\/v2\/product_cat?post=21097"},{"taxonomy":"product_tag","embeddable":true,"href":"https:\/\/www.ircica.org\/fr\/wp-json\/wp\/v2\/product_tag?post=21097"}],"curies":[{"name":"wp","href":"https:\/\/api.w.org\/{rel}","templated":true}]}}