{"id":21128,"date":"2023-12-29T13:39:37","date_gmt":"2023-12-29T10:39:37","guid":{"rendered":"https:\/\/www.ircica.org\/publications\/non%20class\u00e9\/epigraphic-monuments-in-arabic-script-from-the-abat-baytaq-necropolis"},"modified":"2023-12-29T13:43:30","modified_gmt":"2023-12-29T10:43:30","slug":"epigraphic-monuments-in-arabic-script-from-the-abat-baytaq-necropolis","status":"publish","type":"product","link":"https:\/\/www.ircica.org\/fr\/publications\/histoire-de-la-civilisation-islamique\/asie\/asie-centrale-et-caucase\/monuments-epigraphiques-en-caracteres-arabes-de-la-necropole-dabat-baytaq","title":{"rendered":"Monuments \u00e9pigraphiques en caract\u00e8res arabes de la n\u00e9cropole d\u2019\u00abAbat-Baytaq\u00bb"},"content":{"rendered":"<p>L\u2019IRCICA a le plaisir de pr\u00e9senter sa publication pr\u00e9par\u00e9e conjointement avec l\u2019Akimate (gouvernorat) de la r\u00e9gion d\u2019Aktioub\u00e9, Kazakhstan, et l\u2019Institut d\u2019\u00e9tudes orientales R.B. Suleimenov, Almaty, Kazakhstan, consistant en une \u00e9tude savante importante sur la n\u00e9cropole d\u2019Abat-Baytaq \u00e0 Aktioub\u00e9. Les recherches et les \u00e9tudes sur le terrain concernant les inscriptions sur les pierres tombales de la n\u00e9cropole ont \u00e9t\u00e9 men\u00e9es et leurs r\u00e9sultats r\u00e9dig\u00e9s entre 2019 et 2023 par le professeur Ashirbek Muminov (IRCICA) et le Dr Baghdat Dyussenov (Institut R.B. Suleimenov d\u2019\u00e9tudes orientales) avec la participation du Dr Allen J. Frank. en tant qu\u2019\u00e9diteur de la partie anglaise du livre. Celui-ci renferme une pr\u00e9face de Mme Bulbul Eleusinova, vice-gouverneure de la r\u00e9gion d\u2019Aktioub\u00e9, et une pr\u00e9face du professeur Mahmud Erol K\u0131l\u0131\u00e7, directeur g\u00e9n\u00e9ral de l\u2019IRCICA. L\u2019engagement de l\u2019IRCICA dans ce projet commun s\u2019inscrit dans le cadre de son int\u00e9r\u00eat de recherche pour le patrimoine historique et culturel islamique et les propri\u00e9t\u00e9s archivales et arch\u00e9ologiques des pays membres de l\u2019OCI. Le complexe historique qui comprend la n\u00e9cropole d\u2019Abat-Baytaq et le mausol\u00e9e d\u2019Abat est un site patrimonial inestimable et un d\u00e9positaire d\u2019informations historiques et culturelles. La n\u00e9cropole a vu le jour \u00e0 la fin du XVIIIe et au d\u00e9but du XXe si\u00e8cles. Les centaines de pierres tombales qu\u2019il contient sont d\u2019une grande valeur en termes de r\u00e9f\u00e9rence en raison des informations contenues dans leurs inscriptions et de leurs caract\u00e9ristiques artisanales. La majorit\u00e9 porte des inscriptions en langue kazakhe \u00e9crites en caract\u00e8res arabes. Elles ont \u00e9galement une grande importance ethnographique en tant que t\u00e9moignages des personnalit\u00e9s et des familles qui ont v\u00e9cu dans la r\u00e9gion. Il s\u2019agit de la toute premi\u00e8re \u00e9tude men\u00e9e sur la n\u00e9cropole d\u2019Abat-Baytaq. Les auteurs ont identifi\u00e9 et examin\u00e9 243 inscriptions sur des pierres tombales, les ont transcrites, traduites en russe et en anglais et les ont pr\u00e9sent\u00e9es avec leurs photographies prises sous diff\u00e9rents angles. Une introduction savante et des index compl\u00e8tent l\u2019ouvrage. Le livre int\u00e9ressera les historiens, les chercheurs en \u00e9tudes religieuses et en cultures r\u00e9gionales, ainsi que les lecteurs en g\u00e9n\u00e9ral int\u00e9ress\u00e9s par l\u2019histoire et la culture de la r\u00e9gion.<\/p>\n","protected":false},"excerpt":{"rendered":"<p><strong>Epigraphic Monuments in Arabic Script from the \u201cAbat-Baytaq\u201d Necropolis<br \/>\n<\/strong><strong>Livre-Album<br \/>\n<\/strong>Muminov A.K., Dyussenov B.D. ; avec la participation d\u2019Allen Frank (\u00e9diteur du texte anglais, USA), U.A. Utepbergenova (index, Kazakhstan)<br \/>\nAlmaty : Altyn Paraq, 2023. 496 p. + DVD du film sur la n\u00e9cropole d\u2019\u00abAbat-Baytaq\u00bb<\/p>\n","protected":false},"featured_media":21118,"template":"","meta":{"_acf_changed":false,"_mi_skip_tracking":false},"product_cat":[200],"product_tag":[],"class_list":{"0":"post-21128","1":"product","2":"type-product","3":"status-publish","4":"has-post-thumbnail","6":"product_cat-asie-centrale-et-caucase","8":"first","9":"instock","10":"shipping-taxable","11":"product-type-simple"},"acf":[],"aioseo_notices":[],"_links":{"self":[{"href":"https:\/\/www.ircica.org\/fr\/wp-json\/wp\/v2\/product\/21128","targetHints":{"allow":["GET"]}}],"collection":[{"href":"https:\/\/www.ircica.org\/fr\/wp-json\/wp\/v2\/product"}],"about":[{"href":"https:\/\/www.ircica.org\/fr\/wp-json\/wp\/v2\/types\/product"}],"wp:featuredmedia":[{"embeddable":true,"href":"https:\/\/www.ircica.org\/fr\/wp-json\/wp\/v2\/media\/21118"}],"wp:attachment":[{"href":"https:\/\/www.ircica.org\/fr\/wp-json\/wp\/v2\/media?parent=21128"}],"wp:term":[{"taxonomy":"product_cat","embeddable":true,"href":"https:\/\/www.ircica.org\/fr\/wp-json\/wp\/v2\/product_cat?post=21128"},{"taxonomy":"product_tag","embeddable":true,"href":"https:\/\/www.ircica.org\/fr\/wp-json\/wp\/v2\/product_tag?post=21128"}],"curies":[{"name":"wp","href":"https:\/\/api.w.org\/{rel}","templated":true}]}}