{"id":21197,"date":"2017-10-24T13:50:00","date_gmt":"2017-10-24T10:50:00","guid":{"rendered":"https:\/\/www.ircica.org\/?post_type=product&#038;p=21197"},"modified":"2024-01-10T17:12:13","modified_gmt":"2024-01-10T14:12:13","slug":"les-wilayas-irakiennes-sous-le-regne-du-sultan-selim-ii-copy","status":"publish","type":"product","link":"https:\/\/www.ircica.org\/fr\/publications\/histoire-de-la-civilisation-islamique\/asie\/moyen-orient-et-mediterranee\/les-wilayas-irakiennes-sous-le-regne-du-sultan-selim-ii-vol-6","title":{"rendered":"Les wilayas irakiennes sous le r\u00e8gne du Sultan Selim II (Vol 6)"},"content":{"rendered":"<p>\u00c1 travers sa s\u00e9rie intitul\u00e9e Les provinces arabes dans les documents ottomans, l\u2019IRCICA se propose de faciliter l\u2019acc\u00e8s aux chercheurs dont la langue de travail est l\u2019arabe aux documents ottomans relatifs aux provinces arabes (wilayas) de l\u2019\u00c9tat ottoman. Les trois premiers volumes publi\u00e9s respectivement en 2010, 2011 et 2014 comprennent des documents datant du r\u00e8gne du Sultan Selim I et du Sultan Soliman le Magnifique. Le quatri\u00e8me volume, publi\u00e9 en 2015, concerne les deux saintes mosqu\u00e9es (Makkah al- Mukaramah and Madina al-Munawara) sous le r\u00e8gne du sultan Selim II (974-982 H. \/ 1566-1574).<\/p>\n<p>Les volumes V et VI, publi\u00e9s en 2017, portent sur les wilayas irakiennes sous le r\u00e8gne du Sultan Selim II (974-982 H. \/ 1566-1574). Ils contiennent les reproductions de documents originaux s\u00e9lectionn\u00e9s en langue ottomane, accompagn\u00e9es d\u2019une traduction et d\u2019une \u00e9tude en arabe. Le projet de recherche et la s\u00e9rie de livres se poursuivront.<\/p>\n","protected":false},"excerpt":{"rendered":"<p>Pr\u00e9paration, traduction et \u00e9tude:\u00a0 Fazil Bayat<br \/>\nVolume 6, S\u00e9rie d\u2019histoire des pays musulmans \u00e0 travers les documents des archives ottomanes, n\u00b03<br \/>\nIRCICA, Istanbul, 2017<br \/>\n(Texte : en arabe)<\/p>\n","protected":false},"featured_media":20524,"template":"","meta":{"_acf_changed":false,"_mi_skip_tracking":false},"product_cat":[362],"product_tag":[],"class_list":{"0":"post-21197","1":"product","2":"type-product","3":"status-publish","4":"has-post-thumbnail","6":"product_cat-moyen-orient-et-mediterranee","8":"first","9":"instock","10":"shipping-taxable","11":"product-type-simple"},"acf":[],"aioseo_notices":[],"_links":{"self":[{"href":"https:\/\/www.ircica.org\/fr\/wp-json\/wp\/v2\/product\/21197","targetHints":{"allow":["GET"]}}],"collection":[{"href":"https:\/\/www.ircica.org\/fr\/wp-json\/wp\/v2\/product"}],"about":[{"href":"https:\/\/www.ircica.org\/fr\/wp-json\/wp\/v2\/types\/product"}],"wp:featuredmedia":[{"embeddable":true,"href":"https:\/\/www.ircica.org\/fr\/wp-json\/wp\/v2\/media\/20524"}],"wp:attachment":[{"href":"https:\/\/www.ircica.org\/fr\/wp-json\/wp\/v2\/media?parent=21197"}],"wp:term":[{"taxonomy":"product_cat","embeddable":true,"href":"https:\/\/www.ircica.org\/fr\/wp-json\/wp\/v2\/product_cat?post=21197"},{"taxonomy":"product_tag","embeddable":true,"href":"https:\/\/www.ircica.org\/fr\/wp-json\/wp\/v2\/product_tag?post=21197"}],"curies":[{"name":"wp","href":"https:\/\/api.w.org\/{rel}","templated":true}]}}