{"id":21215,"date":"2009-05-11T13:16:39","date_gmt":"2009-05-11T10:16:39","guid":{"rendered":"https:\/\/www.ircica.org\/publications\/non%20class\u00e9\/ai-quds-jerusalem-in-historical-photographs"},"modified":"2024-02-12T10:42:20","modified_gmt":"2024-02-12T07:42:20","slug":"ai-quds-jerusalem-in-historical-photographs","status":"publish","type":"product","link":"https:\/\/www.ircica.org\/fr\/publications\/photographies-historiques\/el-qodsjerusalem-dans-les-photographies-historiques","title":{"rendered":"El-Qods\/J\u00e9rusalem dans les photographies historiques"},"content":{"rendered":"<p>Cet album pr\u00e9sent\u00e9 dans des \u00e9ditions s\u00e9par\u00e9es en anglais, arabe et turc a \u00e9t\u00e9 publi\u00e9 par l\u2019IRCICA dans le cadre de son programme d\u2019activit\u00e9s sur l\u2019histoire et le patrimoine culturel islamique d\u2019Al-Qods et de Palestine. La publication a \u00e9t\u00e9 plac\u00e9e dans le contexte de la comm\u00e9moration du 40e anniversaire de la fondation de l\u2019OCI, comme un autre souvenir du principal sujet de pr\u00e9occupation de l\u2019OCI, la cause d\u2019Al-Qods et de Palestine. La r\u00e9solution du conflit autour d\u2019Al-Qods et de la Palestine, en cours depuis le milieu du XXe si\u00e8cle, a \u00e9t\u00e9 le motif fondateur de l\u2019OCI en 1969 et reste aujourd\u2019hui sa principale cause. Dans son avant-propos, le professeur Ekmeleddin \u0130hsano\u011flu, alors secr\u00e9taire g\u00e9n\u00e9ral de l\u2019OCI, souligne que l\u2019OCI consid\u00e8re le probl\u00e8me d\u2019Al-Qods non seulement comme une question islamique mais comme un probl\u00e8me d\u2019importance mondiale ; et que la pr\u00e9servation du caract\u00e8re multiculturel de la ville avec tout le respect d\u00fb aux populations et aux lieux saints de chaque religion est un \u00e9l\u00e9ment indispensable de toute solution acceptable au probl\u00e8me. La collection de photographies contenue dans le livre raconte l\u2019histoire de la ville au cours du dernier quart du XIXe et du premier quart du XXe si\u00e8cle \u00e0 travers les lentilles de grands photographes qui se sont rendus en Terre Sainte peu apr\u00e8s l\u2019invention des techniques photographiques. En raison du d\u00e9veloppement constant de la photographie depuis ses premi\u00e8res ann\u00e9es, les images reproduites dans le livre refl\u00e8tent non seulement les caract\u00e9ristiques de la ville qui ont chang\u00e9 ou sont rest\u00e9es inchang\u00e9es au cours de la p\u00e9riode de r\u00e9f\u00e9rence, mais aussi les progr\u00e8s des techniques photographiques et du savoir-faire artistique enregistr\u00e9s durant la m\u00eame p\u00e9riode. L\u2019album contient 405 photographies d\u2019Al-Qods s\u00e9lectionn\u00e9es parmi les archives photographiques de l\u2019IRCICA, principalement les albums du sultan Abdulhamid II datant de la fin du XIXe et du d\u00e9but du XXe si\u00e8cle. Les sections sont organis\u00e9es selon les sujets suivants : vues panoramiques, la mosqu\u00e9e d\u2019Al-Aqsa, la ville et ses habitants, les lieux saints, l\u2019histoire d\u2019al-Qods comme sur ses portes et dans ses rues, les rues d\u2019al-Qods, les milieux professionnels et les personnalit\u00e9s, visite de l\u2019empereur Guillaume II, les soldats ottomans, la d\u00e9fense et la s\u00e9curit\u00e9 de la ville. Le livre se termine par une section diverse qui comprend \u00e9galement des versions colori\u00e9es \u00e0 la main de certaines photographies incluses dans l\u2019album. Les chercheurs int\u00e9ress\u00e9s par les divers aspects d\u2019al-Qods, de la vie \u00e9conomique et sociale \u00e0 l\u2019architecture, b\u00e9n\u00e9ficieront de cette collection d\u2019archives.<\/p>\n","protected":false},"excerpt":{"rendered":"<p>IRCICA, 2009<br \/>\nxxxi, 435 pp.<br \/>\n(en anglais, arabe et turc)<\/p>\n","protected":false},"featured_media":21208,"template":"","meta":{"_acf_changed":false,"_mi_skip_tracking":false},"product_cat":[169],"product_tag":[],"class_list":{"0":"post-21215","1":"product","2":"type-product","3":"status-publish","4":"has-post-thumbnail","6":"product_cat-photographies-historiques","8":"first","9":"instock","10":"shipping-taxable","11":"product-type-simple"},"acf":[],"aioseo_notices":[],"_links":{"self":[{"href":"https:\/\/www.ircica.org\/fr\/wp-json\/wp\/v2\/product\/21215","targetHints":{"allow":["GET"]}}],"collection":[{"href":"https:\/\/www.ircica.org\/fr\/wp-json\/wp\/v2\/product"}],"about":[{"href":"https:\/\/www.ircica.org\/fr\/wp-json\/wp\/v2\/types\/product"}],"wp:featuredmedia":[{"embeddable":true,"href":"https:\/\/www.ircica.org\/fr\/wp-json\/wp\/v2\/media\/21208"}],"wp:attachment":[{"href":"https:\/\/www.ircica.org\/fr\/wp-json\/wp\/v2\/media?parent=21215"}],"wp:term":[{"taxonomy":"product_cat","embeddable":true,"href":"https:\/\/www.ircica.org\/fr\/wp-json\/wp\/v2\/product_cat?post=21215"},{"taxonomy":"product_tag","embeddable":true,"href":"https:\/\/www.ircica.org\/fr\/wp-json\/wp\/v2\/product_tag?post=21215"}],"curies":[{"name":"wp","href":"https:\/\/api.w.org\/{rel}","templated":true}]}}