{"id":21316,"date":"2018-08-17T00:00:00","date_gmt":"2018-08-16T21:00:00","guid":{"rendered":"https:\/\/www.ircica.org\/publications\/non%20class\u00e9\/al-quds-in-muhimme-registers-1700-1719-volume-iii"},"modified":"2024-01-12T11:02:35","modified_gmt":"2024-01-12T08:02:35","slug":"al-quds-in-muhimme-registers-1700-1719-volume-iii","status":"publish","type":"product","link":"https:\/\/www.ircica.org\/fr\/publications\/histoire-de-la-civilisation-islamique\/asie\/moyen-orient-et-mediterranee\/al-qods-dans-les-registres-muhimme-1700-1719-volume-iii","title":{"rendered":"Al-Qods dans les registres Muhimme (1700-1719), Volume III"},"content":{"rendered":"<p>L\u2019ouvrage en 9 volumes de l\u2019IRCICA intitul\u00e9 \u00ab Al-Qods dans les registres Muhimme \u00bb a \u00e9t\u00e9 publi\u00e9 entre 2016 et 2018 en arabe, anglais et turc. Les registres Muhimme sont des sources originales d\u2019informations historiques sur les d\u00e9crets de l\u2019\u00c9tat portant sur des questions importantes. La publication contient des documents sur Al-Qods s\u00e9lectionn\u00e9s parmi ces registres, datant de 1545 \u00e0 1905 et relatifs, d\u2019une mani\u00e8re g\u00e9n\u00e9rale, aux questions administratives, aux nominations et r\u00e9vocations, aux questions de s\u00e9curit\u00e9, \u00e0 la gestion du waqf, \u00e0 toutes sortes de probl\u00e8mes concernant les lieux sacr\u00e9s, les constructions et restaurations, la vie quotidienne, etc. La m\u00e9thodologie de pr\u00e9sentation dans le livre est la suivante : les num\u00e9ros des registres, pages et d\u00e9crets sont suivis des r\u00e9sum\u00e9s des d\u00e9crets en turc, arabe et anglais ; vient ensuite la transcription du texte du d\u00e9cret en turc. Les originaux des d\u00e9crets sont imprim\u00e9s \u00e0 la fin de chaque volume, o\u00f9 sont \u00e9galement ajout\u00e9s des index de personnes, de lieux, d\u2019institutions et de termes.<\/p>\n","protected":false},"excerpt":{"rendered":"<p>Pr\u00e9par\u00e9 par Murat Uluskan, Y\u00fcksel \u00c7elik et Davut Hut<br \/>\nTranduit par Tahsin Tahao\u011flu et Dilek Orbay<br \/>\nIstanbul, IRCICA, 2018<br \/>\nTexte en Turc, Anglais et Arabe<\/p>\n","protected":false},"featured_media":21301,"template":"","meta":{"_acf_changed":false,"_mi_skip_tracking":false},"product_cat":[164,362],"product_tag":[],"class_list":{"0":"post-21316","1":"product","2":"type-product","3":"status-publish","4":"has-post-thumbnail","6":"product_cat-histoire-de-la-civilisation-islamique","7":"product_cat-moyen-orient-et-mediterranee","9":"first","10":"instock","11":"shipping-taxable","12":"product-type-simple"},"acf":[],"aioseo_notices":[],"_links":{"self":[{"href":"https:\/\/www.ircica.org\/fr\/wp-json\/wp\/v2\/product\/21316","targetHints":{"allow":["GET"]}}],"collection":[{"href":"https:\/\/www.ircica.org\/fr\/wp-json\/wp\/v2\/product"}],"about":[{"href":"https:\/\/www.ircica.org\/fr\/wp-json\/wp\/v2\/types\/product"}],"wp:featuredmedia":[{"embeddable":true,"href":"https:\/\/www.ircica.org\/fr\/wp-json\/wp\/v2\/media\/21301"}],"wp:attachment":[{"href":"https:\/\/www.ircica.org\/fr\/wp-json\/wp\/v2\/media?parent=21316"}],"wp:term":[{"taxonomy":"product_cat","embeddable":true,"href":"https:\/\/www.ircica.org\/fr\/wp-json\/wp\/v2\/product_cat?post=21316"},{"taxonomy":"product_tag","embeddable":true,"href":"https:\/\/www.ircica.org\/fr\/wp-json\/wp\/v2\/product_tag?post=21316"}],"curies":[{"name":"wp","href":"https:\/\/api.w.org\/{rel}","templated":true}]}}