{"id":21509,"date":"2024-01-15T14:31:53","date_gmt":"2024-01-15T11:31:53","guid":{"rendered":"https:\/\/www.ircica.org\/publications\/non%20class\u00e9\/the-golden-horde-in-the-works-of-ottoman-historiography-16th-17th-centuries"},"modified":"2024-01-15T17:02:26","modified_gmt":"2024-01-15T14:02:26","slug":"the-golden-horde-in-the-works-of-ottoman-historiography-16th-17th-centuries","status":"publish","type":"product","link":"https:\/\/www.ircica.org\/fr\/publications\/histoire-de-la-civilisation-islamique\/asie\/asie-centrale-et-caucase\/la-horde-dor-dans-les-oeuvres-de-lhistoriographie-ottomane-xvie-xviie-siecles","title":{"rendered":"La Horde d\u2019Or dans les \u0153uvres de l\u2019historiographie ottomane (XVIe-XVIIe si\u00e8cles)"},"content":{"rendered":"<p>L\u2019IRCICA a le plaisir de pr\u00e9senter sa publication conjointe avec le Complexe scientifique international d\u2019Astana en contribution aux \u00e9tudes sur la Horde d\u2019Or, puissance influente de la p\u00e9riode m\u00e9di\u00e9vale qui a r\u00e9gn\u00e9 sur un vaste territoire d\u2019Asie centrale entre 1227 et 1502. L\u2019Islam a \u00e9t\u00e9 introduit dans le Khanat au 13e si\u00e8cle et s\u2019est r\u00e9pandu dans ses territoires au 14<sup>e<\/sup> si\u00e8cle. Malgr\u00e9 son importance, l\u2019histoire de cet \u00c9tat n\u2019a pas encore \u00e9t\u00e9 \u00e9tudi\u00e9e de mani\u00e8re approfondie, principalement en raison de la raret\u00e9 et de la fragmentation des sources qui s\u2019y rapportent. Les r\u00e9f\u00e9rences \u00e0 la Horde d\u2019Or dans la litt\u00e9rature historiographique islamique datant des si\u00e8cles pendant et peu apr\u00e8s son r\u00e8gne sont extr\u00eamement pr\u00e9cieuses \u00e0 cet \u00e9gard, notamment pour mettre en lumi\u00e8re les activit\u00e9s savantes et litt\u00e9raires enregistr\u00e9es dans son royaume. Le pr\u00e9sent ouvrage, r\u00e9alis\u00e9 par le professeur Ashirbek Muminov et M. Selahaddin Uygur de l\u2019IRCICA en collaboration avec le Dr Zafar Najmiddinov (Ouzb\u00e9kistan), rassemble quatre textes historiques sur la Horde d\u2019Or extraits de trait\u00e9s \u00e9crits par trois \u00e9rudits ottomans &#8211; Mahmud ibn Sulayman al-Kafawi (m. 1581), Mustafa ibn Hasan al-Jannabi (m. 1590-1591) et \u1e24\u0101jj\u012b Khal\u012bfa (m. 1657), les pr\u00e9sentant dans leurs textes arabes originaux, en ajoutant leurs traductions en kazakh et en russe, ainsi que des commentaires explicatifs sur ces sources et leur contenu, et des index d\u00e9taill\u00e9s.<\/p>\n","protected":false},"excerpt":{"rendered":"<p>Ashirbek Muminov, Selahaddin Uygur, Zafar Najmiddinov (r\u00e9dacteurs)<br \/>\nR\u00e9dacteur en chef : Zh. M. Sabitov. Pr\u00e9face : Mahmud Erol K\u0131l\u0131\u00e7<br \/>\nAstana, 2023. 620 p (445+175)<\/p>\n","protected":false},"featured_media":21482,"template":"","meta":{"_acf_changed":false,"_mi_skip_tracking":false},"product_cat":[200],"product_tag":[],"class_list":{"0":"post-21509","1":"product","2":"type-product","3":"status-publish","4":"has-post-thumbnail","6":"product_cat-asie-centrale-et-caucase","8":"first","9":"instock","10":"shipping-taxable","11":"product-type-simple"},"acf":[],"aioseo_notices":[],"_links":{"self":[{"href":"https:\/\/www.ircica.org\/fr\/wp-json\/wp\/v2\/product\/21509","targetHints":{"allow":["GET"]}}],"collection":[{"href":"https:\/\/www.ircica.org\/fr\/wp-json\/wp\/v2\/product"}],"about":[{"href":"https:\/\/www.ircica.org\/fr\/wp-json\/wp\/v2\/types\/product"}],"wp:featuredmedia":[{"embeddable":true,"href":"https:\/\/www.ircica.org\/fr\/wp-json\/wp\/v2\/media\/21482"}],"wp:attachment":[{"href":"https:\/\/www.ircica.org\/fr\/wp-json\/wp\/v2\/media?parent=21509"}],"wp:term":[{"taxonomy":"product_cat","embeddable":true,"href":"https:\/\/www.ircica.org\/fr\/wp-json\/wp\/v2\/product_cat?post=21509"},{"taxonomy":"product_tag","embeddable":true,"href":"https:\/\/www.ircica.org\/fr\/wp-json\/wp\/v2\/product_tag?post=21509"}],"curies":[{"name":"wp","href":"https:\/\/api.w.org\/{rel}","templated":true}]}}