{"id":21589,"date":"2013-11-09T00:00:00","date_gmt":"2013-11-08T22:00:00","guid":{"rendered":"https:\/\/www.ircica.org\/publications\/non%20class\u00e9\/%d8%b3%d8%ac%d9%84%d8%a7%d8%aa-%d9%85%d8%ad%d9%83%d9%85%d8%a9-%d8%a7%d9%84%d9%82%d8%af%d8%b3-%d8%a7%d9%84%d8%b4%d8%b1%d9%8a%d8%b9%d8%a9%d8%8c-%d8%b3%d8%ac%d9%84-%d8%b1%d9%82%d9%85-107-sharia-court-re"},"modified":"2024-01-18T16:53:13","modified_gmt":"2024-01-18T13:53:13","slug":"%d8%b3%d8%ac%d9%84%d8%a7%d8%aa-%d9%85%d8%ad%d9%83%d9%85%d8%a9-%d8%a7%d9%84%d9%82%d8%af%d8%b3-%d8%a7%d9%84%d8%b4%d8%b1%d9%8a%d8%b9%d8%a9%d8%8c-%d8%b3%d8%ac%d9%84-%d8%b1%d9%82%d9%85-107-sharia-court-re","status":"publish","type":"product","link":"https:\/\/www.ircica.org\/fr\/publications\/histoire-de-la-civilisation-islamique\/asie\/moyen-orient-et-mediterranee\/les-registres-de-la-cour-de-la-charia-dal-qods-registre-107","title":{"rendered":"Les registres de la Cour de la charia d\u2019Al-Qods, Registre 107"},"content":{"rendered":"<p>Les registres de la Cour de la charia d\u2019Al-Qods publi\u00e9s par l\u2019IRCICA en 37 volumes entre 2013 et 2020 ont \u00e9t\u00e9 pr\u00e9par\u00e9s pour publication par le professeur Ibrahim Rabaie. Ces 37 registres contenant les dossiers des affaires judiciaires datant de 1545 \u00e0 1701 repr\u00e9sentent des sources historiques originales. Ces affaires sont li\u00e9es \u00e0 des questions concernant les waqfs, les fiefs de timar et de zeamet, l\u2019\u00e9ducation, les imp\u00f4ts, les questions militaires, les relations entre les musulmans et non-musulmans, les nominations, les r\u00e9parations et restaurations, les constructions, les familles, la soci\u00e9t\u00e9, l\u2019\u00e9conomie, etc. Les registres \u00e9taient tenus par les qadis (juges) et leurs adjoints. Dans ces volumes, les informations sur les noms des juges, les sujets, les dates et les r\u00e9sum\u00e9s des \u00e9v\u00e8nements sont donn\u00e9es sous forme de tableaux. Chaque volume contient des index de personnes, de lieux, d\u2019institutions et de termes, ainsi qu\u2019une bibliographie.<\/p>\n","protected":false},"excerpt":{"rendered":"<p>Pr\u00e9par\u00e9 pour publication par Ibrahim Rabaia<br \/>\nIstanbul, 2013<br \/>\n(en Arabe)<\/p>\n","protected":false},"featured_media":17851,"template":"","meta":{"_acf_changed":false,"_mi_skip_tracking":false},"product_cat":[164,362],"product_tag":[],"class_list":{"0":"post-21589","1":"product","2":"type-product","3":"status-publish","4":"has-post-thumbnail","6":"product_cat-histoire-de-la-civilisation-islamique","7":"product_cat-moyen-orient-et-mediterranee","9":"first","10":"instock","11":"shipping-taxable","12":"product-type-simple"},"acf":[],"aioseo_notices":[],"_links":{"self":[{"href":"https:\/\/www.ircica.org\/fr\/wp-json\/wp\/v2\/product\/21589","targetHints":{"allow":["GET"]}}],"collection":[{"href":"https:\/\/www.ircica.org\/fr\/wp-json\/wp\/v2\/product"}],"about":[{"href":"https:\/\/www.ircica.org\/fr\/wp-json\/wp\/v2\/types\/product"}],"wp:featuredmedia":[{"embeddable":true,"href":"https:\/\/www.ircica.org\/fr\/wp-json\/wp\/v2\/media\/17851"}],"wp:attachment":[{"href":"https:\/\/www.ircica.org\/fr\/wp-json\/wp\/v2\/media?parent=21589"}],"wp:term":[{"taxonomy":"product_cat","embeddable":true,"href":"https:\/\/www.ircica.org\/fr\/wp-json\/wp\/v2\/product_cat?post=21589"},{"taxonomy":"product_tag","embeddable":true,"href":"https:\/\/www.ircica.org\/fr\/wp-json\/wp\/v2\/product_tag?post=21589"}],"curies":[{"name":"wp","href":"https:\/\/api.w.org\/{rel}","templated":true}]}}