{"id":22178,"date":"2024-02-08T16:41:53","date_gmt":"2024-02-08T13:41:53","guid":{"rendered":"https:\/\/www.ircica.org\/publications\/non%20class\u00e9\/al-aqsa-mosque-in-the-ottoman-archive-documents"},"modified":"2024-02-08T16:45:18","modified_gmt":"2024-02-08T13:45:18","slug":"al-aqsa-mosque-in-the-ottoman-archive-documents","status":"publish","type":"product","link":"https:\/\/www.ircica.org\/fr\/publications\/histoire-de-la-civilisation-islamique\/asie\/moyen-orient-et-mediterranee\/la-mosquee-dal-aqsa-dans-les-documents-darchives-ottomanes","title":{"rendered":"La mosqu\u00e9e d\u2019al-Aqsa dans les documents d\u2019archives ottomanes"},"content":{"rendered":"<p>Les centaines de milliers de documents contenus dans les archives ottomanes conserv\u00e9es dans les archives de l\u2019\u00c9tat turc constituent des sources originales sur l\u2019histoire de nombreux pays et r\u00e9gions. L\u2019IRCICA publie des ensembles de documents s\u00e9lectionn\u00e9s parmi ces archives selon leurs sujets et les publie avec des annotations dans des volumes th\u00e9matiques. Le huiti\u00e8me volume de cette s\u00e9rie est consacr\u00e9 \u00e0 la mosqu\u00e9e d\u2019al-Aqsa. Dans le cadre de cette s\u00e9rie et de la priorit\u00e9 continue de l\u2019IRCICA ax\u00e9e sur l\u2019histoire de la mosqu\u00e9e d\u2019al-Aqsa, d\u2019al-Qods et de la Palestine, ce livre pr\u00e9par\u00e9 par le Dr Faz\u0131l Bayat (IRCICA) offre aux chercheurs et \u00e0 tous ceux qui sont concern\u00e9s, un ensemble de documents officiels sur le complexe d\u2019al-Aqsa d\u00e9livr\u00e9s pendant les 400 ans de la p\u00e9riode ottomane \u00e0 al-Qods. Les documents ont \u00e9t\u00e9 d\u00e9livr\u00e9s par l\u2019\u00c9tat ottoman aux fins de protection et d\u2019entretien de la mosqu\u00e9e et de ses environs. Les copies des documents imprim\u00e9s dans le livre sont accompagn\u00e9es de leurs transcriptions en turc ottoman, de leurs traductions en arabe et d\u2019informations explicatives. Le livre sera une r\u00e9f\u00e9rence historique importante sur le sujet.<\/p>\n","protected":false},"excerpt":{"rendered":"<p>Pr\u00e9par\u00e9 par Faz\u0131l Bayat<br \/>\nIRCICA, 2023<br \/>\nS\u00e9rie d\u2019histoire des pays musulmans \u00e0 travers les documents d\u2019archives ottomanes : 8<br \/>\n354 pp. 210&#215;280 cm.<\/p>\n","protected":false},"featured_media":22155,"template":"","meta":{"_acf_changed":false,"_mi_skip_tracking":false},"product_cat":[362],"product_tag":[],"class_list":{"0":"post-22178","1":"product","2":"type-product","3":"status-publish","4":"has-post-thumbnail","6":"product_cat-moyen-orient-et-mediterranee","8":"first","9":"instock","10":"shipping-taxable","11":"product-type-simple"},"acf":[],"aioseo_notices":[],"_links":{"self":[{"href":"https:\/\/www.ircica.org\/fr\/wp-json\/wp\/v2\/product\/22178","targetHints":{"allow":["GET"]}}],"collection":[{"href":"https:\/\/www.ircica.org\/fr\/wp-json\/wp\/v2\/product"}],"about":[{"href":"https:\/\/www.ircica.org\/fr\/wp-json\/wp\/v2\/types\/product"}],"wp:featuredmedia":[{"embeddable":true,"href":"https:\/\/www.ircica.org\/fr\/wp-json\/wp\/v2\/media\/22155"}],"wp:attachment":[{"href":"https:\/\/www.ircica.org\/fr\/wp-json\/wp\/v2\/media?parent=22178"}],"wp:term":[{"taxonomy":"product_cat","embeddable":true,"href":"https:\/\/www.ircica.org\/fr\/wp-json\/wp\/v2\/product_cat?post=22178"},{"taxonomy":"product_tag","embeddable":true,"href":"https:\/\/www.ircica.org\/fr\/wp-json\/wp\/v2\/product_tag?post=22178"}],"curies":[{"name":"wp","href":"https:\/\/api.w.org\/{rel}","templated":true}]}}