{"id":22203,"date":"2024-02-09T16:24:06","date_gmt":"2024-02-09T13:24:06","guid":{"rendered":"https:\/\/www.ircica.org\/publications\/non%20class\u00e9\/al-quds-during-the-ottoman-period-in-photographs"},"modified":"2024-02-09T16:29:24","modified_gmt":"2024-02-09T13:29:24","slug":"al-quds-during-the-ottoman-period-in-photographs","status":"publish","type":"product","link":"https:\/\/www.ircica.org\/fr\/publications\/photographies-historiques\/al-qods-a-lepoque-ottomane-en-photographies","title":{"rendered":"Al-Qods \u00e0 l\u2019\u00e9poque ottomane en photographies"},"content":{"rendered":"<p>La nouvelle \u00e9dition de l\u2019album de l\u2019IRCICA intitul\u00e9e <em>Foto\u011fraflarla Osmanl\u0131 D\u00f6neminde Kud\u00fcs <\/em>[Al-Qods \u00e0 l\u2019\u00e9poque ottomane en photographies] est une publication conjointe de l\u2019IRCICA et de la municipalit\u00e9 d\u2019Esenler (Istanbul). Publi\u00e9 pour la premi\u00e8re fois en 2009 dans une \u00e9dition grand format, l\u2019album est sorti cette fois-ci en format standard. Il contient 405 photographies historiques s\u00e9lectionn\u00e9es parmi les archives de l\u2019IRCICA, dont les albums photographiques du sultan Abd\u00fclhamid II (fin du 19e-d\u00e9but du 20e si\u00e8cles) ainsi que des annotations explicatives. Les photographies relatent sous diff\u00e9rents angles l\u2019histoire de la ville immortalis\u00e9e \u00e0 travers les objectifs des photographes pionniers qui se sont rendus en Terre Sainte peu apr\u00e8s l\u2019invention des techniques photographiques. En raison du d\u00e9veloppement constant de la photographie depuis ses premi\u00e8res ann\u00e9es, les images reproduites dans le livre refl\u00e8tent non seulement les caract\u00e9ristiques de la ville qui ont chang\u00e9 ou sont rest\u00e9es inchang\u00e9es au cours de la p\u00e9riode de r\u00e9f\u00e9rence, mais aussi les progr\u00e8s des techniques photographiques et du savoir-faire artistique acquis durant la m\u00eame p\u00e9riode.<\/p>\n<p>Les sections de l\u2019album sont organis\u00e9es selon les sujets suivants : vues panoramiques, la mosqu\u00e9e d\u2019Al-Aqsa, la ville et ses habitants, les monuments sacr\u00e9s, l\u2019histoire d\u2019al-Qods comme sur ses portes et dans ses rues, les rues d\u2019al-Qods, les milieux professionnels et les personnalit\u00e9s d\u2019al-Qods ottoman, visite de l\u2019empereur Guillaume II \u00e0 al-Qods, les soldats ottomans \u00e0 al-Qods et la d\u00e9fense de la ville, des photographies colori\u00e9es \u00e0 la main, des photographies sp\u00e9ciales. Tous ceux qui s&rsquo;int\u00e9ressent \u00e0 Al-Qods, de son histoire \u00e9conomique et sociale \u00e0 ses lieux sacr\u00e9s, b\u00e9n\u00e9ficieront de cette publication.<\/p>\n","protected":false},"excerpt":{"rendered":"<p>Municipalit\u00e9 d\u2019Esenler et l\u2019IRCICA, 2023<br \/>\nxxxi, 435 p. (en turc)<\/p>\n","protected":false},"featured_media":22184,"template":"","meta":{"_acf_changed":false,"_mi_skip_tracking":false},"product_cat":[169],"product_tag":[],"class_list":{"0":"post-22203","1":"product","2":"type-product","3":"status-publish","4":"has-post-thumbnail","6":"product_cat-photographies-historiques","8":"first","9":"instock","10":"shipping-taxable","11":"product-type-simple"},"acf":[],"aioseo_notices":[],"_links":{"self":[{"href":"https:\/\/www.ircica.org\/fr\/wp-json\/wp\/v2\/product\/22203","targetHints":{"allow":["GET"]}}],"collection":[{"href":"https:\/\/www.ircica.org\/fr\/wp-json\/wp\/v2\/product"}],"about":[{"href":"https:\/\/www.ircica.org\/fr\/wp-json\/wp\/v2\/types\/product"}],"wp:featuredmedia":[{"embeddable":true,"href":"https:\/\/www.ircica.org\/fr\/wp-json\/wp\/v2\/media\/22184"}],"wp:attachment":[{"href":"https:\/\/www.ircica.org\/fr\/wp-json\/wp\/v2\/media?parent=22203"}],"wp:term":[{"taxonomy":"product_cat","embeddable":true,"href":"https:\/\/www.ircica.org\/fr\/wp-json\/wp\/v2\/product_cat?post=22203"},{"taxonomy":"product_tag","embeddable":true,"href":"https:\/\/www.ircica.org\/fr\/wp-json\/wp\/v2\/product_tag?post=22203"}],"curies":[{"name":"wp","href":"https:\/\/api.w.org\/{rel}","templated":true}]}}