{"id":22207,"date":"2017-11-29T12:08:59","date_gmt":"2017-11-29T09:08:59","guid":{"rendered":"https:\/\/www.ircica.org\/publications\/non%20class\u00e9\/international-conference-on-protecting-the-cultural-heritage-of-the-muslim-world"},"modified":"2024-02-13T10:48:53","modified_gmt":"2024-02-13T07:48:53","slug":"international-conference-on-protecting-the-cultural-heritage-of-the-muslim-world","status":"publish","type":"product","link":"https:\/\/www.ircica.org\/fr\/publications\/histoire-de-la-civilisation-islamique\/asie\/protection-du-patrimoine-culturel-dans-le-monde-musulman","title":{"rendered":"Protection du patrimoine culturel dans le monde musulman"},"content":{"rendered":"<p>Ce livre contient les actes de la Conf\u00e9rence internationale sur \u00abLa protection du patrimoine culturel dans le monde musulman\u00bb organis\u00e9e par l&rsquo;IRCICA, en coop\u00e9ration avec le Secr\u00e9tariat g\u00e9n\u00e9ral de l&rsquo;OCI et l&rsquo;ISESCO (Rabat), \u00e0 Istanbul, les 1 et 2 novembre 2017. La conf\u00e9rence a r\u00e9uni des sp\u00e9cialistes de la pr\u00e9servation du patrimoine, engag\u00e9s en coop\u00e9ration avec des organisations internationales dans des projets de sauvegarde du patrimoine dans diff\u00e9rents pays. Les questions de sauvegarde des sites et monuments historiques et de conservation et de reconstruction des biens du patrimoine, affect\u00e9s par la guerre dans le monde musulman, et le renforcement de la collaboration internationale en faveur de la restauration et de la pr\u00e9servation, ont \u00e9t\u00e9 longuement d\u00e9battus sous tous leurs aspects. \u00c0 \u00e9gard, les participants ont \u00e9chang\u00e9 des informations et leurs exp\u00e9riences. Les s\u00e9ances de travail ont d\u00e9battu, entre autres, des th\u00e8mes suivants : Les politiques nationales et les instruments internationaux visant \u00e0 prot\u00e9ger et \u00e0 promouvoir le patrimoine culturel islamique &#8211; les meilleurs proc\u00e9d\u00e9s, l\u2019\u00e9valuation des r\u00e9sultats et les m\u00e9thodes d&rsquo;am\u00e9lioration ; l\u2019\u00e9ducation \u00e0 la sauvegarde du patrimoine; le r\u00f4le des mus\u00e9es dans la pr\u00e9servation du patrimoine culturel ; la gestion de la pr\u00e9servation du patrimoine culturel &#8211; une strat\u00e9gie pour la protection et la promotion du patrimoine culturel et les m\u00e9canismes de sa mise en oeuvre ; la protection du patrimoine culturel dans les pays musulmans en situation de conflit \u00e0 la demande de leurs gouvernements ; l&rsquo;avanc\u00e9e de l&rsquo;action coop\u00e9rative pour la protection du patrimoine culturel \u00e0 al- Qods et en Palestine ; la reconstruction du patrimoine culturel dans les zones de guerre et de conflit. Le livre contient 14 articles de recherche en anglais et 10 en arabe, ainsi que la D\u00e9claration d&rsquo;Istanbul qui consiste en un ensemble de recommandations adopt\u00e9es par la conf\u00e9rence.<\/p>\n","protected":false},"excerpt":{"rendered":"<p>S\u00e9rie des sources et des \u00e9tudes sur l&rsquo;histoire de la civilisation islamique No 40<br \/>\nIRCICA, 2019.<br \/>\nen anglais et en arabe<\/p>\n","protected":false},"featured_media":5995,"template":"","meta":{"_acf_changed":false,"_mi_skip_tracking":false},"product_cat":[181,164,173],"product_tag":[],"class_list":{"0":"post-22207","1":"product","2":"type-product","3":"status-publish","4":"has-post-thumbnail","6":"product_cat-asie","7":"product_cat-histoire-de-la-civilisation-islamique","8":"product_cat-patrimoine-culturel-et-architectural","10":"first","11":"instock","12":"shipping-taxable","13":"product-type-simple"},"acf":[],"aioseo_notices":[],"_links":{"self":[{"href":"https:\/\/www.ircica.org\/fr\/wp-json\/wp\/v2\/product\/22207","targetHints":{"allow":["GET"]}}],"collection":[{"href":"https:\/\/www.ircica.org\/fr\/wp-json\/wp\/v2\/product"}],"about":[{"href":"https:\/\/www.ircica.org\/fr\/wp-json\/wp\/v2\/types\/product"}],"wp:featuredmedia":[{"embeddable":true,"href":"https:\/\/www.ircica.org\/fr\/wp-json\/wp\/v2\/media\/5995"}],"wp:attachment":[{"href":"https:\/\/www.ircica.org\/fr\/wp-json\/wp\/v2\/media?parent=22207"}],"wp:term":[{"taxonomy":"product_cat","embeddable":true,"href":"https:\/\/www.ircica.org\/fr\/wp-json\/wp\/v2\/product_cat?post=22207"},{"taxonomy":"product_tag","embeddable":true,"href":"https:\/\/www.ircica.org\/fr\/wp-json\/wp\/v2\/product_tag?post=22207"}],"curies":[{"name":"wp","href":"https:\/\/api.w.org\/{rel}","templated":true}]}}