{"id":22242,"date":"2019-08-15T10:20:35","date_gmt":"2019-08-15T07:20:35","guid":{"rendered":"https:\/\/www.ircica.org\/publications\/non%20class\u00e9\/the-province-of-algeria-during-the-xth-century-h-xvith-century-ad"},"modified":"2024-02-15T10:32:58","modified_gmt":"2024-02-15T07:32:58","slug":"the-province-of-algeria-during-the-xth-century-h-xvith-century-ad","status":"publish","type":"product","link":"https:\/\/www.ircica.org\/fr\/publications\/histoire-de-la-civilisation-islamique\/asie\/moyen-orient-et-mediterranee\/la-province-dalgerie-au-xe-siecle-hxvie-siecle-apr-j-c","title":{"rendered":"La province d\u2019Alg\u00e9rie au Xe si\u00e8cle H\/XVIe si\u00e8cle apr. J.-C."},"content":{"rendered":"<p>Cet ouvrage publi\u00e9 par l\u2019IRCICA dans sa s\u00e9rie intitul\u00e9e \u00ab L\u2019histoire des pays arabes \u00e0 la lumi\u00e8re des documents d\u2019archives ottomanes \u00bb rend accessible aux chercheurs dont la langue de travail principale est l\u2019arabe, un ensemble de documents historiques s\u00e9lectionn\u00e9s parmi les archives ottomanes d\u2019Istanbul et relatifs \u00e0 l\u2019Alg\u00e9rie. Les documents sont constitu\u00e9s de d\u00e9crets d\u2019\u00c9tat, de r\u00e8glements et de divers rapports refl\u00e9tant la situation et l\u2019\u00e9volution de l\u2019Alg\u00e9rie au XVI<sup>e<\/sup> si\u00e8cle. Ils constituent donc des sources de premi\u00e8re main inestimables sur divers aspects de l\u2019histoire du pays et de ses relations internationales au cours de cette p\u00e9riode. Le livre, pr\u00e9par\u00e9 par le Dr Faz\u0131l Bayat (IRCICA), contient leurs images ainsi que leurs traductions en arabe et des informations sur leurs sujets.<\/p>\n","protected":false},"excerpt":{"rendered":"<p>Pr\u00e9par\u00e9 par Faz\u0131l Bayat<br \/>\nIRCICA, 2019<br \/>\nS\u00e9rie d\u2019histoire des pays musulmans \u00e0 la lumi\u00e8re des documents d\u2019archives ottomanes : 3, vol 8<br \/>\n412 + [2] pp. 29 cm.<\/p>\n","protected":false},"featured_media":22223,"template":"","meta":{"_acf_changed":false,"_mi_skip_tracking":false},"product_cat":[362],"product_tag":[],"class_list":{"0":"post-22242","1":"product","2":"type-product","3":"status-publish","4":"has-post-thumbnail","6":"product_cat-moyen-orient-et-mediterranee","8":"first","9":"instock","10":"shipping-taxable","11":"product-type-simple"},"acf":[],"aioseo_notices":[],"_links":{"self":[{"href":"https:\/\/www.ircica.org\/fr\/wp-json\/wp\/v2\/product\/22242","targetHints":{"allow":["GET"]}}],"collection":[{"href":"https:\/\/www.ircica.org\/fr\/wp-json\/wp\/v2\/product"}],"about":[{"href":"https:\/\/www.ircica.org\/fr\/wp-json\/wp\/v2\/types\/product"}],"wp:featuredmedia":[{"embeddable":true,"href":"https:\/\/www.ircica.org\/fr\/wp-json\/wp\/v2\/media\/22223"}],"wp:attachment":[{"href":"https:\/\/www.ircica.org\/fr\/wp-json\/wp\/v2\/media?parent=22242"}],"wp:term":[{"taxonomy":"product_cat","embeddable":true,"href":"https:\/\/www.ircica.org\/fr\/wp-json\/wp\/v2\/product_cat?post=22242"},{"taxonomy":"product_tag","embeddable":true,"href":"https:\/\/www.ircica.org\/fr\/wp-json\/wp\/v2\/product_tag?post=22242"}],"curies":[{"name":"wp","href":"https:\/\/api.w.org\/{rel}","templated":true}]}}