{"id":22434,"date":"2016-12-13T11:37:01","date_gmt":"2016-12-13T08:37:01","guid":{"rendered":"https:\/\/www.ircica.org\/publications\/non%20class\u00e9\/catalogue-of-winners-plates-in-the-tenth-international-calligraphy-competition-in-the-name-of-hafiz-osman-1052-1110-1642-1698"},"modified":"2024-03-13T14:15:04","modified_gmt":"2024-03-13T11:15:04","slug":"catalogue-of-winners-plates-in-the-tenth-international-calligraphy-competition-in-the-name-of-hafiz-osman-1052-1110-1642-1698","status":"publish","type":"product","link":"https:\/\/www.ircica.org\/fr\/publications\/arts-artisanats\/catalogue-des-oeuvres-calligraphiques-des-laureats-du-dixieme-concours-international-de-calligraphie-au-nom-de-hafiz-osman-1052-1110-ah-1642-1698","title":{"rendered":"Catalogue des oeuvres calligraphiques des laur\u00e9ats du dixi\u00e8me concours international de calligraphie au nom de Hafiz Osman (1052-1110 AH \/ 1642-1698)"},"content":{"rendered":"<p>Le dixi\u00e8me concours de la s\u00e9rie des concours internationaux de calligraphie organis\u00e9s par l\u2019IRCICA tous les trois ans a \u00e9t\u00e9 finalis\u00e9 en mai 2016. Les r\u00e9sultats ont \u00e9t\u00e9 annonc\u00e9s lors d\u2019une conf\u00e9rence de presse \u00e0 Istanbul le 17 mai 2016. Sur 688 participants de 36 pays, 113 participants de 18 pays ont remport\u00e9 des prix. Le concours a \u00e9t\u00e9 organis\u00e9 dans onze principaux styles calligraphiques. En ce qui concerne les oeuvres calligraphiques soumises, \u00e0 savoir 975 oeuvres, 122 ont gagn\u00e9 des prix dans diff\u00e9rentes styles calligraphiques.<\/p>\n<p>Conform\u00e9ment \u00e0 la tradition de l\u2019IRCICA de d\u00e9dier chaque concours \u00e0 un illustre ma\u00eetre de la calligraphie, le dixi\u00e8me concours a eu lieu au nom de Hafiz Osman, qui v\u00e9cut \u00e0 Istanbul en 1642-1698 et qui a grandement contribu\u00e9 au d\u00e9veloppement de cet art, notamment par rapport au perfectionnement des styles calligraphiques.<\/p>\n<p>Le catalogue contenant des reproductions des oeuvres des laur\u00e9ats du concours a \u00e9t\u00e9 publi\u00e9 par l\u2019IRCICA. Le livre est dispos\u00e9 en sections selon les styles calligraphiques. Afin de promouvoir la communication entre les artistes, les noms et les adresses des calligraphes sont fournis en sus des reproductions de leurs oeuvres. Au d\u00e9but du livre, les lecteurs trouveront une biographie du ma\u00eetre Hafiz Osman et un aper\u00e7u de ses contributions \u00e0 cet art.<\/p>\n","protected":false},"excerpt":{"rendered":"<p>IRCICA, Istanbul, 2016<\/p>\n","protected":false},"featured_media":22423,"template":"","meta":{"_acf_changed":false,"_mi_skip_tracking":false},"product_cat":[189],"product_tag":[],"class_list":{"0":"post-22434","1":"product","2":"type-product","3":"status-publish","4":"has-post-thumbnail","6":"product_cat-arts-artisanats","8":"first","9":"instock","10":"shipping-taxable","11":"product-type-simple"},"acf":[],"aioseo_notices":[],"_links":{"self":[{"href":"https:\/\/www.ircica.org\/fr\/wp-json\/wp\/v2\/product\/22434","targetHints":{"allow":["GET"]}}],"collection":[{"href":"https:\/\/www.ircica.org\/fr\/wp-json\/wp\/v2\/product"}],"about":[{"href":"https:\/\/www.ircica.org\/fr\/wp-json\/wp\/v2\/types\/product"}],"wp:featuredmedia":[{"embeddable":true,"href":"https:\/\/www.ircica.org\/fr\/wp-json\/wp\/v2\/media\/22423"}],"wp:attachment":[{"href":"https:\/\/www.ircica.org\/fr\/wp-json\/wp\/v2\/media?parent=22434"}],"wp:term":[{"taxonomy":"product_cat","embeddable":true,"href":"https:\/\/www.ircica.org\/fr\/wp-json\/wp\/v2\/product_cat?post=22434"},{"taxonomy":"product_tag","embeddable":true,"href":"https:\/\/www.ircica.org\/fr\/wp-json\/wp\/v2\/product_tag?post=22434"}],"curies":[{"name":"wp","href":"https:\/\/api.w.org\/{rel}","templated":true}]}}