{"id":22507,"date":"2013-12-20T10:16:42","date_gmt":"2013-12-20T08:16:42","guid":{"rendered":"https:\/\/www.ircica.org\/publications\/non%20class\u00e9\/catalogue-of-winners-plates-in-the-ninth-international-calligraphy-competition-in-the-name-of-ekmeleddin-ihsanoglu"},"modified":"2024-03-20T10:44:10","modified_gmt":"2024-03-20T07:44:10","slug":"catalogue-of-winners-plates-in-the-ninth-international-calligraphy-competition-in-the-name-of-ekmeleddin-ihsanoglu","status":"publish","type":"product","link":"https:\/\/www.ircica.org\/fr\/publications\/arts-artisanats\/catalogue-des-oeuvres-calligraphiques-des-gagnants-au-neuvieme-concours-international-de-calligraphie-au-nom-dekmeleddin-ihsanoglu","title":{"rendered":"Catalogue des \u0152uvres Calligraphiques des Gagnants au Neuvi\u00e8me Concours International de Calligraphie  au Nom d\u2019Ekmeleddin \u0130hsano\u011flu"},"content":{"rendered":"<p>L\u2019IRCICA organise des concours internationaux de calligraphie tous les trois ans et ce depuis 1986. Le neuvi\u00e8me concours international de calligraphie a \u00e9t\u00e9 annonc\u00e9 en 2012 et finalis\u00e9 en 2013. Fid\u00e8le \u00e0 sa tradition de consacrer chaque concours \u00e0 une figure \u00e9minente de cet art, l\u2019IRCICA a organis\u00e9 le neuvi\u00e8me concours au nom du Professeur Ekmeleddin Ihsanoglu, Secr\u00e9taire g\u00e9n\u00e9ral (sortant) de l\u2019Organisation de la Coop\u00e9ration Islamique et m\u00e9c\u00e8ne de l\u2019art de la calligraphie, et ce en signe de reconnaissance des \u00e9normes efforts qu\u2019il a consentis et de son d\u00e9vouement tout au long de d\u00e9cennies \u00e0 ressusciter l\u2019int\u00e9r\u00eat pour l\u2019art de la calligraphie dans le monde et \u00e0 encourager \u00e0 observer ses r\u00e8gles et principes classiques et son enseignement.<\/p>\n<p>Les r\u00e9sultats du neuvi\u00e8me concours ont \u00e9t\u00e9 annonc\u00e9s lors d\u2019une c\u00e9r\u00e9monie tenue \u00e0 l\u2019IRCICA, le 30 avril 2013. 672 calligraphes de 39 pays ont particip\u00e9 au neuvi\u00e8me concours avec un total de 900 \u0153uvres dans les dix styles calligraphiques ; 28 prix, 26 r\u00e9compenses et 23 prix d\u2019encouragement ont \u00e9t\u00e9 distribu\u00e9s aux calligraphes de 23 pays. Ce catalogue comprend les reproductions des \u0153uvres prim\u00e9es dans les diff\u00e9rents styles de calligraphie et des informations sur les calligraphes gagnants.<\/p>\n","protected":false},"excerpt":{"rendered":"<p>pr\u00e9par\u00e9 pour publication par Said Kas\u0131mo\u011flu<br \/>\nIRCICA, IstanbuI, 2013<\/p>\n","protected":false},"featured_media":22476,"template":"","meta":{"_acf_changed":false,"_mi_skip_tracking":false},"product_cat":[189],"product_tag":[],"class_list":{"0":"post-22507","1":"product","2":"type-product","3":"status-publish","4":"has-post-thumbnail","6":"product_cat-arts-artisanats","8":"first","9":"instock","10":"shipping-taxable","11":"product-type-simple"},"acf":[],"aioseo_notices":[],"_links":{"self":[{"href":"https:\/\/www.ircica.org\/fr\/wp-json\/wp\/v2\/product\/22507","targetHints":{"allow":["GET"]}}],"collection":[{"href":"https:\/\/www.ircica.org\/fr\/wp-json\/wp\/v2\/product"}],"about":[{"href":"https:\/\/www.ircica.org\/fr\/wp-json\/wp\/v2\/types\/product"}],"wp:featuredmedia":[{"embeddable":true,"href":"https:\/\/www.ircica.org\/fr\/wp-json\/wp\/v2\/media\/22476"}],"wp:attachment":[{"href":"https:\/\/www.ircica.org\/fr\/wp-json\/wp\/v2\/media?parent=22507"}],"wp:term":[{"taxonomy":"product_cat","embeddable":true,"href":"https:\/\/www.ircica.org\/fr\/wp-json\/wp\/v2\/product_cat?post=22507"},{"taxonomy":"product_tag","embeddable":true,"href":"https:\/\/www.ircica.org\/fr\/wp-json\/wp\/v2\/product_tag?post=22507"}],"curies":[{"name":"wp","href":"https:\/\/api.w.org\/{rel}","templated":true}]}}